{"id":2498,"date":"2021-12-02T10:24:26","date_gmt":"2021-12-02T10:24:26","guid":{"rendered":"https:\/\/www.automotivepr.com\/datenschutz-bestimmungen\/"},"modified":"2024-02-16T06:08:30","modified_gmt":"2024-02-16T06:08:30","slug":"datenschutz-bestimmungen","status":"publish","type":"page","link":"https:\/\/www.automotivepr.com\/de\/datenschutz-bestimmungen\/","title":{"rendered":"Datenschutzrichtlinie"},"content":{"rendered":"<div class=\"wpb-content-wrapper\"><p>[vc_row][vc_column][vc_column_text]<strong>AUTOMOTIVE PR LTD &#8211; DSGVO DATENSCHUTZRICHTLINIE<\/strong><\/p>\n<p><span style=\"color: #000000;\">Die Torque Agency Group ist eine Kommunikationsagentur, die Inhalte \u00fcber Live-Events, soziale und mediale Kan\u00e4le erstellt und vermittelt. Wir sind sowohl in Deutschland als auch weltweit t\u00e4tig. Einzelheiten dazu finden Sie auf unserer Website <a style=\"color: #000000;\" href=\"http:\/\/www.automotivepr.com\">www.automotivepr.com.<\/a><\/span><\/p>\n<p><span style=\"color: #000000;\">Wir sind sowohl in Deutschland als auch weltweit t\u00e4tig. Einzelheiten dazu finden Sie auf unserer Website www.automotivepr.com.<\/span><\/p>\n<p><span style=\"color: #000000;\"><strong> <\/strong><\/span><\/p>\n<ul>\n<li><span style=\"color: #000000;\"><strong>F\u00fcr Medien und andere Stakeholder<\/strong> schneiden wir Inhalte und Veranstaltungen so zu, dass sie relevant sind So k\u00f6nnen wir Inhalte und Erlebnisse f\u00fcr Zielgruppen schaffen, um Kundenunternehmen und ihre Produkte zu unterst\u00fctzen.<\/span><\/li>\n<li><span style=\"color: #000000;\">F\u00fcr Kunden und Lieferanten m\u00fcssen wir sicherstellen, dass Kontaktdaten und relevante Gesch\u00e4ftsinformationen verf\u00fcgbar sind, damit wir umgehend auf Kunden- und Medienanfragen reagieren und den bestm\u00f6glichen Service bieten k\u00f6nnen.<\/span><\/li>\n<\/ul>\n<p><span style=\"color: #000000;\">Unsere Datenschutzpolitik soll es uns erm\u00f6glichen, Medien und Kunden gleicherma\u00dfen den bestm\u00f6glichen Service zu bieten, wobei wir uns zu Folgendem verpflichten:<\/span><\/p>\n<ul>\n<li><span style=\"color: #000000;\">Einhaltung des Gesetzes<\/span><\/li>\n<li><span style=\"color: #000000;\">Respektierung der Rechte des Einzelnen<\/span><\/li>\n<li><span style=\"color: #000000;\">Befolgung bew\u00e4hrter Praktiken<\/span><\/li>\n<li><span style=\"color: #000000;\">Offen und ehrlich sein<\/span><\/li>\n<li><span style=\"color: #000000;\">Schulung und Unterst\u00fctzung der Mitarbeiter, damit sie sicher und konsequent handeln k\u00f6nnen<\/span><\/li>\n<li><span style=\"color: #000000;\">Schutz von Kunden, Mitarbeitern und anderen Personen<\/span><\/li>\n<li><span style=\"color: #000000;\">Schutz des Unternehmens<\/span><\/li>\n<li><span style=\"color: #000000;\">Freiwillige Benachrichtigung des Informationsbeauftragten, wenn dies erforderlich ist<\/span><\/li>\n<\/ul>\n<p><span style=\"color: #000000;\">Als Unternehmen verarbeiten wir sowohl personenbezogene als auch sensible Daten. Wir verpflichten uns, daf\u00fcr zu sorgen, dass pers\u00f6nliche, private Daten sicher und gesch\u00fctzt bleiben. Wir verkaufen niemals pers\u00f6nliche Daten an Dritte und geben Kontaktinformationen nur weiter, wenn die betreffende Person aus legitimen gesch\u00e4ftlichen Gr\u00fcnden zustimmt. Wir erheben nur die Daten, die wir ben\u00f6tigen, um einen z\u00fcgigen und umfassenden Kundenservice zu bieten, unser Angebot zu verbessern und unsere Verantwortung gegen\u00fcber denjenigen zu erf\u00fcllen, mit denen wir Gesch\u00e4fte machen.<\/span><\/p>\n<p><span style=\"color: #000000;\">Unsere Medienkontaktdatenbank wird von einem Drittanbieter, Vuelio, betrieben. Weitere Informationen finden Sie hier:<a style=\"color: #000000;\" href=\"http:\/\/www.vuelio.com\/uk\/\">http:\/\/www.vuelio.com\/uk\/<\/a><\/span><\/p>\n<p><span style=\"color: #000000;\">Personenbezogene Daten von G\u00e4sten, die an von uns organisierten und verwalteten Gesch\u00e4ftsveranstaltungen teilnehmen, werden uns auf einer Opt-in-Basis zur Verf\u00fcgung gestellt und speziell f\u00fcr die Durchf\u00fchrung von Reise- und anderen Arrangements gespeichert. Sie werden f\u00fcr keinen anderen Zweck oder Zeitraum \u00fcber die betreffende Veranstaltung hinaus gespeichert.<\/span><\/p>\n<p><span style=\"color: #000000;\">Informationen \u00fcber Kunden, Lieferanten und Mitarbeiter werden uns von den Personen und Unternehmen, mit denen wir zusammenarbeiten, auf freiwilliger Basis zur Verf\u00fcgung gestellt.<\/span><\/p>\n<p><span style=\"color: #000000;\">Unsere Daten werden so lange aufbewahrt, wie es f\u00fcr die erfolgreiche Durchf\u00fchrung von Aktivit\u00e4ten in Ihrem Namen erforderlich ist oder wie von der HMRC und anderen anerkannten Stellen empfohlen. Wir ber\u00fccksichtigen stets das potenzielle Risiko einer unerlaubten Nutzung oder Weitergabe dieser Informationen und speichern sie entsprechend.<\/span><\/p>\n<p><span style=\"color: #000000;\">Um mehr \u00fcber unsere Datenspeicherung und Aufbewahrungsfristen zu erfahren oder um Zugang zu Ihren Daten zu erhalten, wenden Sie sich bitte an <a style=\"color: #000000;\" href=\"mailto:info@automotivepr.com\">info@automotivepr.com.<\/a> <\/span><\/p>\n<p><span style=\"color: #000000;\"><strong> <\/strong><\/span><\/p>\n<p><span style=\"color: #000000;\"><strong> <\/strong><\/span><\/p>\n<p><span style=\"color: #000000;\"><strong> <\/strong><\/span>[\/vc_column_text][\/vc_column][\/vc_row]<\/p>\n<\/div>","protected":false},"excerpt":{"rendered":"<p>[vc_row][vc_column][vc_column_text]AUTOMOTIVE PR LTD &#8211; DSGVO DATENSCHUTZRICHTLINIE Die Torque Agency Group ist eine Kommunikationsagentur, die Inhalte \u00fcber Live-Events, soziale und mediale [&hellip;]<\/p>\n","protected":false},"author":4,"featured_media":0,"parent":0,"menu_order":0,"comment_status":"closed","ping_status":"closed","template":"","meta":{"footnotes":""},"class_list":["post-2498","page","type-page","status-publish","hentry"],"yoast_head":"<!-- This site is optimized with the Yoast SEO plugin v26.9 - https:\/\/yoast.com\/product\/yoast-seo-wordpress\/ -->\n<title>Datenschutzrichtlinie | Automotive Pr<\/title>\n<meta name=\"description\" content=\"Datenschutzrichtlinie\" \/>\n<meta name=\"robots\" content=\"noindex, nofollow\" \/>\n<meta property=\"og:locale\" content=\"de_DE\" \/>\n<meta property=\"og:type\" content=\"article\" \/>\n<meta property=\"og:title\" content=\"Datenschutzrichtlinie | Automotive Pr\" \/>\n<meta property=\"og:description\" content=\"Datenschutzrichtlinie\" \/>\n<meta property=\"og:url\" content=\"https:\/\/www.automotivepr.com\/de\/datenschutz-bestimmungen\/\" \/>\n<meta property=\"og:site_name\" content=\"Automotive Pr\" \/>\n<meta property=\"article:modified_time\" content=\"2024-02-16T06:08:30+00:00\" \/>\n<meta property=\"og:image\" content=\"https:\/\/www.automotivepr.com\/wp-content\/uploads\/2024\/02\/prueba.png\" \/>\n\t<meta property=\"og:image:width\" content=\"415\" \/>\n\t<meta property=\"og:image:height\" content=\"100\" \/>\n\t<meta property=\"og:image:type\" content=\"image\/png\" \/>\n<meta name=\"twitter:card\" content=\"summary_large_image\" \/>\n<meta name=\"twitter:label1\" content=\"Gesch\u00e4tzte Lesezeit\" \/>\n\t<meta name=\"twitter:data1\" content=\"2\u00a0Minuten\" \/>\n<script type=\"application\/ld+json\" class=\"yoast-schema-graph\">{\"@context\":\"https:\/\/schema.org\",\"@graph\":[{\"@type\":\"WebPage\",\"@id\":\"https:\/\/www.automotivepr.com\/de\/datenschutz-bestimmungen\/\",\"url\":\"https:\/\/www.automotivepr.com\/de\/datenschutz-bestimmungen\/\",\"name\":\"Datenschutzrichtlinie | Automotive Pr\",\"isPartOf\":{\"@id\":\"https:\/\/www.automotivepr.com\/#website\"},\"datePublished\":\"2021-12-02T10:24:26+00:00\",\"dateModified\":\"2024-02-16T06:08:30+00:00\",\"description\":\"Datenschutzrichtlinie\",\"breadcrumb\":{\"@id\":\"https:\/\/www.automotivepr.com\/de\/datenschutz-bestimmungen\/#breadcrumb\"},\"inLanguage\":\"de\",\"potentialAction\":[{\"@type\":\"ReadAction\",\"target\":[\"https:\/\/www.automotivepr.com\/de\/datenschutz-bestimmungen\/\"]}]},{\"@type\":\"BreadcrumbList\",\"@id\":\"https:\/\/www.automotivepr.com\/de\/datenschutz-bestimmungen\/#breadcrumb\",\"itemListElement\":[{\"@type\":\"ListItem\",\"position\":1,\"name\":\"Portada\",\"item\":\"https:\/\/www.automotivepr.com\/de\/\"},{\"@type\":\"ListItem\",\"position\":2,\"name\":\"Datenschutzrichtlinie\"}]},{\"@type\":\"WebSite\",\"@id\":\"https:\/\/www.automotivepr.com\/#website\",\"url\":\"https:\/\/www.automotivepr.com\/\",\"name\":\"Automotive Pr\",\"description\":\"Driving Global Communications | Automotive PR is a global partnership of specialist communications agencies serving clients in every major automotive market.\",\"publisher\":{\"@id\":\"https:\/\/www.automotivepr.com\/#organization\"},\"alternateName\":\"Automotive Pr Driving Global Communications\",\"potentialAction\":[{\"@type\":\"SearchAction\",\"target\":{\"@type\":\"EntryPoint\",\"urlTemplate\":\"https:\/\/www.automotivepr.com\/?s={search_term_string}\"},\"query-input\":{\"@type\":\"PropertyValueSpecification\",\"valueRequired\":true,\"valueName\":\"search_term_string\"}}],\"inLanguage\":\"de\"},{\"@type\":\"Organization\",\"@id\":\"https:\/\/www.automotivepr.com\/#organization\",\"name\":\"Automotive Pr\",\"alternateName\":\"Automotive Pr Driving Global Communications\",\"url\":\"https:\/\/www.automotivepr.com\/\",\"logo\":{\"@type\":\"ImageObject\",\"inLanguage\":\"de\",\"@id\":\"https:\/\/www.automotivepr.com\/#\/schema\/logo\/image\/\",\"url\":\"https:\/\/www.automotivepr.com\/wp-content\/uploads\/2024\/02\/prueba.png\",\"contentUrl\":\"https:\/\/www.automotivepr.com\/wp-content\/uploads\/2024\/02\/prueba.png\",\"width\":415,\"height\":100,\"caption\":\"Automotive Pr\"},\"image\":{\"@id\":\"https:\/\/www.automotivepr.com\/#\/schema\/logo\/image\/\"}}]}<\/script>\n<!-- \/ Yoast SEO plugin. -->","yoast_head_json":{"title":"Datenschutzrichtlinie | Automotive Pr","description":"Datenschutzrichtlinie","robots":{"index":"noindex","follow":"nofollow"},"og_locale":"de_DE","og_type":"article","og_title":"Datenschutzrichtlinie | Automotive Pr","og_description":"Datenschutzrichtlinie","og_url":"https:\/\/www.automotivepr.com\/de\/datenschutz-bestimmungen\/","og_site_name":"Automotive Pr","article_modified_time":"2024-02-16T06:08:30+00:00","og_image":[{"width":415,"height":100,"url":"https:\/\/www.automotivepr.com\/wp-content\/uploads\/2024\/02\/prueba.png","type":"image\/png"}],"twitter_card":"summary_large_image","twitter_misc":{"Gesch\u00e4tzte Lesezeit":"2\u00a0Minuten"},"schema":{"@context":"https:\/\/schema.org","@graph":[{"@type":"WebPage","@id":"https:\/\/www.automotivepr.com\/de\/datenschutz-bestimmungen\/","url":"https:\/\/www.automotivepr.com\/de\/datenschutz-bestimmungen\/","name":"Datenschutzrichtlinie | Automotive Pr","isPartOf":{"@id":"https:\/\/www.automotivepr.com\/#website"},"datePublished":"2021-12-02T10:24:26+00:00","dateModified":"2024-02-16T06:08:30+00:00","description":"Datenschutzrichtlinie","breadcrumb":{"@id":"https:\/\/www.automotivepr.com\/de\/datenschutz-bestimmungen\/#breadcrumb"},"inLanguage":"de","potentialAction":[{"@type":"ReadAction","target":["https:\/\/www.automotivepr.com\/de\/datenschutz-bestimmungen\/"]}]},{"@type":"BreadcrumbList","@id":"https:\/\/www.automotivepr.com\/de\/datenschutz-bestimmungen\/#breadcrumb","itemListElement":[{"@type":"ListItem","position":1,"name":"Portada","item":"https:\/\/www.automotivepr.com\/de\/"},{"@type":"ListItem","position":2,"name":"Datenschutzrichtlinie"}]},{"@type":"WebSite","@id":"https:\/\/www.automotivepr.com\/#website","url":"https:\/\/www.automotivepr.com\/","name":"Automotive Pr","description":"Driving Global Communications | Automotive PR is a global partnership of specialist communications agencies serving clients in every major automotive market.","publisher":{"@id":"https:\/\/www.automotivepr.com\/#organization"},"alternateName":"Automotive Pr Driving Global Communications","potentialAction":[{"@type":"SearchAction","target":{"@type":"EntryPoint","urlTemplate":"https:\/\/www.automotivepr.com\/?s={search_term_string}"},"query-input":{"@type":"PropertyValueSpecification","valueRequired":true,"valueName":"search_term_string"}}],"inLanguage":"de"},{"@type":"Organization","@id":"https:\/\/www.automotivepr.com\/#organization","name":"Automotive Pr","alternateName":"Automotive Pr Driving Global Communications","url":"https:\/\/www.automotivepr.com\/","logo":{"@type":"ImageObject","inLanguage":"de","@id":"https:\/\/www.automotivepr.com\/#\/schema\/logo\/image\/","url":"https:\/\/www.automotivepr.com\/wp-content\/uploads\/2024\/02\/prueba.png","contentUrl":"https:\/\/www.automotivepr.com\/wp-content\/uploads\/2024\/02\/prueba.png","width":415,"height":100,"caption":"Automotive Pr"},"image":{"@id":"https:\/\/www.automotivepr.com\/#\/schema\/logo\/image\/"}}]}},"_links":{"self":[{"href":"https:\/\/www.automotivepr.com\/de\/wp-json\/wp\/v2\/pages\/2498","targetHints":{"allow":["GET"]}}],"collection":[{"href":"https:\/\/www.automotivepr.com\/de\/wp-json\/wp\/v2\/pages"}],"about":[{"href":"https:\/\/www.automotivepr.com\/de\/wp-json\/wp\/v2\/types\/page"}],"author":[{"embeddable":true,"href":"https:\/\/www.automotivepr.com\/de\/wp-json\/wp\/v2\/users\/4"}],"replies":[{"embeddable":true,"href":"https:\/\/www.automotivepr.com\/de\/wp-json\/wp\/v2\/comments?post=2498"}],"version-history":[{"count":0,"href":"https:\/\/www.automotivepr.com\/de\/wp-json\/wp\/v2\/pages\/2498\/revisions"}],"wp:attachment":[{"href":"https:\/\/www.automotivepr.com\/de\/wp-json\/wp\/v2\/media?parent=2498"}],"curies":[{"name":"wp","href":"https:\/\/api.w.org\/{rel}","templated":true}]}}