{"id":5593,"date":"2026-01-14T09:55:13","date_gmt":"2026-01-14T09:55:13","guid":{"rendered":"https:\/\/www.automotivepr.com\/cynthia-fernandez-2\/"},"modified":"2026-01-14T09:55:14","modified_gmt":"2026-01-14T09:55:14","slug":"cynthia-fernandez-2","status":"publish","type":"page","link":"https:\/\/www.automotivepr.com\/de\/cynthia-fernandez-2\/","title":{"rendered":"Cynthia Fern\u00e1ndez"},"content":{"rendered":"<div class=\"wpb-content-wrapper\"><p>[vc_row][vc_column width=&#8220;1\/3&#8243;][vc_empty_space][vc_column_text css=&#8220;&#8220;]<\/p>\n<h5><span style=\"color: #000080;\">Nome: <strong>Cynthia Fern\u00e1ndez<\/strong><\/span><\/h5>\n<h5><span style=\"color: #000080;\">Position in Unternehmen: <strong>Direktor<\/strong><\/span><\/h5>\n<h5><span style=\"color: #000080;\">Hauptsitz: <strong>Madrid, Spain<\/strong><\/span><\/h5>\n<p>[\/vc_column_text][vc_empty_space][vc_single_image image=&#8220;5340&#8243; img_size=&#8220;full&#8220; alignment=&#8220;center&#8220; css=&#8220;&#8220;][\/vc_column][vc_column width=&#8220;2\/3&#8243;][vc_empty_space][vc_tta_accordion title_tag=&#8220;h3&#8243; section_title_tag=&#8220;h5&#8243; active_section=&#8220;1&#8243;][vc_tta_section title=&#8220;Wie sind Sie zur Automotive-Kommunikation gekommen?&#8220; tab_id=&#8220;1761146944545-3e09d2f7-056b&#8220;][vc_column_text css=&#8220;&#8220;]Schon in sehr jungen Jahren hatte ich engen Kontakt zur Automobilwelt. Mein Vater und meine Tante haben beide f\u00fcr Valeo gearbeitet \u2013 er als Produktmanager und sie als Leiterin der Kommunikation. Daher war es v\u00f6llig logisch, dass sich die Gespr\u00e4che zu Hause um Bremsen, Scheinwerfer, Fertigungsprozesse oder Gesch\u00e4ftsreisen drehten. Vor allem aber ging es um die Menschen, die die Branche damals lebendig machten. Ich bin mit den Namen von F\u00fchrungskr\u00e4ften und Aftermarket-Experten aufgewachsen, die ich Jahre sp\u00e4ter zum Teil pers\u00f6nlich kennenlernen durfte. F\u00fcr mich waren es Personen, die sich beinahe vertraut anf\u00fchlten, lange bevor ich selbst in diesem Bereich t\u00e4tig wurde    <\/p>\n<p>Dieses Umfeld hat meine Neugier geweckt, sowohl f\u00fcr die Automobilindustrie als auch daf\u00fcr, wie Geschichten, Beziehungen und das \u00f6ffentliche Bild eines so technischen \u2013 und gleichzeitig zutiefst menschlichen \u2013 Sektors entstehen. Als sich die Gelegenheit bot, meine berufliche Laufbahn in Richtung Autotive-Kommunikation zu lenken, f\u00fchlte sich dieser Schritt v\u00f6llig nat\u00fcrlich an.[\/vc_column_text][\/vc_tta_section][vc_tta_section title=&#8220;Wie sieht ein typischer Tag f\u00fcr Sie aus?&#8220; tab_id=&#8220;1761146944555-801dcbcd-c220&#8243;][vc_column_text css=&#8220;&#8220;]In der Kommunikation gibt es keinen \u201etypischen Tag\u201c. Die Projekte sind extrem vielf\u00e4ltig, die Plattformen haben sich vervielfacht und das Tempo ist drastisch gestiegen. Hinzu kommt die Erwartung nach sofortiger Verf\u00fcgbarkeit: Zielgruppen von heute m\u00f6chten klare, gepr\u00fcfte und ansprechende Informationen quasi in Echtzeit erhalten.<br \/>So kann sich mein Tag innerhalb weniger Sekunden komplett \u00e4ndern: Breaking News, die bewertet, \u00fcbersetzt und ohne Verz\u00f6gerung verbreitet werden m\u00fcssen; eine negative Reaktion in den sozialen Medien, die eine besonnene Antwort erfordert; eine unerwartete Krise, die eine vollst\u00e4ndige Neusortierung der Priorit\u00e4ten n\u00f6tig macht. Das sind typische Situationen, die allen den Puls hochtreiben k\u00f6nnen.    <\/p>\n<p>Zum Gl\u00fcck ist nicht alles dringend. Es gibt auch ruhigere Momente, in denen ich innehalten, nachdenken, kreativ werden und tiefgreifendere Strategien entwickeln kann. Auch wenn wir in einer Zeit von \u201eHigh-Speed-Information\u201c arbeiten, besteht die eigentliche Herausforderung darin, Qualit\u00e4t, Konsistenz und langfristige Perspektive zu bewahren. Diese Mischung aus Dynamik und Reflexion ist f\u00fcr mich einer der spannendsten Aspekte dieses Berufs.[\/vc_column_text][\/vc_tta_section][vc_tta_section title=&#8220;Welches Werkzeug, welche Ressource oder welche Person ist f\u00fcr Sie unverzichtbar, um Ihre Arbeit zu erledigen?&#8220; tab_id=&#8220;1761147147022-7047ccf9-9450&#8243;][vc_column_text css=&#8220;&#8220;]Ohne jeden Zweifel k\u00f6nnte ich meine Arbeit nicht ohne mein Team machen \u2013 und ganz besonders nicht ohne meinen Partner bei FA Comunicaci\u00f3n \u2013 APR Spain und zugleich meinen Ehemann, Alejandro Galindo. Es ist immer wieder am\u00fcsant zu sehen, wie \u00e4hnlich die Reaktionen der Menschen sind, wenn wir erw\u00e4hnen, dass wir zusammenarbeiten: Fast alle sagen, sie \u201ek\u00f6nnten das niemals\u201c. F\u00fcr uns hingegen war es eine der besten Entscheidungen unseres beruflichen wie privaten Lebens. Wir haben das Gl\u00fcck, uns auf nat\u00fcrliche Weise zu erg\u00e4nzen: Wo der eine gl\u00e4nzt, verst\u00e4rkt der andere, und diese Kombination erm\u00f6glicht Ergebnisse, die wir allein nur viel schwerer erreichen w\u00fcrden.   <\/p>\n<p>An unserer Seite steht ein au\u00dfergew\u00f6hnliches Team mit unterschiedlichen Profilen, das mit Perspektiven, Ideen und F\u00e4higkeiten jedes Projekt bereichert. Die Agentur ist letztlich die Summe von all dem: ihrem Talent, ihrem Urteilsverm\u00f6gen, ihrem Engagement und dem Vertrauen, das wir \u00fcber die Jahre aufgebaut haben.<br \/>Diese kollaborative Philosophie war bereits Ursprung von Automotive PR. Obwohl das Internet den Zugang zu Informationen aus anderen M\u00e4rkten bereits erm\u00f6glichte, haben wir erkannt, was f\u00fcr Kundinnen und Kunden entscheident ist, die jenseits der eignen Landesgrenzen kommunizieren wollen: dass sie auf die lokale Expertise in jedem Land z\u00e4hlen k\u00f6nnen. So entstand die Idee, das Beste von uns vor Ort zu b\u00fcndeln, kombiniert mit tiefem Marktverst\u00e4ndnis und einem Netzwerk von Spezialistinnen und Spezialisten, die Kontext, kulturelle Einordnung und direkte Erfahrung aus jedem Markt einbringen.    <\/p>\n<p>Nat\u00fcrlich w\u00e4re unsere Arbeit auch ohne die Tools von heute undenkbar. K\u00fcnstliche Intelligenz \u2013 gleicherma\u00dfen bewundert wie kritisch be\u00e4ugt \u2013 ist zu einer wichtigen Komponente geworden. Sie erm\u00f6glicht es uns, zu analysieren, zu explorieren und innovative L\u00f6sungen f\u00fcr unsere Kundinnen und Kunden zu entwickeln und Horizonte zu erweitern, die fr\u00fcher unerreichbar schienen.<br \/>Dennoch bleibe ich dabei: Nichts ersetzt den menschlichen Faktor. Gute Entscheidungen entstehen nicht allein durch Geschwindigkeit oder Technologie, sondern durch Momente der Reflexion, durch professionelles Urteilsverm\u00f6gen und durch die Sensibilit\u00e4t eines eingespielten, sich erg\u00e4nzenden Teams. Genau dort entsteht der wahre Wert unserer Arbeit[\/vc_column_text][\/vc_tta_section][vc_tta_section title=&#8220;Wie w\u00fcrden Sie Ihre lokale Medienlandschaft beschreiben (z. B. vielf\u00e4ltig, von wenigen wichtigen Medien dominiert, stark digitalisiert)?&#8220; tab_id=&#8220;1761147199491-11d7c0c0-5d50&#8243;][vc_column_text css=&#8220;&#8220;]Heute ist die lokale Medienlandschaft vielf\u00e4ltiger denn je \u2013 und zugleich st\u00e4rker fragmentiert. Traditionsreiche Medienh\u00e4user mit jahrzehntelanger Pr\u00e4senz existieren Seite an Seite mit \u00e4u\u00dferst agilen Digitalprojekten, die sich erfolgreich auf neue Zielgruppen eingestellt haben. Auch wenn einige gro\u00dfe Gruppen weiterhin erheblichen Einfluss behalten, hat das Gewicht digitaler Plattformen und spezialisierter Fachmedien enorm zugenommen. Dadurch entsteht ein dynamisches, wettbewerbsintensives und h\u00e4ufig sehr unmittelbares \u00d6kosystem, in dem letztlich die F\u00e4higkeit z\u00e4hlt, verl\u00e4ssliche und hochwertige Informationen zu liefern.   <\/p>\n<p>In der Automobilwelt \u2013 insbesondere im Aftermarket \u2013 ist diese Vielfalt noch deutlicher sichtbar. Fachmedien, die schon immer eine wichtige Rolle gespielt haben, bleiben f\u00fcr Branchenprofis ein zentraler Orientierungspunkt, dank ihrer technischen Analysen, ihrer Trendberichterstattung und ihrer hochspezialisierten Inhalte. Gleichzeitig hat die Digitalisierung neue Kan\u00e4le ge\u00f6ffnet, \u00fcber die Informationen direkt und kontinuierlich an Werkst\u00e4tten, H\u00e4ndler, Distributoren und Hersteller gelangen. Sogar Influencer sind entstanden, die gro\u00dfe Communities rund um hochspezifische Themen wie den Alltag einer Kfz-Werkstatt aufgebaut haben. Ein Zeichen daf\u00fcr, wie stark sich die Kommunikation der Branche diversifiziert hat und wie offen sie mittlerweile f\u00fcr neue Formate und Erz\u00e4hlweisen ist.[\/vc_column_text][\/vc_tta_section][vc_tta_section title=&#8220;Was ist eine bew\u00e4hrte Methode oder ein erfolgreicher Prozess, den Sie vor Ort anwenden und von dem Ihrer Meinung nach jeder profitieren k\u00f6nnte?&#8220; tab_id=&#8220;1761147246015-dbc1a1f8-216b&#8220;][vc_column_text css=&#8220;&#8220;]Eine Praxis, die ich konsequent anwende \u2013 und von der meiner Meinung nach jede Kommunikationsfachkraft profitieren kann \u2013 ist eine sehr enge Beziehung nicht nur zu den Medien, sondern zu allen Akteuren der Branche zu pflegen. Das Automotive-\u00d6kosystem, insbesondere der Aftermarket, ist extrem stark vernetzt: Hersteller, Distributoren, Werkst\u00e4tten, Verb\u00e4nde, Technologieanbieter, Start-ups \u2026 Man wei\u00df nie, welche Kooperationen, Zusammenschl\u00fcsse oder Projekte morgen entstehen k\u00f6nnen. Deshalb ist es entscheidend, ein belastbares, ehrliches und gut gepflegtes Netzwerk aufzubauen. <\/p>\n<p>\u00d6ffentlichkeitsarbeit im weitesten Sinne bleibt ein zentrales Werkzeug in einem Sektor, der \u2013 trotz seiner technischen Ausrichtung \u2013 in hohem Ma\u00dfe von Vertrauen und pers\u00f6nlichen Beziehungen gepr\u00e4gt ist.[\/vc_column_text][\/vc_tta_section][vc_tta_section title=&#8220;What advice would you give to anyone starting a career in automotive communications?&#8220; tab_id=&#8220;1761147348051-e06ef497-cc7c&#8220;][vc_column_text css=&#8220;&#8220;]Mein erster Rat ist, von Anfang an ein starkes Netzwerk aufzubauen. In dieser Branche sind Beziehungen genauso wichtig wie Inhalte. Denn manchmal \u00f6ffnet eine unerwartete Verbindung sp\u00e4ter T\u00fcren. <\/p>\n<p>Der zweite Rat ist zuh\u00f6ren: den Medien, um zu verstehen, was sie brauchen; den Kundinnen und Kunden, um ihre Herausforderungen fr\u00fchzeitig zu erkennen; und dem Markt, um Trends zu identifizieren. Die F\u00e4higkeit zu beobachten und sich anzupassen ist in einem so schnelllebigen Umfeld absolut zentral. <\/p>\n<p>Und zu guter Letzt: neugierig bleiben. Neue Tools ausprobieren, digitale Formate erkunden und aufmerksam verfolgen, wie sich die Branche entwickelt. Dieser Ratschlag gilt unabh\u00e4ngig davon, wo man arbeitet oder welche Rolle man innehat, denn Neugier ist eine der Eigenschaften, die berufliches Wachstum in jedem Bereich antreibt.[\/vc_column_text][\/vc_tta_section][vc_tta_section title=&#8220;Was ist das Geheimnis Ihres pers\u00f6nlichen bzw. unternehmerischen Erfolgs?&#8220; tab_id=&#8220;1761147392426-b32424b4-063a&#8220;][vc_column_text css=&#8220;&#8220;]Anstatt \u00fcber meinen pers\u00f6nlichen Erfolg zu sprechen, gebe ich die Anerkennung lieber an die Agentur weiter. Und ich glaube, ein Teil dieses Weges begann sogar noch bevor ich selbst dort eingestiegen bin. Meine Karriere an der Seite meiner Tante zu starten \u2013 der Gr\u00fcnderin der Agentur und einer in Spaniens Automotive-Aftermarket-Kommunikation hoch angesehenen Fachfrau \u2013 war ein echtes Privileg. Ich wei\u00df sehr genau, wie viel ich von ihr gelernt habe, und bin ihr daf\u00fcr zutiefst dankbar.   <\/p>\n<p>Was den Erfolg der Agentur betrifft, waren Best\u00e4ndigkeit, Kundenn\u00e4he und die F\u00e4higkeit, sich an einen st\u00e4ndig im Wandel befindlichen Sektor anzupassen, entscheidend. Aus meiner Sicht haben vor allem das gegenseitige Vertrauen im Team und der hohe Stellenwert, den wir menschlichen Beziehungen einr\u00e4umen, all das erst m\u00f6glich gemacht.[\/vc_column_text][\/vc_tta_section][vc_tta_section title=&#8220;Welche Nachrichtenseiten oder Influencer verfolgen Sie, um auf dem neusten Stand zu bleiben?&#8220; tab_id=&#8220;1761147438842-c4a9604f-463d&#8220;][vc_column_text css=&#8220;&#8220;]Das zeigt sich besonders deutlich in der Kommunikation und im Automobilsektor. Hier haben pers\u00f6nliche Beziehungen weiterhin ein enormes Gewicht: Fachmessen, Konferenzen, Werkstattbesuche oder Treffen mit Herstellern gelten als zentrale Momente. Nicht nur, um Informationen auszutauschen, sondern auch, um Bindungen zu st\u00e4rken. Auch wenn wir mit modernen digitalen Werkzeugen arbeiten und in einem zunehmend globalisierten Umfeld leben, bleibt f\u00fcr viele das pers\u00f6nliche Gespr\u00e4ch ein grundlegender Bestandteil unserer Arbeits- und Netzwerkkultur.<br \/>Vielleicht ist genau dieses Gleichgewicht zwischen Modernit\u00e4t und W\u00e4rme eine der pr\u00e4gendsten \u2013 und wertvollsten \u2013 Eigenschaften unserer Arbeitsweise.[\/vc_column_text][\/vc_tta_section][vc_tta_section title=&#8220;Gibt es einen interessanten Fun Fact \u00fcber Ihre Stadt oder Ihr Land, die Au\u00dfenstehende nicht kennen?&#8220; tab_id=&#8220;1761147482690-e55a02cc-bb61&#8243;][vc_column_text css=&#8220;&#8220;]Wir alle kennen den Satz \u201eSpanien ist anders\u201c, aber in Wahrheit ist jedes Land auf seine eigene Weise anders. Etwas, das Besucher h\u00e4ufig \u00fcberrascht, ist, dass wir ein hoch technologisches Land sind \u2013 mit einer Spitzenindustrie, einem sehr fortschrittlichen Automobilsektor und enormer Innovationskraft \u2013 und gleichzeitig in unseren zwischenmenschlichen Beziehungen tief menschlich bleiben. Trotz der Bequemlichkeit virtueller Meetings brauchen wir weiterhin pers\u00f6nlichen Kontakt, physische Begegnungen und R\u00e4ume, in denen Vertrauen entsteht.  <\/p>\n<p>Das zeigt sich besonders deutlich in der Kommunikation und im Automobilsektor. Hier haben pers\u00f6nliche Beziehungen weiterhin ein enormes Gewicht: Fachmessen, Konferenzen, Werkstattbesuche oder Treffen mit Herstellern gelten als zentrale Momente. Nicht nur, um Informationen auszutauschen, sondern auch, um Bindungen zu st\u00e4rken. Auch wenn wir mit modernen digitalen Werkzeugen arbeiten und in einem zunehmend globalisierten Umfeld leben, bleibt f\u00fcr viele das pers\u00f6nliche Gespr\u00e4ch ein grundlegender Bestandteil unserer Arbeits- und Netzwerkkultur.<br \/>Vielleicht ist genau dieses Gleichgewicht zwischen Modernit\u00e4t und W\u00e4rme eine der pr\u00e4gendsten \u2013 und wertvollsten \u2013 Eigenschaften unserer Arbeitsweise.[\/vc_column_text][\/vc_tta_section][\/vc_tta_accordion][\/vc_column][\/vc_row]<\/p>\n<\/div>","protected":false},"excerpt":{"rendered":"<p>[vc_row][vc_column width=&#8220;1\/3&#8243;][vc_empty_space][vc_column_text css=&#8220;&#8220;] Nome: Cynthia Fern\u00e1ndez Position in Unternehmen: Direktor Hauptsitz: Madrid, Spain [\/vc_column_text][vc_empty_space][vc_single_image image=&#8220;5340&#8243; img_size=&#8220;full&#8220; alignment=&#8220;center&#8220; css=&#8220;&#8220;][\/vc_column][vc_column width=&#8220;2\/3&#8243;][vc_empty_space][vc_tta_accordion title_tag=&#8220;h3&#8243; [&hellip;]<\/p>\n","protected":false},"author":2,"featured_media":5340,"parent":0,"menu_order":0,"comment_status":"closed","ping_status":"closed","template":"","meta":{"footnotes":""},"class_list":["post-5593","page","type-page","status-publish","has-post-thumbnail","hentry"],"yoast_head":"<!-- This site is optimized with the Yoast SEO plugin v26.9 - https:\/\/yoast.com\/product\/yoast-seo-wordpress\/ -->\n<title>Cynthia Fern\u00e1ndez | Automotive Pr<\/title>\n<meta name=\"description\" content=\"Cynthia Fern\u00e1ndez\" \/>\n<meta name=\"robots\" content=\"index, follow, max-snippet:-1, max-image-preview:large, max-video-preview:-1\" \/>\n<link rel=\"canonical\" href=\"https:\/\/www.automotivepr.com\/de\/cynthia-fernandez-2\/\" \/>\n<meta property=\"og:locale\" content=\"de_DE\" \/>\n<meta property=\"og:type\" content=\"article\" \/>\n<meta property=\"og:title\" content=\"Cynthia Fern\u00e1ndez | Automotive Pr\" \/>\n<meta property=\"og:description\" content=\"Cynthia Fern\u00e1ndez\" \/>\n<meta property=\"og:url\" content=\"https:\/\/www.automotivepr.com\/de\/cynthia-fernandez-2\/\" \/>\n<meta property=\"og:site_name\" content=\"Automotive Pr\" \/>\n<meta property=\"article:modified_time\" content=\"2026-01-14T09:55:14+00:00\" \/>\n<meta property=\"og:image\" content=\"https:\/\/www.automotivepr.com\/wp-content\/uploads\/2025\/11\/Entrevista-Cynthia-Fernandez-scaled.jpg\" \/>\n\t<meta property=\"og:image:width\" content=\"1702\" \/>\n\t<meta property=\"og:image:height\" content=\"2560\" \/>\n\t<meta property=\"og:image:type\" content=\"image\/jpeg\" \/>\n<meta name=\"twitter:card\" content=\"summary_large_image\" \/>\n<meta name=\"twitter:label1\" content=\"Gesch\u00e4tzte Lesezeit\" \/>\n\t<meta name=\"twitter:data1\" content=\"9\u00a0Minuten\" \/>\n<script type=\"application\/ld+json\" class=\"yoast-schema-graph\">{\"@context\":\"https:\/\/schema.org\",\"@graph\":[{\"@type\":\"WebPage\",\"@id\":\"https:\/\/www.automotivepr.com\/de\/cynthia-fernandez-2\/\",\"url\":\"https:\/\/www.automotivepr.com\/de\/cynthia-fernandez-2\/\",\"name\":\"Cynthia Fern\u00e1ndez | Automotive Pr\",\"isPartOf\":{\"@id\":\"https:\/\/www.automotivepr.com\/#website\"},\"primaryImageOfPage\":{\"@id\":\"https:\/\/www.automotivepr.com\/de\/cynthia-fernandez-2\/#primaryimage\"},\"image\":{\"@id\":\"https:\/\/www.automotivepr.com\/de\/cynthia-fernandez-2\/#primaryimage\"},\"thumbnailUrl\":\"https:\/\/www.automotivepr.com\/wp-content\/uploads\/2025\/11\/Entrevista-Cynthia-Fernandez-scaled.jpg\",\"datePublished\":\"2026-01-14T09:55:13+00:00\",\"dateModified\":\"2026-01-14T09:55:14+00:00\",\"description\":\"Cynthia Fern\u00e1ndez\",\"breadcrumb\":{\"@id\":\"https:\/\/www.automotivepr.com\/de\/cynthia-fernandez-2\/#breadcrumb\"},\"inLanguage\":\"de\",\"potentialAction\":[{\"@type\":\"ReadAction\",\"target\":[\"https:\/\/www.automotivepr.com\/de\/cynthia-fernandez-2\/\"]}]},{\"@type\":\"ImageObject\",\"inLanguage\":\"de\",\"@id\":\"https:\/\/www.automotivepr.com\/de\/cynthia-fernandez-2\/#primaryimage\",\"url\":\"https:\/\/www.automotivepr.com\/wp-content\/uploads\/2025\/11\/Entrevista-Cynthia-Fernandez-scaled.jpg\",\"contentUrl\":\"https:\/\/www.automotivepr.com\/wp-content\/uploads\/2025\/11\/Entrevista-Cynthia-Fernandez-scaled.jpg\",\"width\":1702,\"height\":2560,\"caption\":\"POTES\"},{\"@type\":\"BreadcrumbList\",\"@id\":\"https:\/\/www.automotivepr.com\/de\/cynthia-fernandez-2\/#breadcrumb\",\"itemListElement\":[{\"@type\":\"ListItem\",\"position\":1,\"name\":\"Portada\",\"item\":\"https:\/\/www.automotivepr.com\/de\/\"},{\"@type\":\"ListItem\",\"position\":2,\"name\":\"Cynthia Fern\u00e1ndez\"}]},{\"@type\":\"WebSite\",\"@id\":\"https:\/\/www.automotivepr.com\/#website\",\"url\":\"https:\/\/www.automotivepr.com\/\",\"name\":\"Automotive Pr\",\"description\":\"Driving Global Communications | Automotive PR is a global partnership of specialist communications agencies serving clients in every major automotive market.\",\"publisher\":{\"@id\":\"https:\/\/www.automotivepr.com\/#organization\"},\"alternateName\":\"Automotive Pr Driving Global Communications\",\"potentialAction\":[{\"@type\":\"SearchAction\",\"target\":{\"@type\":\"EntryPoint\",\"urlTemplate\":\"https:\/\/www.automotivepr.com\/?s={search_term_string}\"},\"query-input\":{\"@type\":\"PropertyValueSpecification\",\"valueRequired\":true,\"valueName\":\"search_term_string\"}}],\"inLanguage\":\"de\"},{\"@type\":\"Organization\",\"@id\":\"https:\/\/www.automotivepr.com\/#organization\",\"name\":\"Automotive Pr\",\"alternateName\":\"Automotive Pr Driving Global Communications\",\"url\":\"https:\/\/www.automotivepr.com\/\",\"logo\":{\"@type\":\"ImageObject\",\"inLanguage\":\"de\",\"@id\":\"https:\/\/www.automotivepr.com\/#\/schema\/logo\/image\/\",\"url\":\"https:\/\/www.automotivepr.com\/wp-content\/uploads\/2024\/02\/prueba.png\",\"contentUrl\":\"https:\/\/www.automotivepr.com\/wp-content\/uploads\/2024\/02\/prueba.png\",\"width\":415,\"height\":100,\"caption\":\"Automotive Pr\"},\"image\":{\"@id\":\"https:\/\/www.automotivepr.com\/#\/schema\/logo\/image\/\"}}]}<\/script>\n<!-- \/ Yoast SEO plugin. -->","yoast_head_json":{"title":"Cynthia Fern\u00e1ndez | Automotive Pr","description":"Cynthia Fern\u00e1ndez","robots":{"index":"index","follow":"follow","max-snippet":"max-snippet:-1","max-image-preview":"max-image-preview:large","max-video-preview":"max-video-preview:-1"},"canonical":"https:\/\/www.automotivepr.com\/de\/cynthia-fernandez-2\/","og_locale":"de_DE","og_type":"article","og_title":"Cynthia Fern\u00e1ndez | Automotive Pr","og_description":"Cynthia Fern\u00e1ndez","og_url":"https:\/\/www.automotivepr.com\/de\/cynthia-fernandez-2\/","og_site_name":"Automotive Pr","article_modified_time":"2026-01-14T09:55:14+00:00","og_image":[{"width":1702,"height":2560,"url":"https:\/\/www.automotivepr.com\/wp-content\/uploads\/2025\/11\/Entrevista-Cynthia-Fernandez-scaled.jpg","type":"image\/jpeg"}],"twitter_card":"summary_large_image","twitter_misc":{"Gesch\u00e4tzte Lesezeit":"9\u00a0Minuten"},"schema":{"@context":"https:\/\/schema.org","@graph":[{"@type":"WebPage","@id":"https:\/\/www.automotivepr.com\/de\/cynthia-fernandez-2\/","url":"https:\/\/www.automotivepr.com\/de\/cynthia-fernandez-2\/","name":"Cynthia Fern\u00e1ndez | Automotive Pr","isPartOf":{"@id":"https:\/\/www.automotivepr.com\/#website"},"primaryImageOfPage":{"@id":"https:\/\/www.automotivepr.com\/de\/cynthia-fernandez-2\/#primaryimage"},"image":{"@id":"https:\/\/www.automotivepr.com\/de\/cynthia-fernandez-2\/#primaryimage"},"thumbnailUrl":"https:\/\/www.automotivepr.com\/wp-content\/uploads\/2025\/11\/Entrevista-Cynthia-Fernandez-scaled.jpg","datePublished":"2026-01-14T09:55:13+00:00","dateModified":"2026-01-14T09:55:14+00:00","description":"Cynthia Fern\u00e1ndez","breadcrumb":{"@id":"https:\/\/www.automotivepr.com\/de\/cynthia-fernandez-2\/#breadcrumb"},"inLanguage":"de","potentialAction":[{"@type":"ReadAction","target":["https:\/\/www.automotivepr.com\/de\/cynthia-fernandez-2\/"]}]},{"@type":"ImageObject","inLanguage":"de","@id":"https:\/\/www.automotivepr.com\/de\/cynthia-fernandez-2\/#primaryimage","url":"https:\/\/www.automotivepr.com\/wp-content\/uploads\/2025\/11\/Entrevista-Cynthia-Fernandez-scaled.jpg","contentUrl":"https:\/\/www.automotivepr.com\/wp-content\/uploads\/2025\/11\/Entrevista-Cynthia-Fernandez-scaled.jpg","width":1702,"height":2560,"caption":"POTES"},{"@type":"BreadcrumbList","@id":"https:\/\/www.automotivepr.com\/de\/cynthia-fernandez-2\/#breadcrumb","itemListElement":[{"@type":"ListItem","position":1,"name":"Portada","item":"https:\/\/www.automotivepr.com\/de\/"},{"@type":"ListItem","position":2,"name":"Cynthia Fern\u00e1ndez"}]},{"@type":"WebSite","@id":"https:\/\/www.automotivepr.com\/#website","url":"https:\/\/www.automotivepr.com\/","name":"Automotive Pr","description":"Driving Global Communications | Automotive PR is a global partnership of specialist communications agencies serving clients in every major automotive market.","publisher":{"@id":"https:\/\/www.automotivepr.com\/#organization"},"alternateName":"Automotive Pr Driving Global Communications","potentialAction":[{"@type":"SearchAction","target":{"@type":"EntryPoint","urlTemplate":"https:\/\/www.automotivepr.com\/?s={search_term_string}"},"query-input":{"@type":"PropertyValueSpecification","valueRequired":true,"valueName":"search_term_string"}}],"inLanguage":"de"},{"@type":"Organization","@id":"https:\/\/www.automotivepr.com\/#organization","name":"Automotive Pr","alternateName":"Automotive Pr Driving Global Communications","url":"https:\/\/www.automotivepr.com\/","logo":{"@type":"ImageObject","inLanguage":"de","@id":"https:\/\/www.automotivepr.com\/#\/schema\/logo\/image\/","url":"https:\/\/www.automotivepr.com\/wp-content\/uploads\/2024\/02\/prueba.png","contentUrl":"https:\/\/www.automotivepr.com\/wp-content\/uploads\/2024\/02\/prueba.png","width":415,"height":100,"caption":"Automotive Pr"},"image":{"@id":"https:\/\/www.automotivepr.com\/#\/schema\/logo\/image\/"}}]}},"_links":{"self":[{"href":"https:\/\/www.automotivepr.com\/de\/wp-json\/wp\/v2\/pages\/5593","targetHints":{"allow":["GET"]}}],"collection":[{"href":"https:\/\/www.automotivepr.com\/de\/wp-json\/wp\/v2\/pages"}],"about":[{"href":"https:\/\/www.automotivepr.com\/de\/wp-json\/wp\/v2\/types\/page"}],"author":[{"embeddable":true,"href":"https:\/\/www.automotivepr.com\/de\/wp-json\/wp\/v2\/users\/2"}],"replies":[{"embeddable":true,"href":"https:\/\/www.automotivepr.com\/de\/wp-json\/wp\/v2\/comments?post=5593"}],"version-history":[{"count":3,"href":"https:\/\/www.automotivepr.com\/de\/wp-json\/wp\/v2\/pages\/5593\/revisions"}],"predecessor-version":[{"id":5596,"href":"https:\/\/www.automotivepr.com\/de\/wp-json\/wp\/v2\/pages\/5593\/revisions\/5596"}],"wp:featuredmedia":[{"embeddable":true,"href":"https:\/\/www.automotivepr.com\/de\/wp-json\/wp\/v2\/media\/5340"}],"wp:attachment":[{"href":"https:\/\/www.automotivepr.com\/de\/wp-json\/wp\/v2\/media?parent=5593"}],"curies":[{"name":"wp","href":"https:\/\/api.w.org\/{rel}","templated":true}]}}