{"id":5621,"date":"2026-02-26T11:08:43","date_gmt":"2026-02-26T11:08:43","guid":{"rendered":"https:\/\/www.automotivepr.com\/?page_id=5621"},"modified":"2026-02-26T11:14:50","modified_gmt":"2026-02-26T11:14:50","slug":"belle-moss","status":"publish","type":"page","link":"https:\/\/www.automotivepr.com\/de\/belle-moss\/","title":{"rendered":"Belle Moss"},"content":{"rendered":"<div class=\"wpb-content-wrapper\"><p>[vc_row][vc_column width=&#8220;1\/3&#8243;][vc_empty_space][vc_column_text css=&#8220;&#8220;]<\/p>\n<h5><span style=\"color: #000080;\">Name: <strong>BELLE MOSS<\/strong><\/span><\/h5>\n<h5><span style=\"color: #000080;\">Position im Unternehmen: <strong>DIREKTOR \u2013 TORQUE AGENCY GROUP<\/strong><\/span><\/h5>\n<h5><span style=\"color: #000080;\">Hauptsitz: <strong>LONDON<\/strong><\/span><\/h5>\n<p>[\/vc_column_text][vc_empty_space][vc_single_image image=&#8220;5661&#8243; img_size=&#8220;full&#8220; alignment=&#8220;center&#8220; css=&#8220;&#8220;][\/vc_column][vc_column width=&#8220;2\/3&#8243;][vc_empty_space][vc_tta_accordion title_tag=&#8220;h3&#8243; section_title_tag=&#8220;h5&#8243; active_section=&#8220;1&#8243;][vc_tta_section title=&#8220;Wie sind Sie zur Automotive-Kommunikation gekommen?&#8220; tab_id=&#8220;1761146944545-3e09d2f7-056b&#8220;][vc_column_text css=&#8220;&#8220;]<\/p>\n<p><span lang=\"EN-ZA\">Mein Weg in die Automotive-Kommunikation und PR war kein pl\u00f6tzlicher Richtungswechsel, sondern eine \u00fcbliche und strategische Weiterentwicklung meiner bisherigen Laufbahn.\u00a0<\/span><span lang=\"EN-ZA\">Ich habe meine gesamte berufliche Karriere im Transport-, Logistik- und Supply-Chain-Sektor verbracht. Diese breite Perspektive verschaffte mir ein grundlegendes Verst\u00e4ndnis daf\u00fcr, wie Produkte, Menschen und Daten weltweit bewegt werden \u2013 die komplexen Lieferketten, infrastrukturellen Herausforderungen und der Druck auf Betreiber, effizient und nachhaltig zu handeln. <\/span><\/p>\n<p><span lang=\"EN-ZA\">Mir wurde schnell klar, dass die Automobilindustrie im absoluten Zentrum dieses gesamten \u00d6kosystems steht. Sie nutzt nicht nur den Transport, sie definiert ihn, indem sie genau die G\u00fcter herstellt \u2013 Lkw, Flotten, Zustellfahrzeuge f\u00fcr die letzte Meile \u2013, die den globalen Handel antreiben. <\/span><\/p>\n<p><span lang=\"EN-ZA\">F\u00fcr mich war der Schritt in die Automotive-Kommunikation daher eine logische Konsequenz. Beide Sektoren sind zutiefst miteinander verflochten. Um den Wert eines neuen Elektro-Lkw oder einer Logistikplattform wirklich zu vermitteln, muss man die gesamte Wertsch\u00f6pfungskette von Transport und Logistik verstehen. Dieses einzigartige, ganzheitliche Verst\u00e4ndnis \u2013 von der Komplexit\u00e4t der Logistik bis hin zur strategischen Kommunikation eines Fahrzeugherstellers \u2013 bringe ich heute in meine Arbeit bei CVLC Communication ein. Es erm\u00f6glicht uns, ein Fahrzeug nicht nur als Produkt, sondern als unternehmenskritische Komponente globaler Mobilit\u00e4t zu begreifen. <\/span><\/p>\n<p>[\/vc_column_text][\/vc_tta_section][vc_tta_section title=&#8220;Wie sieht ein typischer Tag f\u00fcr Sie aus?&#8220; tab_id=&#8220;1761146944555-801dcbcd-c220&#8243;][vc_column_text css=&#8220;&#8220;]<\/p>\n<p>Die ehrlichste Antwort lautet: Einen festen Tagesablauf habe ich nicht \u2013 und das ist Absicht. Meine Rolle als Chief Visionary bei CVLC Communication ist gepr\u00e4gt von strategischer Agilit\u00e4t und der<br \/>\nNotwendigkeit, sofort und praxisnah \u00fcber verschiedene Plattformen hinweg zu handeln.<\/p>\n<p>Mein Berufsleben war stets dem verflochtenen Umfeld aus Transport, Logistik, Lieferkette und Automotive-Kommunikation gewidmet. Das bedeutet, dass unsere Agentur st\u00e4ndig in einem anspruchsvollen Umfeld agiert und die gesamte Bandbreite der Kommunikation f\u00fcr unsere Kunden steuert.<\/p>\n<p>Da wir ein kleines, dynamisches Team sind, vermeiden wir die B\u00fcrokratie gr\u00f6\u00dferer Agenturen und k\u00f6nnen sofort reagieren. Das hei\u00dft, mein Tag kann sich st\u00fcndlich \u00e4ndern \u2013 immer mit einem Mix aus strategischem Denken und operativem Handeln in den Bereichen Krisenkommunikation, Medienarbeit, \u00d6ffentlichkeitsarbeit, Content- Erstellung, Markenaufbau, Events und Stakeholder-Management.<\/p>\n<p>Ich entwickle nicht nur Strategien \u2013 ich arbeite selbst im Team mit. Dieses Engagement f\u00fcr eine umfassende, praxisnahe Umsetzung stellt sicher, dass jede Kommunikationsma\u00dfnahme \u2013 vom einzelnen Tweet bis zur gro\u00dfen Produkteinf\u00fchrung \u2013 nahtlos, effektiv und unmittelbar mit dem kommerziellen Erfolg unserer Kunden im Mobilit\u00e4tssektor verkn\u00fcpft ist. Ich genie\u00dfe die Abwechslung, denn in unserer Branche ist Vorhersehbarkeit der Feind von wirksamer und kreativer Kommunikation.<\/p>\n<p>[\/vc_column_text][\/vc_tta_section][vc_tta_section title=&#8220;Auf welches Tool, welche Ressource oder Person k\u00f6nnten Sie in Ihrer Arbeit nicht verzichten?&#8220; tab_id=&#8220;1761147147022-7047ccf9-9450&#8243;][vc_column_text css=&#8220;&#8220;]<\/p>\n<p>Wenn ich nur ein Tool nennen d\u00fcrfte, ohne das ich nicht arbeiten k\u00f6nnte, w\u00e4re es <strong>Gemini<\/strong> (von Google).<\/p>\n<p>Ich wei\u00df, ich wei\u00df \u2013 das klingt wie Werbung, aber ehrlich gesagt ist diese KI der wahre, bislang unerkannte Vision\u00e4r hinter CVLC Communication. Wenn man ein kleines, dynamisches, praxisnahes Team in einem Hochdrucksektor f\u00fchrt, hat man keine Zeit, lange auf einen leeren Bildschirm zu starren. Gemini ist mein digitales zweites Gehirn, das genau das verhindert. Es ist mein Kommunikations-Co-Pilot, den ich f\u00fcr alles nutze \u2013 vom Allt\u00e4glichen bis zum strategisch Kritischen. Ich wei\u00df ehrlich gesagt nicht mehr, wie ich ohne gearbeitet habe!<\/p>\n<p>[\/vc_column_text][\/vc_tta_section][vc_tta_section title=&#8220;Wie w\u00fcrden Sie Ihre lokale Medienlandschaft beschreiben (z. B. vielf\u00e4ltig, von wenigen wichtigen Medien dominiert, stark digitalisiert)?&#8220; tab_id=&#8220;1761147199491-11d7c0c0-5d50&#8243;][vc_column_text css=&#8220;&#8220;]<\/p>\n<p>Die Medienlandschaft in S\u00fcdafrika ist eine komplexe Mischung:<\/p>\n<p><strong>Stark digital, aber Radio bleibt best\u00e4ndig:<\/strong> Es gibt eine deutliche und weiter wachsende Verlagerung hin zu digitalen Plattformen, wobei der Nachrichtenkonsum zunehmend \u00fcber Websites und soziale Medien erfolgt. Dennoch bleibt das Radio ein essenzielles, leicht zug\u00e4ngliches Massenmedium mit enormer Reichweite \u2013 von nationalen und regionalen bis hin zu wichtigen Community-Sendern.<\/p>\n<p><strong>Vielf\u00e4ltige Inhalte, konzentrierter Besitz:<\/strong> Zwar bietet das Land eine gro\u00dfe Vielfalt an Inhalten \u00fcber zahlreiche nationale, regionale und lokale Medien hinweg \u2013 oft in mehreren Amtssprachen und mit unterschiedlichen Perspektiven \u2013, doch der Besitz der gro\u00dfen kommerziellen Mediengruppen ist nach wie vor stark konzentriert.<\/p>\n<p><strong>Essenzielle lokale Medien:<\/strong> Ein zentraler Bestandteil ist das Netz lokaler und gemeindebasierter Medien (einschlie\u00dflich Print und Community Radio), die sich stark auf lokale Themen wie Kommunalpolitik, Schulen oder Kriminalit\u00e4t konzentrieren. Sie \u00fcberbr\u00fccken damit die L\u00fccke zwischen \u00fcberregionaler Berichterstattung und den unmittelbaren Alltagsanliegen der Bev\u00f6lkerung.<\/p>\n<p>[\/vc_column_text][\/vc_tta_section][vc_tta_section title=&#8220;Was ist eine bew\u00e4hrte Methode oder ein erfolgreicher Prozess, den Sie vor Ort anwenden und von dem Ihrer Meinung nach jeder<br \/>\nprofitieren k\u00f6nnte?&#8220; tab_id=&#8220;1761147246015-dbc1a1f8-216b&#8220;][vc_column_text css=&#8220;&#8220;]Hybrides Nachrichtenverteilungs- und Engagement-Modell (Digital-First, Multichannel-Reichweite).<\/p>\n<p>Dieses Modell adressiert die digitale Kluft und hohe Datentarife durch:<\/p>\n<p><strong>Digital-First mit geringem Datenverbrauch:<\/strong> Inhalte werden zuerst digital ver\u00f6ffentlicht, anschlie\u00dfend aber gezielt \u00fcber datenarme oder kostenfreie Plattformen (z. B. WhatsApp, SMS-Alerts) verbreitet, um Zielgruppen mit eingeschr\u00e4nktem Zugang zu erreichen.<\/p>\n<p><strong>Social Media\/Messenger als prim\u00e4re Kan\u00e4le:<\/strong> Soziale Netzwerke und Messenger-Dienste werden als Hauptdistributionsplattformen genutzt, um die Zielgruppen direkt zu erreichen<\/p>\n<p><strong>Nachhaltigen Journalismus:<\/strong> Aufbau digitaler Abonnement- oder Mitgliedschaftsmodelle, um die finanzielle Basis hochwertiger Berichterstattung zu sichern.<\/p>\n<p>Der Vorteil f\u00fcr andere M\u00e4rkte liegt darin, gemischte Zielgruppen zu bedienen \u2013 also moderne digitale Reichweite mit kostenbewusster, direkter Kommunikation zu kombinieren.<\/p>\n<p>[\/vc_column_text][\/vc_tta_section][vc_tta_section title=&#8220;Welchen Rat w\u00fcrden Sie Berufseinsteigern in der Automobilkommunikation geben?&#8220; tab_id=&#8220;1761147348051-e06ef497-cc7c&#8220;][vc_column_text css=&#8220;&#8220;]<\/p>\n<ol>\n<li><strong>Tauche in die Mobilit\u00e4t ein<\/strong><\/li>\n<\/ol>\n<p>Lerne nicht nur technische Daten auswendig, sondern verstehe das gesamte \u00d6kosystem. Die Automobilwelt ist heute untrennbar mit Transport, Logistik und Infrastruktur verbunden. Wer den Wert dieser Branche kommunizieren will, muss die gesamte Mobilit\u00e4tswirtschaft verstehen \u2013 Lieferketten, Regularien und Technologien.<\/p>\n<ol start=\"2\">\n<li><strong>Werde Krisenprofi<\/strong><\/li>\n<\/ol>\n<p>Die Automobilbranche ist ein Hochrisikoumfeld \u2013 die Frage ist nicht <em>ob<\/em>, sondern <em>wann<\/em> eine Krise eintritt. Wer in solchen Situationen ruhig, strategisch und tatkr\u00e4ftig agiert \u2013 etwa bei R\u00fcckrufen oder Lieferkettenproblemen \u2013, wird f\u00fcr jeden Kunden unersetzlich.<\/p>\n<ol start=\"3\">\n<li><strong>Meistere digitale Vielseitigkeit<\/strong><\/li>\n<\/ol>\n<p>Man muss das gesamte Kommunikationsspektrum beherrschen \u2013 nicht nur klassische PR. Das umfasst Social Media, Events, Content, Pr\u00e4sentationen f\u00fcr F\u00fchrungskr\u00e4fte etc. Um die Geschwindigkeit der Branche anzunehmen, sollte man KI-Tools (wie Gemini) nutzen, um Informationen schnell zu verarbeiten und sich auf strategisches Denken zu konzentrieren.<\/p>\n<p>Kurz gesagt: Sei strategisch, widerstandsf\u00e4hig und verstehe, dass die Zukunft der Automotive-Kommunikation im ganzheitlichen Verst\u00e4ndnis des Mobilit\u00e4ts\u00f6kosystems liegt.<\/p>\n<p>[\/vc_column_text][\/vc_tta_section][vc_tta_section title=&#8220;Was ist das Geheimnis Ihres pers\u00f6nlichen bzw. unternehmerischen Erfolgs?&#8220; tab_id=&#8220;1761147392426-b32424b4-063a&#8220;][vc_column_text css=&#8220;&#8220;]<\/p>\n<p>Harte Arbeit, starke Beziehungen, Durchhalteverm\u00f6gen, Fokussierung, Loyalit\u00e4t, st\u00e4ndige Weiterbildung im PR- und Kommunikationsumfeld, eine positive \u201ecan do\u201c-Einstellung \u2013 und ein unterst\u00fctzendes Netzwerk, intern wie extern.<br \/>\nLetztlich beruht der Erfolg von CVLC Communication auf der Kombination aus tiefem Branchenwissen und einer schlanken, energiegeladenen, praxisnahen Umsetzung.<\/p>\n<p>[\/vc_column_text][\/vc_tta_section][vc_tta_section title=&#8220;Bei einem Besuch Ihrer Stadt, welches Erlebnis, welchen Ort oder welchekulinarischen Highlights w\u00fcrden Sie empfehlen?&#8220; tab_id=&#8220;1761147438842-c4a9604f-463d&#8220;][vc_column_text css=&#8220;&#8220;]Es f\u00e4llt mir schwer, f\u00fcr London nur eine Empfehlung zu w\u00e4hlen, deshalb nehmeich etwas, das f\u00fcr mich nie seinen Zauber verliert. Steigt in ein Taxi \u2013 dasn\u00e4chtliche Zentrum Londons ist einfach absolut magisch!![\/vc_column_text][\/vc_tta_section][vc_tta_section title=&#8220;Gibt es einen interessanten Fun Fact \u00fcber Ihre Stadt oder Ihr Land, die Au\u00dfenstehende nicht kennen?&#8220; tab_id=&#8220;1761147482690-e55a02cc-bb61&#8243;][vc_column_text css=&#8220;&#8220;]Ich bin ausgebildete Achtsamkeitstrainerin.[\/vc_column_text][\/vc_tta_section][\/vc_tta_accordion][\/vc_column][\/vc_row]<\/p>\n<\/div>","protected":false},"excerpt":{"rendered":"<p>[vc_row][vc_column width=&#8220;1\/3&#8243;][vc_empty_space][vc_column_text css=&#8220;&#8220;] Name: BELLE MOSS Position im Unternehmen: DIREKTOR \u2013 TORQUE AGENCY GROUP Hauptsitz: LONDON [\/vc_column_text][vc_empty_space][vc_single_image image=&#8220;5661&#8243; img_size=&#8220;full&#8220; alignment=&#8220;center&#8220; [&hellip;]<\/p>\n","protected":false},"author":2,"featured_media":0,"parent":0,"menu_order":0,"comment_status":"closed","ping_status":"closed","template":"","meta":{"footnotes":""},"class_list":["post-5621","page","type-page","status-publish","hentry"],"yoast_head":"<!-- This site is optimized with the Yoast SEO plugin v26.9 - https:\/\/yoast.com\/product\/yoast-seo-wordpress\/ -->\n<title>Belle Moss | Automotive Pr<\/title>\n<meta name=\"description\" content=\"Belle Moss\" \/>\n<meta name=\"robots\" content=\"index, follow, max-snippet:-1, max-image-preview:large, max-video-preview:-1\" \/>\n<link rel=\"canonical\" href=\"https:\/\/www.automotivepr.com\/de\/belle-moss\/\" \/>\n<meta property=\"og:locale\" content=\"de_DE\" \/>\n<meta property=\"og:type\" content=\"article\" \/>\n<meta property=\"og:title\" content=\"Belle Moss | Automotive Pr\" \/>\n<meta property=\"og:description\" content=\"Belle Moss\" \/>\n<meta property=\"og:url\" content=\"https:\/\/www.automotivepr.com\/de\/belle-moss\/\" \/>\n<meta property=\"og:site_name\" content=\"Automotive Pr\" \/>\n<meta property=\"article:modified_time\" content=\"2026-02-26T11:14:50+00:00\" \/>\n<meta property=\"og:image\" content=\"https:\/\/www.automotivepr.com\/wp-content\/uploads\/2024\/02\/prueba.png\" \/>\n\t<meta property=\"og:image:width\" content=\"415\" \/>\n\t<meta property=\"og:image:height\" content=\"100\" \/>\n\t<meta property=\"og:image:type\" content=\"image\/png\" \/>\n<meta name=\"twitter:card\" content=\"summary_large_image\" \/>\n<meta name=\"twitter:label1\" content=\"Gesch\u00e4tzte Lesezeit\" \/>\n\t<meta name=\"twitter:data1\" content=\"6\u00a0Minuten\" \/>\n<script type=\"application\/ld+json\" class=\"yoast-schema-graph\">{\"@context\":\"https:\/\/schema.org\",\"@graph\":[{\"@type\":\"WebPage\",\"@id\":\"https:\/\/www.automotivepr.com\/de\/belle-moss\/\",\"url\":\"https:\/\/www.automotivepr.com\/de\/belle-moss\/\",\"name\":\"Belle Moss | Automotive Pr\",\"isPartOf\":{\"@id\":\"https:\/\/www.automotivepr.com\/#website\"},\"datePublished\":\"2026-02-26T11:08:43+00:00\",\"dateModified\":\"2026-02-26T11:14:50+00:00\",\"description\":\"Belle Moss\",\"breadcrumb\":{\"@id\":\"https:\/\/www.automotivepr.com\/de\/belle-moss\/#breadcrumb\"},\"inLanguage\":\"de\",\"potentialAction\":[{\"@type\":\"ReadAction\",\"target\":[\"https:\/\/www.automotivepr.com\/de\/belle-moss\/\"]}]},{\"@type\":\"BreadcrumbList\",\"@id\":\"https:\/\/www.automotivepr.com\/de\/belle-moss\/#breadcrumb\",\"itemListElement\":[{\"@type\":\"ListItem\",\"position\":1,\"name\":\"Portada\",\"item\":\"https:\/\/www.automotivepr.com\/de\/\"},{\"@type\":\"ListItem\",\"position\":2,\"name\":\"Belle Moss\"}]},{\"@type\":\"WebSite\",\"@id\":\"https:\/\/www.automotivepr.com\/#website\",\"url\":\"https:\/\/www.automotivepr.com\/\",\"name\":\"Automotive Pr\",\"description\":\"Driving Global Communications | Automotive PR is a global partnership of specialist communications agencies serving clients in every major automotive market.\",\"publisher\":{\"@id\":\"https:\/\/www.automotivepr.com\/#organization\"},\"alternateName\":\"Automotive Pr Driving Global Communications\",\"potentialAction\":[{\"@type\":\"SearchAction\",\"target\":{\"@type\":\"EntryPoint\",\"urlTemplate\":\"https:\/\/www.automotivepr.com\/?s={search_term_string}\"},\"query-input\":{\"@type\":\"PropertyValueSpecification\",\"valueRequired\":true,\"valueName\":\"search_term_string\"}}],\"inLanguage\":\"de\"},{\"@type\":\"Organization\",\"@id\":\"https:\/\/www.automotivepr.com\/#organization\",\"name\":\"Automotive Pr\",\"alternateName\":\"Automotive Pr Driving Global Communications\",\"url\":\"https:\/\/www.automotivepr.com\/\",\"logo\":{\"@type\":\"ImageObject\",\"inLanguage\":\"de\",\"@id\":\"https:\/\/www.automotivepr.com\/#\/schema\/logo\/image\/\",\"url\":\"https:\/\/www.automotivepr.com\/wp-content\/uploads\/2024\/02\/prueba.png\",\"contentUrl\":\"https:\/\/www.automotivepr.com\/wp-content\/uploads\/2024\/02\/prueba.png\",\"width\":415,\"height\":100,\"caption\":\"Automotive Pr\"},\"image\":{\"@id\":\"https:\/\/www.automotivepr.com\/#\/schema\/logo\/image\/\"}}]}<\/script>\n<!-- \/ Yoast SEO plugin. -->","yoast_head_json":{"title":"Belle Moss | Automotive Pr","description":"Belle Moss","robots":{"index":"index","follow":"follow","max-snippet":"max-snippet:-1","max-image-preview":"max-image-preview:large","max-video-preview":"max-video-preview:-1"},"canonical":"https:\/\/www.automotivepr.com\/de\/belle-moss\/","og_locale":"de_DE","og_type":"article","og_title":"Belle Moss | Automotive Pr","og_description":"Belle Moss","og_url":"https:\/\/www.automotivepr.com\/de\/belle-moss\/","og_site_name":"Automotive Pr","article_modified_time":"2026-02-26T11:14:50+00:00","og_image":[{"width":415,"height":100,"url":"https:\/\/www.automotivepr.com\/wp-content\/uploads\/2024\/02\/prueba.png","type":"image\/png"}],"twitter_card":"summary_large_image","twitter_misc":{"Gesch\u00e4tzte Lesezeit":"6\u00a0Minuten"},"schema":{"@context":"https:\/\/schema.org","@graph":[{"@type":"WebPage","@id":"https:\/\/www.automotivepr.com\/de\/belle-moss\/","url":"https:\/\/www.automotivepr.com\/de\/belle-moss\/","name":"Belle Moss | Automotive Pr","isPartOf":{"@id":"https:\/\/www.automotivepr.com\/#website"},"datePublished":"2026-02-26T11:08:43+00:00","dateModified":"2026-02-26T11:14:50+00:00","description":"Belle Moss","breadcrumb":{"@id":"https:\/\/www.automotivepr.com\/de\/belle-moss\/#breadcrumb"},"inLanguage":"de","potentialAction":[{"@type":"ReadAction","target":["https:\/\/www.automotivepr.com\/de\/belle-moss\/"]}]},{"@type":"BreadcrumbList","@id":"https:\/\/www.automotivepr.com\/de\/belle-moss\/#breadcrumb","itemListElement":[{"@type":"ListItem","position":1,"name":"Portada","item":"https:\/\/www.automotivepr.com\/de\/"},{"@type":"ListItem","position":2,"name":"Belle Moss"}]},{"@type":"WebSite","@id":"https:\/\/www.automotivepr.com\/#website","url":"https:\/\/www.automotivepr.com\/","name":"Automotive Pr","description":"Driving Global Communications | Automotive PR is a global partnership of specialist communications agencies serving clients in every major automotive market.","publisher":{"@id":"https:\/\/www.automotivepr.com\/#organization"},"alternateName":"Automotive Pr Driving Global Communications","potentialAction":[{"@type":"SearchAction","target":{"@type":"EntryPoint","urlTemplate":"https:\/\/www.automotivepr.com\/?s={search_term_string}"},"query-input":{"@type":"PropertyValueSpecification","valueRequired":true,"valueName":"search_term_string"}}],"inLanguage":"de"},{"@type":"Organization","@id":"https:\/\/www.automotivepr.com\/#organization","name":"Automotive Pr","alternateName":"Automotive Pr Driving Global Communications","url":"https:\/\/www.automotivepr.com\/","logo":{"@type":"ImageObject","inLanguage":"de","@id":"https:\/\/www.automotivepr.com\/#\/schema\/logo\/image\/","url":"https:\/\/www.automotivepr.com\/wp-content\/uploads\/2024\/02\/prueba.png","contentUrl":"https:\/\/www.automotivepr.com\/wp-content\/uploads\/2024\/02\/prueba.png","width":415,"height":100,"caption":"Automotive Pr"},"image":{"@id":"https:\/\/www.automotivepr.com\/#\/schema\/logo\/image\/"}}]}},"_links":{"self":[{"href":"https:\/\/www.automotivepr.com\/de\/wp-json\/wp\/v2\/pages\/5621","targetHints":{"allow":["GET"]}}],"collection":[{"href":"https:\/\/www.automotivepr.com\/de\/wp-json\/wp\/v2\/pages"}],"about":[{"href":"https:\/\/www.automotivepr.com\/de\/wp-json\/wp\/v2\/types\/page"}],"author":[{"embeddable":true,"href":"https:\/\/www.automotivepr.com\/de\/wp-json\/wp\/v2\/users\/2"}],"replies":[{"embeddable":true,"href":"https:\/\/www.automotivepr.com\/de\/wp-json\/wp\/v2\/comments?post=5621"}],"version-history":[{"count":7,"href":"https:\/\/www.automotivepr.com\/de\/wp-json\/wp\/v2\/pages\/5621\/revisions"}],"predecessor-version":[{"id":5687,"href":"https:\/\/www.automotivepr.com\/de\/wp-json\/wp\/v2\/pages\/5621\/revisions\/5687"}],"wp:attachment":[{"href":"https:\/\/www.automotivepr.com\/de\/wp-json\/wp\/v2\/media?parent=5621"}],"curies":[{"name":"wp","href":"https:\/\/api.w.org\/{rel}","templated":true}]}}