{"id":1979,"date":"2019-12-11T12:25:50","date_gmt":"2019-12-11T12:25:50","guid":{"rendered":"https:\/\/www.automotivepr.com\/contact\/"},"modified":"2025-05-12T15:09:13","modified_gmt":"2025-05-12T15:09:13","slug":"contact","status":"publish","type":"page","link":"https:\/\/www.automotivepr.com\/es\/contact\/","title":{"rendered":"Contacto"},"content":{"rendered":"<div class=\"wpb-content-wrapper\"><p>[vc_row full_width=\u00bbstretch_row_content_no_spaces\u00bb][vc_column]<div class=\"edgtf-google-map-holder\">\n\t\t<div class=\"edgtf-google-map\" id=\"edgtf-map-1742399\" data-addresses='[\"201 Borough High St, London SE1 1GZ, United Kingdom\"]' data-custom-map-style=no data-color-overlay=#393939 data-saturation=-100 data-lightness=-60 data-zoom=14 data-pin=https:\/\/www.automotivepr.com\/wp-content\/uploads\/2020\/11\/location-ico.png data-unique-id=1742399 data-scroll-wheel=no data-height=450 data-snazzy-map-style=yes><\/div>\n\t        \t\t<input type=\"hidden\" class=\"edgtf-snazzy-map\" value=\"`{` { ``featureType``: ``water``, ``elementType``: ``geometry``, ``stylers``: `{` { ``color``: ``#e9e9e9`` }, { ``lightness``: 17 } `}` }, { ``featureType``: ``landscape``, ``elementType``: ``geometry``, ``stylers``: `{` { ``color``: ``#f5f5f5`` }, { ``lightness``: 20 } `}` }, { ``featureType``: ``road.highway``, ``elementType``: ``geometry.fill``, ``stylers``: `{` { ``color``: ``#ffffff`` }, { ``lightness``: 17 } `}` }, { ``featureType``: ``road.highway``, ``elementType``: ``geometry.stroke``, ``stylers``: `{` { ``color``: ``#ffffff`` }, { ``lightness``: 29 }, { ``weight``: 0.2 } `}` }, { ``featureType``: ``road.arterial``, ``elementType``: ``geometry``, ``stylers``: `{` { ``color``: ``#ffffff`` }, { ``lightness``: 18 } `}` }, { ``featureType``: ``road.local``, ``elementType``: ``geometry``, ``stylers``: `{` { ``color``: ``#ffffff`` }, { ``lightness``: 16 } `}` }, { ``featureType``: ``poi``, ``elementType``: ``geometry``, ``stylers``: `{` { ``color``: ``#f5f5f5`` }, { ``lightness``: 21 } `}` }, { ``featureType``: ``poi.park``, ``elementType``: ``geometry``, ``stylers``: `{` { ``color``: ``#dedede`` }, { ``lightness``: 21 } `}` }, { ``elementType``: ``labels.text.stroke``, ``stylers``: `{` { ``visibility``: ``on`` }, { ``color``: ``#ffffff`` }, { ``lightness``: 16 } `}` }, { ``elementType``: ``labels.text.fill``, ``stylers``: `{` { ``saturation``: 36 }, { ``color``: ``#333333`` }, { ``lightness``: 40 } `}` }, { ``elementType``: ``labels.icon``, ``stylers``: `{` { ``visibility``: ``off`` } `}` }, { ``featureType``: ``transit``, ``elementType``: ``geometry``, ``stylers``: `{` { ``color``: ``#f2f2f2`` }, { ``lightness``: 19 } `}` }, { ``featureType``: ``administrative``, ``elementType``: ``geometry.fill``, ``stylers``: `{` { ``color``: ``#fefefe`` }, { ``lightness``: 20 } `}` }, { ``featureType``: ``administrative``, ``elementType``: ``geometry.stroke``, ``stylers``: `{` { ``color``: ``#fefefe`` }, { ``lightness``: 17 }, { ``weight``: 1.2 } `}` } `}`\"\/>\n\t\t\t\t<div class=\"edgtf-google-map-overlay\"><\/div>\n\t<\/div>[\/vc_column][\/vc_row][vc_row full_width=\u00bbstretch_row_content_no_spaces\u00bb][vc_column offset=\u00bbvc_hidden-lg vc_hidden-md vc_hidden-sm vc_hidden-xs\u00bb][vc_gmaps link=\u00bb#E-8_JTNDaWZyYW1lJTIwc3JjJTNEJTIyaHR0cHMlM0ElMkYlMkZ3d3cuZ29vZ2xlLmNvbSUyRm1hcHMlMkZlbWJlZCUzRnBiJTNEJTIxMW0xOCUyMTFtMTIlMjExbTMlMjExZDI0ODMuNjE4ODYwNDkzNTEwNSUyMTJkLTAuMDk0Mzg1NDg0MjMwMjE1NjQlMjEzZDUxLjUwMTg2MTM3OTYzNDI5JTIxMm0zJTIxMWYwJTIxMmYwJTIxM2YwJTIxM20yJTIxMWkxMDI0JTIxMmk3NjglMjE0ZjEzLjElMjEzbTMlMjExbTIlMjExczB4MCUyNTNBMHg5YjZkNTQ5NDI4ZmJiYTY2JTIxMnNBdXRvbW90aXZlJTI1MjBQUiUyMTVlMCUyMTNtMiUyMTFzZXMlMjEyc2VzJTIxNHYxNjE1NDUyODQ5NzUzJTIxNW0yJTIxMXNlcyUyMTJzZXMlMjIlMjB3aWR0aCUzRCUyMjYwMCUyMiUyMGhlaWdodCUzRCUyMjQ1MCUyMiUyMGZyYW1lYm9yZGVyJTNEJTIyMCUyMiUyMHN0eWxlJTNEJTIyYm9yZGVyJTNBMCUzQiUyMiUyMGFsbG93ZnVsbHNjcmVlbiUzRCUyMiUyMiUyMGFyaWEtaGlkZGVuJTNEJTIyZmFsc2UlMjIlMjB0YWJpbmRleCUzRCUyMjAlMjIlM0UlM0MlMkZpZnJhbWUlM0U=\u00bb][\/vc_column][\/vc_row][vc_row css=\u00bb.vc_custom_1638383588915{margin-top: 50px !important;}\u00bb][vc_column width=\u00bb1\/2&#8243;]<div class=\"edgtf-section-title-holder  edgtf-st-standard edgtf-st-title-left edgtf-st-normal-space \" >\n\t<div class=\"edgtf-st-inner\">\n\t\t\t\t\t<h1 class=\"edgtf-st-title\" style=\"color: #003476\">\n\t\t\t\tContacto Automotive PR\t\t\t<\/h1>\n\t\t\t\t\t\t\t<p class=\"edgtf-st-text\" >\n\t\t\t\tContacto Automotive PR<br \/>\nSi est\u00e1 interesado en trabajar con la red, por favor cont\u00e1ctenos. Estaremos encantados de comentar los planes de relaciones p\u00fablicas y comunicaciones por correo electr\u00f3nico, por tel\u00e9fono o cara a cara. P\u00f3ngase en contacto a trav\u00e9s del formulario a continuaci\u00f3n y h\u00e1ganos saber c\u00f3mo podemos ayudarlo.\t\t\t<\/p>\n\t\t\t<\/div>\n<\/div>[vc_empty_space height=\u00bb25&#8243;][vc_column_text css=\u00bb.vc_custom_1604648988913{margin-top: 10px !important;}\u00bb]<\/p>\n<p><strong><span style=\"color: #000000;\">Automotive PR<\/span><\/strong><\/p>\n<p><span style=\"color: #000000;\">201 Borough High Street, London SE1 1JA<\/span><\/p>\n<p><span style=\"color: #000000;\">Email: <a style=\"color: #000000;\" href=\"mailto:info@automotivepr.com\">info@automotivepr.com<\/a><\/span>[\/vc_column_text][\/vc_column][vc_column width=\u00bb1\/2&#8243;]<div class=\"edgtf-section-title-holder  edgtf-st-standard edgtf-st-title-left edgtf-st-normal-space \" >\n\t<div class=\"edgtf-st-inner\">\n\t\t\t\t\t<h2 class=\"edgtf-st-title\" style=\"color: #003476\">\n\t\t\t\tFormulario de contacto\t\t\t<\/h2>\n\t\t\t\t\t<\/div>\n<\/div>[vc_empty_space height=\u00bb25&#8243;]\n<div class=\"wpcf7 no-js\" id=\"wpcf7-f1982-o1\" lang=\"es-ES\" dir=\"ltr\" data-wpcf7-id=\"1982\">\n<div class=\"screen-reader-response\"><p role=\"status\" aria-live=\"polite\" aria-atomic=\"true\"><\/p> <ul><\/ul><\/div>\n<form action=\"\/es\/wp-json\/wp\/v2\/pages\/1979#wpcf7-f1982-o1\" method=\"post\" class=\"wpcf7-form init\" aria-label=\"Formulario de contacto\" novalidate=\"novalidate\" data-status=\"init\">\n<fieldset class=\"hidden-fields-container\"><input type=\"hidden\" name=\"_wpcf7\" value=\"1982\" \/><input type=\"hidden\" name=\"_wpcf7_version\" value=\"6.1.4\" \/><input type=\"hidden\" name=\"_wpcf7_locale\" value=\"es_ES\" \/><input type=\"hidden\" name=\"_wpcf7_unit_tag\" value=\"wpcf7-f1982-o1\" \/><input type=\"hidden\" name=\"_wpcf7_container_post\" value=\"0\" \/><input type=\"hidden\" name=\"_wpcf7_posted_data_hash\" value=\"\" \/><input type=\"hidden\" name=\"_wpcf7_recaptcha_response\" value=\"\" \/>\n<\/fieldset>\n<p><label> Nombre (obligatorio)<br \/>\n<span class=\"wpcf7-form-control-wrap\" data-name=\"your-name\"><input size=\"40\" maxlength=\"400\" class=\"wpcf7-form-control wpcf7-text wpcf7-validates-as-required\" aria-required=\"true\" aria-invalid=\"false\" value=\"\" type=\"text\" name=\"your-name\" \/><\/span> <\/label>\n<\/p>\n<p><label> Correo Electr\u00f3nico (obligatorio)<br \/>\n<span class=\"wpcf7-form-control-wrap\" data-name=\"your-email\"><input size=\"40\" maxlength=\"400\" class=\"wpcf7-form-control wpcf7-email wpcf7-validates-as-required wpcf7-text wpcf7-validates-as-email\" aria-required=\"true\" aria-invalid=\"false\" value=\"\" type=\"email\" name=\"your-email\" \/><\/span> <\/label>\n<\/p>\n<p><label> Asunto<br \/>\n<span class=\"wpcf7-form-control-wrap\" data-name=\"your-subject\"><input size=\"40\" maxlength=\"400\" class=\"wpcf7-form-control wpcf7-text\" aria-invalid=\"false\" value=\"\" type=\"text\" name=\"your-subject\" \/><\/span> <\/label>\n<\/p>\n<p><label> Mensaje<br \/>\n<span class=\"wpcf7-form-control-wrap\" data-name=\"your-message\"><textarea cols=\"40\" rows=\"10\" maxlength=\"2000\" class=\"wpcf7-form-control wpcf7-textarea\" aria-invalid=\"false\" name=\"your-message\"><\/textarea><\/span> <\/label>\n<\/p>\n<p><span class=\"wpcf7-form-control-wrap\" data-name=\"acceptance-336\"><span class=\"wpcf7-form-control wpcf7-acceptance\"><span class=\"wpcf7-list-item\"><label><input type=\"checkbox\" name=\"acceptance-336\" value=\"1\" aria-invalid=\"false\" \/><span class=\"wpcf7-list-item-label\">He le\u00eddo y acepto la <a href=\"https:\/\/www.automotivepr.com\/es\/politica-de-privacidad\/\" data-type=\"URL\" data-id=\"https:\/\/www.automotivepr.com\/privacy-policy\/\">pol\u00edtica de privacidad y los t\u00e9rminos y condiciones de la web<\/a>.<\/span><\/label><\/span><\/span><\/span>\n<\/p>\n<p>&nbsp;\n<\/p>\n<p><button class=\"wpcf7-form-control wpcf7-submit edgtf-btn edgtf-btn-medium edgtf-btn-solid\" type=\"submit\"  data-text=\"Enviar\"><span class=\"edgtf-btn-text\">Enviar<\/span><\/button>\n<\/p><div class=\"wpcf7-response-output\" aria-hidden=\"true\"><\/div>\n<\/form>\n<\/div>\n[\/vc_column][\/vc_row][vc_row][vc_column][vc_empty_space height=\u00bb60&#8243;][\/vc_column][\/vc_row]<\/p>\n<\/div>","protected":false},"excerpt":{"rendered":"<p>[vc_row full_width=\u00bbstretch_row_content_no_spaces\u00bb][vc_column][\/vc_column][\/vc_row][vc_row full_width=\u00bbstretch_row_content_no_spaces\u00bb][vc_column offset=\u00bbvc_hidden-lg vc_hidden-md vc_hidden-sm vc_hidden-xs\u00bb][vc_gmaps link=\u00bb#E-8_JTNDaWZyYW1lJTIwc3JjJTNEJTIyaHR0cHMlM0ElMkYlMkZ3d3cuZ29vZ2xlLmNvbSUyRm1hcHMlMkZlbWJlZCUzRnBiJTNEJTIxMW0xOCUyMTFtMTIlMjExbTMlMjExZDI0ODMuNjE4ODYwNDkzNTEwNSUyMTJkLTAuMDk0Mzg1NDg0MjMwMjE1NjQlMjEzZDUxLjUwMTg2MTM3OTYzNDI5JTIxMm0zJTIxMWYwJTIxMmYwJTIxM2YwJTIxM20yJTIxMWkxMDI0JTIxMmk3NjglMjE0ZjEzLjElMjEzbTMlMjExbTIlMjExczB4MCUyNTNBMHg5YjZkNTQ5NDI4ZmJiYTY2JTIxMnNBdXRvbW90aXZlJTI1MjBQUiUyMTVlMCUyMTNtMiUyMTFzZXMlMjEyc2VzJTIxNHYxNjE1NDUyODQ5NzUzJTIxNW0yJTIxMXNlcyUyMTJzZXMlMjIlMjB3aWR0aCUzRCUyMjYwMCUyMiUyMGhlaWdodCUzRCUyMjQ1MCUyMiUyMGZyYW1lYm9yZGVyJTNEJTIyMCUyMiUyMHN0eWxlJTNEJTIyYm9yZGVyJTNBMCUzQiUyMiUyMGFsbG93ZnVsbHNjcmVlbiUzRCUyMiUyMiUyMGFyaWEtaGlkZGVuJTNEJTIyZmFsc2UlMjIlMjB0YWJpbmRleCUzRCUyMjAlMjIlM0UlM0MlMkZpZnJhbWUlM0U=\u00bb][\/vc_column][\/vc_row][vc_row css=\u00bb.vc_custom_1638383588915{margin-top: 50px !important;}\u00bb][vc_column width=\u00bb1\/2&#8243;][vc_empty_space height=\u00bb25&#8243;][vc_column_text css=\u00bb.vc_custom_1604648988913{margin-top: 10px !important;}\u00bb] Automotive PR 201 Borough [&hellip;]<\/p>\n","protected":false},"author":4,"featured_media":0,"parent":0,"menu_order":0,"comment_status":"closed","ping_status":"closed","template":"","meta":{"footnotes":""},"class_list":["post-1979","page","type-page","status-publish","hentry"],"yoast_head":"<!-- This site is optimized with the Yoast SEO plugin v26.9 - https:\/\/yoast.com\/product\/yoast-seo-wordpress\/ -->\n<title>Contacto | Automotive Pr<\/title>\n<meta name=\"description\" content=\"Contacto\" \/>\n<meta name=\"robots\" content=\"index, follow, max-snippet:-1, max-image-preview:large, max-video-preview:-1\" \/>\n<link rel=\"canonical\" href=\"https:\/\/www.automotivepr.com\/es\/contact\/\" \/>\n<meta property=\"og:locale\" content=\"es_ES\" \/>\n<meta property=\"og:type\" content=\"article\" \/>\n<meta property=\"og:title\" content=\"Contacto | Automotive Pr\" \/>\n<meta property=\"og:description\" content=\"Contacto\" \/>\n<meta property=\"og:url\" content=\"https:\/\/www.automotivepr.com\/es\/contact\/\" \/>\n<meta property=\"og:site_name\" content=\"Automotive Pr\" \/>\n<meta property=\"article:modified_time\" content=\"2025-05-12T15:09:13+00:00\" \/>\n<meta property=\"og:image\" content=\"https:\/\/www.automotivepr.com\/wp-content\/uploads\/2024\/02\/prueba.png\" \/>\n\t<meta property=\"og:image:width\" content=\"415\" \/>\n\t<meta property=\"og:image:height\" content=\"100\" \/>\n\t<meta property=\"og:image:type\" content=\"image\/png\" \/>\n<meta name=\"twitter:card\" content=\"summary_large_image\" \/>\n<meta name=\"twitter:label1\" content=\"Tiempo de lectura\" \/>\n\t<meta name=\"twitter:data1\" content=\"2 minutos\" \/>\n<script type=\"application\/ld+json\" class=\"yoast-schema-graph\">{\"@context\":\"https:\/\/schema.org\",\"@graph\":[{\"@type\":\"WebPage\",\"@id\":\"https:\/\/www.automotivepr.com\/es\/contact\/\",\"url\":\"https:\/\/www.automotivepr.com\/es\/contact\/\",\"name\":\"Contacto | Automotive Pr\",\"isPartOf\":{\"@id\":\"https:\/\/www.automotivepr.com\/#website\"},\"datePublished\":\"2019-12-11T12:25:50+00:00\",\"dateModified\":\"2025-05-12T15:09:13+00:00\",\"description\":\"Contacto\",\"breadcrumb\":{\"@id\":\"https:\/\/www.automotivepr.com\/es\/contact\/#breadcrumb\"},\"inLanguage\":\"es\",\"potentialAction\":[{\"@type\":\"ReadAction\",\"target\":[\"https:\/\/www.automotivepr.com\/es\/contact\/\"]}]},{\"@type\":\"BreadcrumbList\",\"@id\":\"https:\/\/www.automotivepr.com\/es\/contact\/#breadcrumb\",\"itemListElement\":[{\"@type\":\"ListItem\",\"position\":1,\"name\":\"Portada\",\"item\":\"https:\/\/www.automotivepr.com\/es\/\"},{\"@type\":\"ListItem\",\"position\":2,\"name\":\"Contacto\"}]},{\"@type\":\"WebSite\",\"@id\":\"https:\/\/www.automotivepr.com\/#website\",\"url\":\"https:\/\/www.automotivepr.com\/\",\"name\":\"Automotive Pr\",\"description\":\"Driving Global Communications | Automotive PR is a global partnership of specialist communications agencies serving clients in every major automotive market.\",\"publisher\":{\"@id\":\"https:\/\/www.automotivepr.com\/#organization\"},\"alternateName\":\"Automotive Pr Driving Global Communications\",\"potentialAction\":[{\"@type\":\"SearchAction\",\"target\":{\"@type\":\"EntryPoint\",\"urlTemplate\":\"https:\/\/www.automotivepr.com\/?s={search_term_string}\"},\"query-input\":{\"@type\":\"PropertyValueSpecification\",\"valueRequired\":true,\"valueName\":\"search_term_string\"}}],\"inLanguage\":\"es\"},{\"@type\":\"Organization\",\"@id\":\"https:\/\/www.automotivepr.com\/#organization\",\"name\":\"Automotive Pr\",\"alternateName\":\"Automotive Pr Driving Global Communications\",\"url\":\"https:\/\/www.automotivepr.com\/\",\"logo\":{\"@type\":\"ImageObject\",\"inLanguage\":\"es\",\"@id\":\"https:\/\/www.automotivepr.com\/#\/schema\/logo\/image\/\",\"url\":\"https:\/\/www.automotivepr.com\/wp-content\/uploads\/2024\/02\/prueba.png\",\"contentUrl\":\"https:\/\/www.automotivepr.com\/wp-content\/uploads\/2024\/02\/prueba.png\",\"width\":415,\"height\":100,\"caption\":\"Automotive Pr\"},\"image\":{\"@id\":\"https:\/\/www.automotivepr.com\/#\/schema\/logo\/image\/\"}}]}<\/script>\n<!-- \/ Yoast SEO plugin. -->","yoast_head_json":{"title":"Contacto | Automotive Pr","description":"Contacto","robots":{"index":"index","follow":"follow","max-snippet":"max-snippet:-1","max-image-preview":"max-image-preview:large","max-video-preview":"max-video-preview:-1"},"canonical":"https:\/\/www.automotivepr.com\/es\/contact\/","og_locale":"es_ES","og_type":"article","og_title":"Contacto | Automotive Pr","og_description":"Contacto","og_url":"https:\/\/www.automotivepr.com\/es\/contact\/","og_site_name":"Automotive Pr","article_modified_time":"2025-05-12T15:09:13+00:00","og_image":[{"width":415,"height":100,"url":"https:\/\/www.automotivepr.com\/wp-content\/uploads\/2024\/02\/prueba.png","type":"image\/png"}],"twitter_card":"summary_large_image","twitter_misc":{"Tiempo de lectura":"2 minutos"},"schema":{"@context":"https:\/\/schema.org","@graph":[{"@type":"WebPage","@id":"https:\/\/www.automotivepr.com\/es\/contact\/","url":"https:\/\/www.automotivepr.com\/es\/contact\/","name":"Contacto | Automotive Pr","isPartOf":{"@id":"https:\/\/www.automotivepr.com\/#website"},"datePublished":"2019-12-11T12:25:50+00:00","dateModified":"2025-05-12T15:09:13+00:00","description":"Contacto","breadcrumb":{"@id":"https:\/\/www.automotivepr.com\/es\/contact\/#breadcrumb"},"inLanguage":"es","potentialAction":[{"@type":"ReadAction","target":["https:\/\/www.automotivepr.com\/es\/contact\/"]}]},{"@type":"BreadcrumbList","@id":"https:\/\/www.automotivepr.com\/es\/contact\/#breadcrumb","itemListElement":[{"@type":"ListItem","position":1,"name":"Portada","item":"https:\/\/www.automotivepr.com\/es\/"},{"@type":"ListItem","position":2,"name":"Contacto"}]},{"@type":"WebSite","@id":"https:\/\/www.automotivepr.com\/#website","url":"https:\/\/www.automotivepr.com\/","name":"Automotive Pr","description":"Driving Global Communications | Automotive PR is a global partnership of specialist communications agencies serving clients in every major automotive market.","publisher":{"@id":"https:\/\/www.automotivepr.com\/#organization"},"alternateName":"Automotive Pr Driving Global Communications","potentialAction":[{"@type":"SearchAction","target":{"@type":"EntryPoint","urlTemplate":"https:\/\/www.automotivepr.com\/?s={search_term_string}"},"query-input":{"@type":"PropertyValueSpecification","valueRequired":true,"valueName":"search_term_string"}}],"inLanguage":"es"},{"@type":"Organization","@id":"https:\/\/www.automotivepr.com\/#organization","name":"Automotive Pr","alternateName":"Automotive Pr Driving Global Communications","url":"https:\/\/www.automotivepr.com\/","logo":{"@type":"ImageObject","inLanguage":"es","@id":"https:\/\/www.automotivepr.com\/#\/schema\/logo\/image\/","url":"https:\/\/www.automotivepr.com\/wp-content\/uploads\/2024\/02\/prueba.png","contentUrl":"https:\/\/www.automotivepr.com\/wp-content\/uploads\/2024\/02\/prueba.png","width":415,"height":100,"caption":"Automotive Pr"},"image":{"@id":"https:\/\/www.automotivepr.com\/#\/schema\/logo\/image\/"}}]}},"_links":{"self":[{"href":"https:\/\/www.automotivepr.com\/es\/wp-json\/wp\/v2\/pages\/1979","targetHints":{"allow":["GET"]}}],"collection":[{"href":"https:\/\/www.automotivepr.com\/es\/wp-json\/wp\/v2\/pages"}],"about":[{"href":"https:\/\/www.automotivepr.com\/es\/wp-json\/wp\/v2\/types\/page"}],"author":[{"embeddable":true,"href":"https:\/\/www.automotivepr.com\/es\/wp-json\/wp\/v2\/users\/4"}],"replies":[{"embeddable":true,"href":"https:\/\/www.automotivepr.com\/es\/wp-json\/wp\/v2\/comments?post=1979"}],"version-history":[{"count":0,"href":"https:\/\/www.automotivepr.com\/es\/wp-json\/wp\/v2\/pages\/1979\/revisions"}],"wp:attachment":[{"href":"https:\/\/www.automotivepr.com\/es\/wp-json\/wp\/v2\/media?parent=1979"}],"curies":[{"name":"wp","href":"https:\/\/api.w.org\/{rel}","templated":true}]}}