{"id":1997,"date":"2021-09-16T10:57:45","date_gmt":"2021-09-16T10:57:45","guid":{"rendered":"https:\/\/www.automotivepr.com\/servicios\/"},"modified":"2024-11-05T18:43:43","modified_gmt":"2024-11-05T18:43:43","slug":"servicios-automotive-pr","status":"publish","type":"page","link":"https:\/\/www.automotivepr.com\/es\/servicios-automotive-pr\/","title":{"rendered":"Servicios Automotive PR"},"content":{"rendered":"<div class=\"wpb-content-wrapper\"><p>[vc_row full_width=\u00bbstretch_row_content_no_spaces\u00bb][vc_column]<div class=\"edgtf-single-image-holder  edgtf-has-shadow \">\n    <div class=\"edgtf-si-inner\" >\n                                    <img loading=\"lazy\" decoding=\"async\" width=\"1900\" height=\"600\" src=\"https:\/\/www.automotivepr.com\/wp-content\/uploads\/2020\/11\/services-apr.jpg\" class=\"attachment-full size-full\" alt=\"\" srcset=\"https:\/\/www.automotivepr.com\/wp-content\/uploads\/2020\/11\/services-apr.jpg 1900w, https:\/\/www.automotivepr.com\/wp-content\/uploads\/2020\/11\/services-apr-300x95.jpg 300w, https:\/\/www.automotivepr.com\/wp-content\/uploads\/2020\/11\/services-apr-1024x323.jpg 1024w, https:\/\/www.automotivepr.com\/wp-content\/uploads\/2020\/11\/services-apr-768x243.jpg 768w, https:\/\/www.automotivepr.com\/wp-content\/uploads\/2020\/11\/services-apr-1536x485.jpg 1536w\" sizes=\"auto, (max-width: 1900px) 100vw, 1900px\" \/>                        <\/div>\n<\/div>[\/vc_column][\/vc_row][vc_row][vc_column][vc_empty_space height=\u00bb60px\u00bb]<div class=\"edgtf-section-title-holder  edgtf-st-standard edgtf-st-title-left edgtf-st-normal-space \" >\n\t<div class=\"edgtf-st-inner\">\n\t\t\t\t\t<h1 class=\"edgtf-st-title\" style=\"color: #003476\">\n\t\t\t\tServicios Automotive PR\t\t\t<\/h1>\n\t\t\t\t\t<\/div>\n<\/div>[vc_empty_space][vc_column_text css=\u00bb\u00bb]Los <strong>Servicios de Automotive PR<\/strong> est\u00e1n dise\u00f1ados para responder a las necesidades espec\u00edficas de las marcas automotrices, reforzando su visibilidad y reputaci\u00f3n en un mercado competitivo.<\/p>\n<p>En <a href=\"https:\/\/www.automotivepr.com\/es\/\"><strong>Automotive PR<\/strong><\/a>, nos especializamos en ofrecer <strong>relaciones p\u00fablicas<\/strong> y <strong>estrategias de comunicaci\u00f3n<\/strong> de primer nivel, adaptadas para la <strong>industria automotriz<\/strong>. Nuestro equipo proporciona <strong>relaciones con los medios<\/strong>, <strong>creaci\u00f3n de contenidos<\/strong> y <strong>consultor\u00eda estrat\u00e9gica<\/strong> para ayudar a las <strong>marcas automotrices<\/strong> a construir una s\u00f3lida gesti\u00f3n de la reputaci\u00f3n, aumentar la <strong>visibilidad de la marca<\/strong> y mejorar las <strong>comunicaciones corporativas<\/strong>. Ya sea que necesites apoyo con la <strong>gesti\u00f3n de crisis<\/strong>, <strong>lanzamientos de productos<\/strong> o <strong>relaciones con los medios<\/strong>, nuestros <strong>servicios personalizados<\/strong> garantizan que tu marca llegue a la audiencia correcta en el momento adecuado.[\/vc_column_text][\/vc_column][\/vc_row][vc_row gap=\u00bb35&#8243; css=\u00bb.vc_custom_1607942621172{padding-top: 50px !important;}\u00bb][vc_column width=\u00bb1\/2&#8243; el_id=\u00bbcommuni\u00bb][vc_row_inner][vc_column_inner width=\u00bb1\/4&#8243;][vc_single_image image=\u00bb1392&#8243; img_size=\u00bbfull\u00bb alignment=\u00bbcenter\u00bb style=\u00bbvc_box_shadow_border_circle_2&#8243;][\/vc_column_inner][vc_column_inner width=\u00bb3\/4&#8243; css=\u00bb.vc_custom_1607941200565{padding-top: 50px !important;}\u00bb]<div class=\"edgtf-section-title-holder  edgtf-st-standard edgtf-st-title-left edgtf-st-normal-space \" >\n\t<div class=\"edgtf-st-inner\">\n\t\t\t\t\t<h3 class=\"edgtf-st-title\" >\n\t\t\t\tEstrategia de Comunicaci\u00f3n\t\t\t<\/h3>\n\t\t\t\t\t<\/div>\n<\/div>[\/vc_column_inner][\/vc_row_inner][vc_row_inner css=\u00bb.vc_custom_1607941252352{padding-top: 10px !important;}\u00bb][vc_column_inner][vc_column_text css=\u00bb\u00bb]Como cualquier otro negocio, una comunicaci\u00f3n eficaz se basa en una <strong>estrategia<\/strong>. Para lograr las mejores historias hay que utilizar los mensajes correctos, a trav\u00e9s de los canales exactos y de la manera adecuada.<\/p>\n<p>Identificar d\u00f3nde necesita ser visto, qu\u00e9 necesita decir, y considerar los requisitos espec\u00edficos de los <strong>medios de comunicaci\u00f3n<\/strong> pertinentes forma parte de nuestro asesoramiento y de nuestra planificaci\u00f3n estrat\u00e9gica.[\/vc_column_text][\/vc_column_inner][\/vc_row_inner][\/vc_column][vc_column width=\u00bb1\/2&#8243; el_id=\u00bbsocial\u00bb][vc_row_inner][vc_column_inner width=\u00bb1\/4&#8243;][vc_single_image image=\u00bb1422&#8243; img_size=\u00bbfull\u00bb alignment=\u00bbcenter\u00bb style=\u00bbvc_box_shadow_border_circle_2&#8243;][\/vc_column_inner][vc_column_inner width=\u00bb3\/4&#8243; css=\u00bb.vc_custom_1607942225426{padding-top: 50px !important;}\u00bb]<div class=\"edgtf-section-title-holder  edgtf-st-standard edgtf-st-title-left edgtf-st-normal-space \" >\n\t<div class=\"edgtf-st-inner\">\n\t\t\t\t\t<h3 class=\"edgtf-st-title\" >\n\t\t\t\tComunicaci\u00f3n digital y redes sociales\t\t\t<\/h3>\n\t\t\t\t\t<\/div>\n<\/div>[\/vc_column_inner][\/vc_row_inner][vc_column_text css=\u00bb\u00bb]Twitter, Instagram, YouTube, LinkedIn,&#8230; tanto si est\u00e1 dando sus primeros pasos en el <strong>marketing digital<\/strong> y las redes sociales o si ya cuenta con un equipo interno dedicado, podemos ayudarle.<\/p>\n<p>Proponemos la <strong>estrategia a seguir<\/strong>, los ejes de la comunicaci\u00f3n y el contenido para sus <strong>redes sociales<\/strong> y canales en la red, desde el desarrollo de la web, hasta la mejor combinaci\u00f3n de <strong>publicidad online<\/strong>, ya sea escrita, gr\u00e1fica o en formato v\u00eddeo.[\/vc_column_text][\/vc_column][\/vc_row][vc_row css=\u00bb.vc_custom_1607942704161{padding-top: 50px !important;}\u00bb][vc_column width=\u00bb1\/2&#8243; css=\u00bb.vc_custom_1618843516969{background-color: #ffffff !important;}\u00bb el_id=\u00bbcontent\u00bb][vc_row_inner][vc_column_inner width=\u00bb1\/4&#8243;][vc_single_image image=\u00bb1407&#8243; img_size=\u00bbfull\u00bb alignment=\u00bbcenter\u00bb style=\u00bbvc_box_shadow_border_circle_2&#8243;][\/vc_column_inner][vc_column_inner width=\u00bb3\/4&#8243; css=\u00bb.vc_custom_1607942225426{padding-top: 50px !important;}\u00bb]<div class=\"edgtf-section-title-holder  edgtf-st-standard edgtf-st-title-left edgtf-st-normal-space \" >\n\t<div class=\"edgtf-st-inner\">\n\t\t\t\t\t<h3 class=\"edgtf-st-title\" >\n\t\t\t\tCreaci\u00f3n de contenido\t\t\t<\/h3>\n\t\t\t\t\t<\/div>\n<\/div>[\/vc_column_inner][\/vc_row_inner][vc_column_text css=\u00bb\u00bb]Elaboramos contenido en todas sus formas &#8211; textos, im\u00e1genes, v\u00eddeos y animaciones &#8211; para contar grandes historias.<\/p>\n<p>Todos nuestros equipos de la red son expertos en redacci\u00f3n, creando el contenido adecuado para apoyar sus necesidades de comunicaci\u00f3n de marketing. Apoyados por estudios creativos internos, nuestros equipos pueden tanto escenarizar como visualizar, utilizando pel\u00edculas, <a href=\"https:\/\/www.adobe.com\/es\/creativecloud\/animation\/discover\/cgi-animation.html\" target=\"_blank\" rel=\"noopener\"><strong>animaci\u00f3n digital y CGI<\/strong><\/a>, para todos tipo de canales y plataformas.[\/vc_column_text][\/vc_column][vc_column width=\u00bb1\/2&#8243; css=\u00bb.vc_custom_1618843635309{background-color: #ffffff !important;}\u00bb el_id=\u00bbpr\u00bb][vc_row_inner][vc_column_inner width=\u00bb1\/4&#8243;][vc_single_image image=\u00bb1397&#8243; img_size=\u00bbfull\u00bb alignment=\u00bbcenter\u00bb style=\u00bbvc_box_shadow_border_circle_2&#8243;][\/vc_column_inner][vc_column_inner width=\u00bb3\/4&#8243; css=\u00bb.vc_custom_1607942391045{padding-top: 50px !important;}\u00bb]<div class=\"edgtf-section-title-holder  edgtf-st-standard edgtf-st-title-left edgtf-st-normal-space \" >\n\t<div class=\"edgtf-st-inner\">\n\t\t\t\t\t<h3 class=\"edgtf-st-title\" >\n\t\t\t\tRRPP &amp; medios de comunicaci\u00f3n\t\t\t<\/h3>\n\t\t\t\t\t<\/div>\n<\/div>[\/vc_column_inner][\/vc_row_inner][vc_column_text css=\u00bb\u00bb]Nuestros expertos en <strong>RRPP<\/strong> y relaciones con los medios tienen un profundo entendimento del entramado del panorma medi\u00e1tico de sus respectivos pa\u00edses. Cada uno de ellos mantiene estrechas relaciones con los <strong>periodistas<\/strong>, ya sean <strong>peri\u00f3dicos nacionales<\/strong> o regionales, <strong>programas de televisi\u00f3n<\/strong>, <strong>revistas<\/strong> de consumo y <strong>prensa especializada<\/strong>.<\/p>\n<p>Desde <strong>campa\u00f1as de comunicaci\u00f3n<\/strong> para exponer su marca hasta formaci\u00f3n de portavoces para entrevistas, nuestros <strong>expertos en RRPP<\/strong> pueden ayudarle.[\/vc_column_text][\/vc_column][\/vc_row][vc_row css=\u00bb.vc_custom_1607942720869{padding-top: 50px !important;}\u00bb][vc_column width=\u00bb1\/2&#8243; css=\u00bb.vc_custom_1618843539700{background-color: #ffffff !important;}\u00bb el_id=\u00bbinternal\u00bb][vc_row_inner][vc_column_inner width=\u00bb1\/4&#8243;][vc_single_image image=\u00bb1412&#8243; img_size=\u00bbfull\u00bb alignment=\u00bbcenter\u00bb style=\u00bbvc_box_shadow_border_circle_2&#8243;][\/vc_column_inner][vc_column_inner width=\u00bb3\/4&#8243; css=\u00bb.vc_custom_1607942225426{padding-top: 50px !important;}\u00bb]<div class=\"edgtf-section-title-holder  edgtf-st-standard edgtf-st-title-left edgtf-st-normal-space \" >\n\t<div class=\"edgtf-st-inner\">\n\t\t\t\t\t<h3 class=\"edgtf-st-title\" >\n\t\t\t\tComunicaci\u00f3n interna\t\t\t<\/h3>\n\t\t\t\t\t<\/div>\n<\/div>[\/vc_column_inner][\/vc_row_inner][vc_column_text css=\u00bb\u00bb]La forma de comunicarse con sus empleados es igual de importante que la forma de comunicarse sus clientes. Su personal es su mayor activo y representa a su marca de cara al p\u00fablico externo.<\/p>\n<p>La forma de comunicarse con sus empleados es igual de importante que la forma de comunicarse sus clientes.[\/vc_column_text][\/vc_column][vc_column width=\u00bb1\/2&#8243; css=\u00bb.vc_custom_1618843557122{background-color: #ffffff !important;}\u00bb el_id=\u00bbmarketing\u00bb][vc_row_inner][vc_column_inner width=\u00bb1\/4&#8243;][vc_single_image image=\u00bb1417&#8243; img_size=\u00bbfull\u00bb alignment=\u00bbcenter\u00bb style=\u00bbvc_box_shadow_border_circle_2&#8243;][\/vc_column_inner][vc_column_inner width=\u00bb3\/4&#8243; css=\u00bb.vc_custom_1607942391045{padding-top: 50px !important;}\u00bb]<div class=\"edgtf-section-title-holder  edgtf-st-standard edgtf-st-title-left edgtf-st-normal-space \" >\n\t<div class=\"edgtf-st-inner\">\n\t\t\t\t\t<h3 class=\"edgtf-st-title\" >\n\t\t\t\tComunicaci\u00f3n de marketing\t\t\t<\/h3>\n\t\t\t\t\t<\/div>\n<\/div>[\/vc_column_inner][\/vc_row_inner][vc_row_inner][vc_column_inner][vc_column_text css=\u00bb\u00bb]El <strong>marketing<\/strong> es una parte integral de nuestra forma de pensar, y el <strong>equipo de APR<\/strong> tiene amplia experiencia en la <strong>creaci\u00f3n de textos<\/strong> para una gran variedad de <strong>material de marketing<\/strong>.<\/p>\n<p>Nos familiarizamos con sus productos, tecnolog\u00edas y mercados para generar una gran variedad de material de marketing, desde folletos, infograf\u00edas y publicidad impresa hasta presentaciones y guiones de v\u00eddeo, para apoyar sus <strong>objetivos comerciales<\/strong>.[\/vc_column_text][\/vc_column_inner][\/vc_row_inner][\/vc_column][\/vc_row][vc_row css=\u00bb.vc_custom_1607942727035{padding-top: 50px !important;}\u00bb][vc_column width=\u00bb1\/2&#8243; css=\u00bb.vc_custom_1618843489736{background-color: #ffffff !important;}\u00bb el_id=\u00bbcrisis\u00bb][vc_row_inner][vc_column_inner width=\u00bb1\/4&#8243;][vc_single_image image=\u00bb1402&#8243; img_size=\u00bbfull\u00bb alignment=\u00bbcenter\u00bb style=\u00bbvc_box_shadow_border_circle_2&#8243;][\/vc_column_inner][vc_column_inner width=\u00bb3\/4&#8243; css=\u00bb.vc_custom_1607941893953{padding-top: 50px !important;}\u00bb]<div class=\"edgtf-section-title-holder  edgtf-st-standard edgtf-st-title-left edgtf-st-normal-space \" >\n\t<div class=\"edgtf-st-inner\">\n\t\t\t\t\t<h3 class=\"edgtf-st-title\" >\n\t\t\t\tComunicaci\u00f3n de crisis\t\t\t<\/h3>\n\t\t\t\t\t<\/div>\n<\/div>[\/vc_column_inner][\/vc_row_inner][vc_column_text css=\u00bb\u00bb]Comunicar de forma clara y oportuna durante una crisis es de suma importancia. C\u00f3mo comunicar con sus empleados, <strong>la prensa<\/strong> y el p\u00fablico puede tener una influencia considerable en la manera en la que su empresa emerger\u00e1 de la crisis.<\/p>\n<p>Nuestros <strong>expertos en relaciones p\u00fablicas<\/strong> cuentan con una s\u00f3lida experiencia a la hora de ayudar a sus clientes a atravesar situaciones dif\u00edciles desde una perspectiva de comunicaci\u00f3n, permiti\u00e9ndoles mantener su reputaci\u00f3n y la continuidad de su negocio.[\/vc_column_text][\/vc_column][vc_column width=\u00bb1\/2&#8243; css=\u00bb.vc_custom_1618843592982{background-color: #ffffff !important;}\u00bb el_id=\u00bbevents\u00bb][vc_row_inner][vc_column_inner width=\u00bb1\/4&#8243;][vc_single_image image=\u00bb781&#8243; img_size=\u00bbfull\u00bb alignment=\u00bbcenter\u00bb style=\u00bbvc_box_shadow_border_circle_2&#8243;][\/vc_column_inner][vc_column_inner width=\u00bb3\/4&#8243; css=\u00bb.vc_custom_1607942391045{padding-top: 50px !important;}\u00bb]<div class=\"edgtf-section-title-holder  edgtf-st-standard edgtf-st-title-left edgtf-st-normal-space \" >\n\t<div class=\"edgtf-st-inner\">\n\t\t\t\t\t<h3 class=\"edgtf-st-title\" >\n\t\t\t\tEventos\t\t\t<\/h3>\n\t\t\t\t\t<\/div>\n<\/div>[\/vc_column_inner][\/vc_row_inner][vc_row_inner][vc_column_inner][vc_column_text css=\u00bb\u00bb]Tenemos amplia experiencia en la concepci\u00f3n y realizaci\u00f3n de todo de tipo de <strong>eventos digitales<\/strong> y en directo, con una capacidad de servicio completo y a escala internacional.<\/p>\n<p>Nuestro equipo crea plataformas integradas de <strong>reuniones online<\/strong>, planes t\u00e9cnicos completos y renders CAD en 3D, decorados y puestas en escena e iluminaci\u00f3n. Dise\u00f1amos itinerarios detallados para los invitados garantizando una experiencia \u00f3ptima desde el momento de la invitaci\u00f3n hasta la despedida.[\/vc_column_text][\/vc_column_inner][\/vc_row_inner][\/vc_column][\/vc_row][vc_row][vc_column][vc_empty_space height=\u00bb80&#8243;][\/vc_column][\/vc_row]<\/p>\n<\/div>","protected":false},"excerpt":{"rendered":"<p>[vc_row full_width=\u00bbstretch_row_content_no_spaces\u00bb][vc_column][\/vc_column][\/vc_row][vc_row][vc_column][vc_empty_space height=\u00bb60px\u00bb][vc_empty_space][vc_column_text css=\u00bb\u00bb]Los Servicios de Automotive PR est\u00e1n dise\u00f1ados para responder a las necesidades espec\u00edficas de las marcas automotrices, [&hellip;]<\/p>\n","protected":false},"author":4,"featured_media":0,"parent":0,"menu_order":0,"comment_status":"closed","ping_status":"closed","template":"","meta":{"footnotes":""},"class_list":["post-1997","page","type-page","status-publish","hentry"],"yoast_head":"<!-- This site is optimized with the Yoast SEO plugin v26.9 - https:\/\/yoast.com\/product\/yoast-seo-wordpress\/ -->\n<title>Servicios Automotive PR | Automotive Pr<\/title>\n<meta name=\"description\" content=\"Servicios Automotive PR. Estrategia de comunicaci\u00f3n, medios digitales y sociales, creaci\u00f3n de contenidos, marketing y eventos a escala global.\" \/>\n<meta name=\"robots\" content=\"index, follow, max-snippet:-1, max-image-preview:large, max-video-preview:-1\" \/>\n<link rel=\"canonical\" href=\"https:\/\/www.automotivepr.com\/es\/servicios-automotive-pr\/\" \/>\n<meta property=\"og:locale\" content=\"es_ES\" \/>\n<meta property=\"og:type\" content=\"article\" \/>\n<meta property=\"og:title\" content=\"Servicios Automotive PR | Automotive Pr\" \/>\n<meta property=\"og:description\" content=\"Servicios Automotive PR. Estrategia de comunicaci\u00f3n, medios digitales y sociales, creaci\u00f3n de contenidos, marketing y eventos a escala global.\" \/>\n<meta property=\"og:url\" content=\"https:\/\/www.automotivepr.com\/es\/servicios-automotive-pr\/\" \/>\n<meta property=\"og:site_name\" content=\"Automotive Pr\" \/>\n<meta property=\"article:modified_time\" content=\"2024-11-05T18:43:43+00:00\" \/>\n<meta property=\"og:image\" content=\"https:\/\/www.automotivepr.com\/wp-content\/uploads\/2024\/02\/prueba.png\" \/>\n\t<meta property=\"og:image:width\" content=\"415\" \/>\n\t<meta property=\"og:image:height\" content=\"100\" \/>\n\t<meta property=\"og:image:type\" content=\"image\/png\" \/>\n<meta name=\"twitter:card\" content=\"summary_large_image\" \/>\n<meta name=\"twitter:label1\" content=\"Tiempo de lectura\" \/>\n\t<meta name=\"twitter:data1\" content=\"4 minutos\" \/>\n<script type=\"application\/ld+json\" class=\"yoast-schema-graph\">{\"@context\":\"https:\/\/schema.org\",\"@graph\":[{\"@type\":\"WebPage\",\"@id\":\"https:\/\/www.automotivepr.com\/es\/servicios-automotive-pr\/\",\"url\":\"https:\/\/www.automotivepr.com\/es\/servicios-automotive-pr\/\",\"name\":\"Servicios Automotive PR | Automotive Pr\",\"isPartOf\":{\"@id\":\"https:\/\/www.automotivepr.com\/#website\"},\"datePublished\":\"2021-09-16T10:57:45+00:00\",\"dateModified\":\"2024-11-05T18:43:43+00:00\",\"description\":\"Servicios Automotive PR. Estrategia de comunicaci\u00f3n, medios digitales y sociales, creaci\u00f3n de contenidos, marketing y eventos a escala global.\",\"breadcrumb\":{\"@id\":\"https:\/\/www.automotivepr.com\/es\/servicios-automotive-pr\/#breadcrumb\"},\"inLanguage\":\"es\",\"potentialAction\":[{\"@type\":\"ReadAction\",\"target\":[\"https:\/\/www.automotivepr.com\/es\/servicios-automotive-pr\/\"]}]},{\"@type\":\"BreadcrumbList\",\"@id\":\"https:\/\/www.automotivepr.com\/es\/servicios-automotive-pr\/#breadcrumb\",\"itemListElement\":[{\"@type\":\"ListItem\",\"position\":1,\"name\":\"Portada\",\"item\":\"https:\/\/www.automotivepr.com\/es\/\"},{\"@type\":\"ListItem\",\"position\":2,\"name\":\"Servicios Automotive PR\"}]},{\"@type\":\"WebSite\",\"@id\":\"https:\/\/www.automotivepr.com\/#website\",\"url\":\"https:\/\/www.automotivepr.com\/\",\"name\":\"Automotive Pr\",\"description\":\"Driving Global Communications | Automotive PR is a global partnership of specialist communications agencies serving clients in every major automotive market.\",\"publisher\":{\"@id\":\"https:\/\/www.automotivepr.com\/#organization\"},\"alternateName\":\"Automotive Pr Driving Global Communications\",\"potentialAction\":[{\"@type\":\"SearchAction\",\"target\":{\"@type\":\"EntryPoint\",\"urlTemplate\":\"https:\/\/www.automotivepr.com\/?s={search_term_string}\"},\"query-input\":{\"@type\":\"PropertyValueSpecification\",\"valueRequired\":true,\"valueName\":\"search_term_string\"}}],\"inLanguage\":\"es\"},{\"@type\":\"Organization\",\"@id\":\"https:\/\/www.automotivepr.com\/#organization\",\"name\":\"Automotive Pr\",\"alternateName\":\"Automotive Pr Driving Global Communications\",\"url\":\"https:\/\/www.automotivepr.com\/\",\"logo\":{\"@type\":\"ImageObject\",\"inLanguage\":\"es\",\"@id\":\"https:\/\/www.automotivepr.com\/#\/schema\/logo\/image\/\",\"url\":\"https:\/\/www.automotivepr.com\/wp-content\/uploads\/2024\/02\/prueba.png\",\"contentUrl\":\"https:\/\/www.automotivepr.com\/wp-content\/uploads\/2024\/02\/prueba.png\",\"width\":415,\"height\":100,\"caption\":\"Automotive Pr\"},\"image\":{\"@id\":\"https:\/\/www.automotivepr.com\/#\/schema\/logo\/image\/\"}}]}<\/script>\n<!-- \/ Yoast SEO plugin. -->","yoast_head_json":{"title":"Servicios Automotive PR | Automotive Pr","description":"Servicios Automotive PR. Estrategia de comunicaci\u00f3n, medios digitales y sociales, creaci\u00f3n de contenidos, marketing y eventos a escala global.","robots":{"index":"index","follow":"follow","max-snippet":"max-snippet:-1","max-image-preview":"max-image-preview:large","max-video-preview":"max-video-preview:-1"},"canonical":"https:\/\/www.automotivepr.com\/es\/servicios-automotive-pr\/","og_locale":"es_ES","og_type":"article","og_title":"Servicios Automotive PR | Automotive Pr","og_description":"Servicios Automotive PR. Estrategia de comunicaci\u00f3n, medios digitales y sociales, creaci\u00f3n de contenidos, marketing y eventos a escala global.","og_url":"https:\/\/www.automotivepr.com\/es\/servicios-automotive-pr\/","og_site_name":"Automotive Pr","article_modified_time":"2024-11-05T18:43:43+00:00","og_image":[{"width":415,"height":100,"url":"https:\/\/www.automotivepr.com\/wp-content\/uploads\/2024\/02\/prueba.png","type":"image\/png"}],"twitter_card":"summary_large_image","twitter_misc":{"Tiempo de lectura":"4 minutos"},"schema":{"@context":"https:\/\/schema.org","@graph":[{"@type":"WebPage","@id":"https:\/\/www.automotivepr.com\/es\/servicios-automotive-pr\/","url":"https:\/\/www.automotivepr.com\/es\/servicios-automotive-pr\/","name":"Servicios Automotive PR | Automotive Pr","isPartOf":{"@id":"https:\/\/www.automotivepr.com\/#website"},"datePublished":"2021-09-16T10:57:45+00:00","dateModified":"2024-11-05T18:43:43+00:00","description":"Servicios Automotive PR. Estrategia de comunicaci\u00f3n, medios digitales y sociales, creaci\u00f3n de contenidos, marketing y eventos a escala global.","breadcrumb":{"@id":"https:\/\/www.automotivepr.com\/es\/servicios-automotive-pr\/#breadcrumb"},"inLanguage":"es","potentialAction":[{"@type":"ReadAction","target":["https:\/\/www.automotivepr.com\/es\/servicios-automotive-pr\/"]}]},{"@type":"BreadcrumbList","@id":"https:\/\/www.automotivepr.com\/es\/servicios-automotive-pr\/#breadcrumb","itemListElement":[{"@type":"ListItem","position":1,"name":"Portada","item":"https:\/\/www.automotivepr.com\/es\/"},{"@type":"ListItem","position":2,"name":"Servicios Automotive PR"}]},{"@type":"WebSite","@id":"https:\/\/www.automotivepr.com\/#website","url":"https:\/\/www.automotivepr.com\/","name":"Automotive Pr","description":"Driving Global Communications | Automotive PR is a global partnership of specialist communications agencies serving clients in every major automotive market.","publisher":{"@id":"https:\/\/www.automotivepr.com\/#organization"},"alternateName":"Automotive Pr Driving Global Communications","potentialAction":[{"@type":"SearchAction","target":{"@type":"EntryPoint","urlTemplate":"https:\/\/www.automotivepr.com\/?s={search_term_string}"},"query-input":{"@type":"PropertyValueSpecification","valueRequired":true,"valueName":"search_term_string"}}],"inLanguage":"es"},{"@type":"Organization","@id":"https:\/\/www.automotivepr.com\/#organization","name":"Automotive Pr","alternateName":"Automotive Pr Driving Global Communications","url":"https:\/\/www.automotivepr.com\/","logo":{"@type":"ImageObject","inLanguage":"es","@id":"https:\/\/www.automotivepr.com\/#\/schema\/logo\/image\/","url":"https:\/\/www.automotivepr.com\/wp-content\/uploads\/2024\/02\/prueba.png","contentUrl":"https:\/\/www.automotivepr.com\/wp-content\/uploads\/2024\/02\/prueba.png","width":415,"height":100,"caption":"Automotive Pr"},"image":{"@id":"https:\/\/www.automotivepr.com\/#\/schema\/logo\/image\/"}}]}},"_links":{"self":[{"href":"https:\/\/www.automotivepr.com\/es\/wp-json\/wp\/v2\/pages\/1997","targetHints":{"allow":["GET"]}}],"collection":[{"href":"https:\/\/www.automotivepr.com\/es\/wp-json\/wp\/v2\/pages"}],"about":[{"href":"https:\/\/www.automotivepr.com\/es\/wp-json\/wp\/v2\/types\/page"}],"author":[{"embeddable":true,"href":"https:\/\/www.automotivepr.com\/es\/wp-json\/wp\/v2\/users\/4"}],"replies":[{"embeddable":true,"href":"https:\/\/www.automotivepr.com\/es\/wp-json\/wp\/v2\/comments?post=1997"}],"version-history":[{"count":0,"href":"https:\/\/www.automotivepr.com\/es\/wp-json\/wp\/v2\/pages\/1997\/revisions"}],"wp:attachment":[{"href":"https:\/\/www.automotivepr.com\/es\/wp-json\/wp\/v2\/media?parent=1997"}],"curies":[{"name":"wp","href":"https:\/\/api.w.org\/{rel}","templated":true}]}}