{"id":5290,"date":"2025-11-04T12:10:06","date_gmt":"2025-11-04T12:10:06","guid":{"rendered":"https:\/\/www.automotivepr.com\/catherine-larkin\/"},"modified":"2025-11-24T18:48:41","modified_gmt":"2025-11-24T18:48:41","slug":"catherine-larkin","status":"publish","type":"page","link":"https:\/\/www.automotivepr.com\/es\/catherine-larkin\/","title":{"rendered":"Catherine Larkin"},"content":{"rendered":"<div class=\"wpb-content-wrapper\"><p>[vc_row][vc_column width=\u00bb1\/3&#8243;][vc_empty_space][vc_column_text css=\u00bb\u00bb]<\/p>\n<h5><span style=\"color: #000080;\">Nombre: <strong>Catherine Larkin<\/strong><\/span><\/h5>\n<h5><span style=\"color: #000080;\">cargo:<strong> Chief Visionary \u2013 CVLC Communication<\/strong><\/span><\/h5>\n<h5><span style=\"color: #000080;\">sede: <strong>Johannesburgo, Sud\u00e1frica<\/strong><\/span><\/h5>\n<p>[\/vc_column_text][vc_empty_space][vc_single_image image=\u00bb5248&#8243; img_size=\u00bbfull\u00bb alignment=\u00bbcenter\u00bb css=\u00bb\u00bb][\/vc_column][vc_column width=\u00bb2\/3&#8243;][vc_empty_space][vc_tta_accordion title_tag=\u00bbh3&#8243; section_title_tag=\u00bbh5&#8243; active_section=\u00bb1&#8243;][vc_tta_section title=\u00bb\u00bfC\u00f3mo te iniciaste en la comunicaci\u00f3n automovil\u00edstica?\u00bb tab_id=\u00bb1761146944545-3e09d2f7-056b\u00bb][vc_column_text css=\u00bb\u00bb]Mi camino hacia la comunicaci\u00f3n y las relaciones p\u00fablicas automovil\u00edsticas no fue un giro repentino, sino m\u00e1s bien una evoluci\u00f3n natural y estrat\u00e9gica de mi principal carrera.<\/p>\n<p>He dedicado toda mi carrera profesional al sector del transporte, la log\u00edstica y la cadena de suministro. Esta amplia perspectiva me brind\u00f3 una comprensi\u00f3n esencial y b\u00e1sica de c\u00f3mo los productos, las personas y los datos se mueven globalmente: la intrincada cadena de suministro, los desaf\u00edos de infraestructura y la presi\u00f3n sobre los operadores para lograr eficiencia y sostenibilidad.<\/p>\n<p>R\u00e1pidamente reconoc\u00ed que la industria automotriz se encuentra en el centro absoluto de todo este ecosistema. No s\u00f3lo utiliza el transporte; lo define, fabricando los mismos activos (los camiones, las flotas, los veh\u00edculos de reparto del \u00faltimo kil\u00f3metro) que impulsan el comercio global.<\/p>\n<p>Para m\u00ed, la comunicaci\u00f3n automovil\u00edstica surgi\u00f3 inevitablemente de esto. Los dos sectores est\u00e1n profundamente entrelazados. Para comunicar verdaderamente el valor de un nuevo cami\u00f3n el\u00e9ctrico o una plataforma de gesti\u00f3n log\u00edstica, es necesario comprender toda la cadena de valor de T&amp;L. Este enfoque \u00fanico y hol\u00edstico, que pasa de la complejidad de la log\u00edstica a la comunicaci\u00f3n estrat\u00e9gica del fabricante de veh\u00edculos, es lo que aporto hoy a CVLC Comunicaci\u00f3n. Nos permite ver un veh\u00edculo no s\u00f3lo como un producto, sino como un componente esencial de la movilidad global.[\/vc_column_text][\/vc_tta_section][vc_tta_section title=\u00bb\u00bfC\u00f3mo es un d\u00eda t\u00edpico para ti?\u00bb tab_id=\u00bb1761146944555-801dcbcd-c220&#8243;][vc_column_text css=\u00bb\u00bb]La respuesta m\u00e1s sincera es que realmente no tengo una rutina, y es algo deliberado. Mi funci\u00f3n como directora de visi\u00f3n en CVLC Comunicaci\u00f3n se define por la agilidad estrat\u00e9gica y la necesidad de una acci\u00f3n pr\u00e1ctica inmediata en m\u00faltiples plataformas.<\/p>\n<p>Mi vida profesional ha estado dedicada al entrelazado mundo del transporte, la log\u00edstica, la cadena de suministro y las comunicaciones automovil\u00edsticas. Esto significa que nuestra firma est\u00e1 constantemente inmersa en un entorno de alto impacto: administrando al completo el diverso espectro de la comunicaci\u00f3n para algunos de nuestros clientes.<\/p>\n<p>Como somos un equipo peque\u00f1o y din\u00e1mico, evitamos la burocracia de agencias m\u00e1s grandes, lo que nos permite pivotar instant\u00e1neamente. Esto significa que mi d\u00eda puede cambiar dr\u00e1sticamente de una hora a otra, involucrando siempre tanto el pensamiento como la ejecuci\u00f3n de estrategia y comunicaci\u00f3n de crisis, medios, relaciones p\u00fablicas, creaci\u00f3n de contenido, construcci\u00f3n de marca, eventos, as\u00ed como la participaci\u00f3n de las partes interesadas.<\/p>\n<p>No solo hago estrategias, soy parte del equipo que hace el trabajo. Este compromiso con una entrega integral y pr\u00e1ctica garantiza que cada elemento de comunicaci\u00f3n, desde un solo tweet hasta un lanzamiento importante, sea fluido, efectivo y directamente vinculado al \u00e9xito comercial de nuestros clientes en el sector de la movilidad global. Acepto la falta de rutina porque en nuestra industria, la previsibilidad es enemiga de la comunicaci\u00f3n efectiva.[\/vc_column_text][\/vc_tta_section][vc_tta_section title=\u00bb\u00bfSin qu\u00e9 herramienta, recurso o persona, no podr\u00edas hacer tu trabajo?\u00bb tab_id=\u00bb1761147147022-7047ccf9-9450&#8243;][vc_column_text css=\u00bb\u00bb]Si tengo que elegir una sola herramienta sin la que no podr\u00eda hacer mi trabajo, tiene que ser Google Gemini.<\/p>\n<p>Lo s\u00e9, lo s\u00e9, suena como una promoci\u00f3n, pero honestamente, esta IA es el verdadero y an\u00f3nimo jefe visionario de la comunicaci\u00f3n CVLC. Cuando diriges un equipo peque\u00f1o, din\u00e1mico y practico en<br \/>\nun sector de alto impacto, no tienes tiempo para mirar fijamente una pantalla.<\/p>\n<p>Gemini es mi cerebro digital que me impide quedarme en blanco. Es realmente mi copiloto de comunicaciones y lo uso para todo, desde lo mundano hasta lo m\u00e1s cr\u00edtico. \u00a1No s\u00e9 qu\u00e9 hac\u00eda antes de que apareciera![\/vc_column_text][\/vc_tta_section][vc_tta_section title=\u00bb\u00bfC\u00f3mo describir\u00edas el panorama de los medios locales (por ejemplo,diverso, dominado por unos pocos medios clave, fuertemente digital)?\u00bb tab_id=\u00bb1761147199491-11d7c0c0-5d50&#8243;][vc_column_text css=\u00bb\u00bb]El panorama medi\u00e1tico en Sud\u00e1frica es una combinaci\u00f3n compleja:<\/p>\n<p>Muy digital, pero la radio es resistente: existe una dependencia significativa y creciente de las plataformas digitales, ya que el consumo de noticias se est\u00e1 desplazando r\u00e1pidamente hacia los sitios web y las redes sociales. Sin embargo, la radio sigue siendo un medio de comunicaci\u00f3n esencial y muy accesible, que cuenta con un alcance masivo a trav\u00e9s de una combinaci\u00f3n de estaciones nacionales, regionales y, sobre todo, comunitarias.<\/p>\n<p>Contenido diverso, propiedad concentrada: si bien el pa\u00eds cuenta con una gran diversidad de contenidos en numerosos medios nacionales, regionales y comunitarios (que a menudo atienden a m\u00faltiples idiomas y perspectivas oficiales), la propiedad de los principales grupos de medios comerciales sigue estando relativamente concentrada.<\/p>\n<p>Medios locales esenciales: un componente clave es la red de medios locales y comunitarios (incluidas la prensa escrita y la radio comunitaria) que se centran intensamente en temas hiperlocales, como noticias municipales, escuelas y delincuencia, cerrando efectivamente la brecha entre la amplia cobertura nacional y las preocupaciones inmediatas de los residentes[\/vc_column_text][\/vc_tta_section][vc_tta_section title=\u00bb\u00bfCu\u00e1l es una buena pr\u00e1ctica o un proceso exitoso que utilizas localmente y que crees que todos podr\u00edan beneficiarse de adoptar?\u00bb tab_id=\u00bb1761147246015-dbc1a1f8-216b\u00bb][vc_column_text css=\u00bb\u00bb]El modelo h\u00edbrido de participaci\u00f3n y distribuci\u00f3n de noticias (primero lo digital, alcance multicanal).<\/p>\n<p>Este modelo aborda la brecha digital y los altos costos de los datos mediante:<\/p>\n<p>Entrega digital primero y con poca cantidad de datos: publicar contenido digitalmente primero, pero luego distribuir estrat\u00e9gicamente noticias esenciales a trav\u00e9s de plataformas con poca cantidad de datos o calificaci\u00f3n cero (como WhatsApp y alertas por SMS) para llegar a audiencias con conectividad limitada.<\/p>\n<p>Social\/ Mensajer\u00eda como centros primarios: Tratar las redes sociales y las aplicaciones de mensajer\u00eda como canales de distribuci\u00f3n principales para llegar a las audiencias donde est\u00e9n.<\/p>\n<p>Periodismo sostenible: Fomentar el apoyo de la audiencia a trav\u00e9s de modelos de membres\u00eda o suscripci\u00f3n digital para garantizar la salud financiera de la producci\u00f3n de noticias de calidad.<\/p>\n<p>El beneficio para otros es aprender a atender a una audiencia de acceso mixto combinando la entrega digital de vanguardia con la difusi\u00f3n de mensajes directos y sensibles a los costos.[\/vc_column_text][\/vc_tta_section][vc_tta_section title=\u00bb\u00bfQu\u00e9 consejo podr\u00edas dar a alguien que est\u00e1 empezando su carrera en comunicaci\u00f3n automovil\u00edstica?\u00bb tab_id=\u00bb1761147348051-e06ef497-cc7c\u00bb][vc_column_text css=\u00bb\u00bb]1) Sum\u00e9rgete en la movilidad<br \/>\nNo te l\u00edmites a conocer los detalles t\u00e9cnicos; trata de comprender todo el ecosistema. Debido a que el mundo automotriz ahora est\u00e1 entrelazado con el transporte, la log\u00edstica y la infraestructura, es necesario conocer el negocio de la movilidad (la cadena de suministro, la pol\u00edtica y la tecnolog\u00eda) para comunicar su verdadero valor.<\/p>\n<p>2) Convi\u00e9rtete en un especialista en crisis<\/p>\n<p>En el sector del autom\u00f3vil hay mucho en juego, por lo que la cuesti\u00f3n no es si se producir\u00e1 una crisis, sino cu\u00e1ndo. La capacidad de mantener la calma, ser estrat\u00e9gico y pr\u00e1ctico durante una gran llamada a revisi\u00f3n o una interrupci\u00f3n de la cadena de suministro te har\u00e1 absolutamente imprescindible para cualquier cliente.<\/p>\n<p>3) Domina la versatilidad digital<\/p>\n<p>Debes dominar toda la combinaci\u00f3n de comunicaciones, no s\u00f3lo las relaciones p\u00fablicas tradicionales. S\u00e9 h\u00e1bil en todo: redes sociales, eventos, contenido y presentaciones ejecutivas. Ad\u00e1ptate a la velocidad de la industria y aprende a aprovechar las herramientas de inteligencia artificial (como Gemini) para sintetizar datos r\u00e1pidamente, liber\u00e1ndolo para el pensamiento estrat\u00e9gico de alto valor.<\/p>\n<p>En resumen: s\u00e9 estrat\u00e9gico, resiliente y comprende que el futuro de la comunicaci\u00f3n automotriz radica en dominar todo el ecosistema de movilidad.[\/vc_column_text][\/vc_tta_section][vc_tta_section title=\u00bb\u00bfCu\u00e1l crees que es el secreto de tu \u00e9xito personal o empresarial?\u00bb tab_id=\u00bb1761147392426-b32424b4-063a\u00bb][vc_column_text css=\u00bb\u00bb]Trabajo duro, construcci\u00f3n y mantenimiento de relaciones s\u00f3lidas, resiliencia, permanecer enfocado, lealtad, mantenerse al tanto de las tendencias y cambios en el panorama de las relaciones p\u00fablicas y la comunicaci\u00f3n, una actitud positiva y de \u201cpuedo hacerlo\u201d, y una red de apoyo, tanto interna como externa.<\/p>\n<p>En \u00faltima instancia, el \u00e9xito de CVLC Comunicaci\u00f3n proviene de la combinaci\u00f3n de un profundo conocimiento de la industria con una ejecuci\u00f3n \u00e1gil, en\u00e9rgica y pr\u00e1ctica.[\/vc_column_text][\/vc_tta_section][vc_tta_section title=\u00bb\u00bfQu\u00e9 medios o influencers sigues para mantenerte al d\u00eda?\u00bb tab_id=\u00bb1761147438842-c4a9604f-463d\u00bb][vc_column_text css=\u00bb\u00bb]702 (radio), BBC, Sky News, Steven Bartlett, Elon Musk, Oprah Winfrey, YouTube.[\/vc_column_text][\/vc_tta_section][vc_tta_section title=\u00bb\u00bfPuedes contarnos un dato curioso sobre tu ciudad o pa\u00eds que las personas de fuera de \u00e9l no conozcan?\u00bb tab_id=\u00bb1761147482690-e55a02cc-bb61&#8243;][vc_column_text css=\u00bb\u00bb]Johannesburgo es ampliamente considerado como el bosque urbano artificial m\u00e1s grande del mundo. La gente fuera de Sud\u00e1frica nos conoce como la \u00abCiudad del Oro\u00bb (eGoli), construida enteramente sobre minas de oro, pero a menudo no se dan cuenta de que nuestra regi\u00f3n de Alto Veld era naturalmente una pradera vasta y seca. La ciudad tiene m\u00e1s de diez millones de \u00e1rboles que fueron plantados intencionalmente, formando un enorme dosel verde sobre nuestros suburbios.<\/p>\n<p>Pero lo que realmente define a esta ciudad es su energ\u00eda y su vibra. Johannesburgo es un tapiz din\u00e1mico de diferentes culturas: un enorme crisol que impulsa un ritmo r\u00e1pido y un impulso incesante.<\/p>\n<p>Esta es una ciudad de joyas incre\u00edbles, en su mayor\u00eda ocultas: es el hogar de una escena gastron\u00f3mica en evoluci\u00f3n de clase mundial, una cultura musical vibrante y globalmente influyente, una arquitectura asombrosa y una energ\u00eda palpable impulsada por su gente.<\/p>\n<p>Esta intensa vitalidad significa que encontramos constantemente formas de resolver los numerosos desaf\u00edos que enfrentamos. Cuando surge un problema, ya sea en log\u00edstica, energ\u00eda o infraestructura, la cultura aqu\u00ed es enfrentarlo con innovaci\u00f3n, creatividad y el compromiso de permanecer unidos. Ese esp\u00edritu resiliente y de resoluci\u00f3n de problemas es el verdadero e inolvidable secreto de Johannesburgo.[\/vc_column_text][\/vc_tta_section][\/vc_tta_accordion][\/vc_column][\/vc_row]<\/p>\n<\/div>","protected":false},"excerpt":{"rendered":"<p>[vc_row][vc_column width=\u00bb1\/3&#8243;][vc_empty_space][vc_column_text css=\u00bb\u00bb] Nombre: Catherine Larkin cargo: Chief Visionary \u2013 CVLC Communication sede: Johannesburgo, Sud\u00e1frica [\/vc_column_text][vc_empty_space][vc_single_image image=\u00bb5248&#8243; img_size=\u00bbfull\u00bb alignment=\u00bbcenter\u00bb css=\u00bb\u00bb][\/vc_column][vc_column [&hellip;]<\/p>\n","protected":false},"author":2,"featured_media":5248,"parent":0,"menu_order":0,"comment_status":"closed","ping_status":"closed","template":"","meta":{"footnotes":""},"class_list":["post-5290","page","type-page","status-publish","has-post-thumbnail","hentry"],"yoast_head":"<!-- This site is optimized with the Yoast SEO plugin v26.9 - https:\/\/yoast.com\/product\/yoast-seo-wordpress\/ -->\n<title>Catherine Larkin | Automotive Pr<\/title>\n<meta name=\"description\" content=\"Catherine Larkin\" \/>\n<meta name=\"robots\" content=\"index, follow, max-snippet:-1, max-image-preview:large, max-video-preview:-1\" \/>\n<link rel=\"canonical\" href=\"https:\/\/www.automotivepr.com\/es\/catherine-larkin\/\" \/>\n<meta property=\"og:locale\" content=\"es_ES\" \/>\n<meta property=\"og:type\" content=\"article\" \/>\n<meta property=\"og:title\" content=\"Catherine Larkin | Automotive Pr\" \/>\n<meta property=\"og:description\" content=\"Catherine Larkin\" \/>\n<meta property=\"og:url\" content=\"https:\/\/www.automotivepr.com\/es\/catherine-larkin\/\" \/>\n<meta property=\"og:site_name\" content=\"Automotive Pr\" \/>\n<meta property=\"article:modified_time\" content=\"2025-11-24T18:48:41+00:00\" \/>\n<meta property=\"og:image\" content=\"https:\/\/www.automotivepr.com\/wp-content\/uploads\/2025\/10\/Catherine-Larkin-2025-scaled.jpg\" \/>\n\t<meta property=\"og:image:width\" content=\"1\" \/>\n\t<meta property=\"og:image:height\" content=\"1\" \/>\n\t<meta property=\"og:image:type\" content=\"image\/jpeg\" \/>\n<meta name=\"twitter:card\" content=\"summary_large_image\" \/>\n<meta name=\"twitter:label1\" content=\"Tiempo de lectura\" \/>\n\t<meta name=\"twitter:data1\" content=\"8 minutos\" \/>\n<script type=\"application\/ld+json\" class=\"yoast-schema-graph\">{\"@context\":\"https:\/\/schema.org\",\"@graph\":[{\"@type\":\"WebPage\",\"@id\":\"https:\/\/www.automotivepr.com\/es\/catherine-larkin\/\",\"url\":\"https:\/\/www.automotivepr.com\/es\/catherine-larkin\/\",\"name\":\"Catherine Larkin | Automotive Pr\",\"isPartOf\":{\"@id\":\"https:\/\/www.automotivepr.com\/#website\"},\"primaryImageOfPage\":{\"@id\":\"https:\/\/www.automotivepr.com\/es\/catherine-larkin\/#primaryimage\"},\"image\":{\"@id\":\"https:\/\/www.automotivepr.com\/es\/catherine-larkin\/#primaryimage\"},\"thumbnailUrl\":\"https:\/\/www.automotivepr.com\/wp-content\/uploads\/2025\/10\/Catherine-Larkin-2025-scaled.jpg\",\"datePublished\":\"2025-11-04T12:10:06+00:00\",\"dateModified\":\"2025-11-24T18:48:41+00:00\",\"description\":\"Catherine Larkin\",\"breadcrumb\":{\"@id\":\"https:\/\/www.automotivepr.com\/es\/catherine-larkin\/#breadcrumb\"},\"inLanguage\":\"es\",\"potentialAction\":[{\"@type\":\"ReadAction\",\"target\":[\"https:\/\/www.automotivepr.com\/es\/catherine-larkin\/\"]}]},{\"@type\":\"ImageObject\",\"inLanguage\":\"es\",\"@id\":\"https:\/\/www.automotivepr.com\/es\/catherine-larkin\/#primaryimage\",\"url\":\"https:\/\/www.automotivepr.com\/wp-content\/uploads\/2025\/10\/Catherine-Larkin-2025-scaled.jpg\",\"contentUrl\":\"https:\/\/www.automotivepr.com\/wp-content\/uploads\/2025\/10\/Catherine-Larkin-2025-scaled.jpg\"},{\"@type\":\"BreadcrumbList\",\"@id\":\"https:\/\/www.automotivepr.com\/es\/catherine-larkin\/#breadcrumb\",\"itemListElement\":[{\"@type\":\"ListItem\",\"position\":1,\"name\":\"Portada\",\"item\":\"https:\/\/www.automotivepr.com\/es\/\"},{\"@type\":\"ListItem\",\"position\":2,\"name\":\"Catherine Larkin\"}]},{\"@type\":\"WebSite\",\"@id\":\"https:\/\/www.automotivepr.com\/#website\",\"url\":\"https:\/\/www.automotivepr.com\/\",\"name\":\"Automotive Pr\",\"description\":\"Driving Global Communications | Automotive PR is a global partnership of specialist communications agencies serving clients in every major automotive market.\",\"publisher\":{\"@id\":\"https:\/\/www.automotivepr.com\/#organization\"},\"alternateName\":\"Automotive Pr Driving Global Communications\",\"potentialAction\":[{\"@type\":\"SearchAction\",\"target\":{\"@type\":\"EntryPoint\",\"urlTemplate\":\"https:\/\/www.automotivepr.com\/?s={search_term_string}\"},\"query-input\":{\"@type\":\"PropertyValueSpecification\",\"valueRequired\":true,\"valueName\":\"search_term_string\"}}],\"inLanguage\":\"es\"},{\"@type\":\"Organization\",\"@id\":\"https:\/\/www.automotivepr.com\/#organization\",\"name\":\"Automotive Pr\",\"alternateName\":\"Automotive Pr Driving Global Communications\",\"url\":\"https:\/\/www.automotivepr.com\/\",\"logo\":{\"@type\":\"ImageObject\",\"inLanguage\":\"es\",\"@id\":\"https:\/\/www.automotivepr.com\/#\/schema\/logo\/image\/\",\"url\":\"https:\/\/www.automotivepr.com\/wp-content\/uploads\/2024\/02\/prueba.png\",\"contentUrl\":\"https:\/\/www.automotivepr.com\/wp-content\/uploads\/2024\/02\/prueba.png\",\"width\":415,\"height\":100,\"caption\":\"Automotive Pr\"},\"image\":{\"@id\":\"https:\/\/www.automotivepr.com\/#\/schema\/logo\/image\/\"}}]}<\/script>\n<!-- \/ Yoast SEO plugin. -->","yoast_head_json":{"title":"Catherine Larkin | Automotive Pr","description":"Catherine Larkin","robots":{"index":"index","follow":"follow","max-snippet":"max-snippet:-1","max-image-preview":"max-image-preview:large","max-video-preview":"max-video-preview:-1"},"canonical":"https:\/\/www.automotivepr.com\/es\/catherine-larkin\/","og_locale":"es_ES","og_type":"article","og_title":"Catherine Larkin | Automotive Pr","og_description":"Catherine Larkin","og_url":"https:\/\/www.automotivepr.com\/es\/catherine-larkin\/","og_site_name":"Automotive Pr","article_modified_time":"2025-11-24T18:48:41+00:00","og_image":[{"url":"https:\/\/www.automotivepr.com\/wp-content\/uploads\/2025\/10\/Catherine-Larkin-2025-scaled.jpg","width":1,"height":1,"type":"image\/jpeg"}],"twitter_card":"summary_large_image","twitter_misc":{"Tiempo de lectura":"8 minutos"},"schema":{"@context":"https:\/\/schema.org","@graph":[{"@type":"WebPage","@id":"https:\/\/www.automotivepr.com\/es\/catherine-larkin\/","url":"https:\/\/www.automotivepr.com\/es\/catherine-larkin\/","name":"Catherine Larkin | Automotive Pr","isPartOf":{"@id":"https:\/\/www.automotivepr.com\/#website"},"primaryImageOfPage":{"@id":"https:\/\/www.automotivepr.com\/es\/catherine-larkin\/#primaryimage"},"image":{"@id":"https:\/\/www.automotivepr.com\/es\/catherine-larkin\/#primaryimage"},"thumbnailUrl":"https:\/\/www.automotivepr.com\/wp-content\/uploads\/2025\/10\/Catherine-Larkin-2025-scaled.jpg","datePublished":"2025-11-04T12:10:06+00:00","dateModified":"2025-11-24T18:48:41+00:00","description":"Catherine Larkin","breadcrumb":{"@id":"https:\/\/www.automotivepr.com\/es\/catherine-larkin\/#breadcrumb"},"inLanguage":"es","potentialAction":[{"@type":"ReadAction","target":["https:\/\/www.automotivepr.com\/es\/catherine-larkin\/"]}]},{"@type":"ImageObject","inLanguage":"es","@id":"https:\/\/www.automotivepr.com\/es\/catherine-larkin\/#primaryimage","url":"https:\/\/www.automotivepr.com\/wp-content\/uploads\/2025\/10\/Catherine-Larkin-2025-scaled.jpg","contentUrl":"https:\/\/www.automotivepr.com\/wp-content\/uploads\/2025\/10\/Catherine-Larkin-2025-scaled.jpg"},{"@type":"BreadcrumbList","@id":"https:\/\/www.automotivepr.com\/es\/catherine-larkin\/#breadcrumb","itemListElement":[{"@type":"ListItem","position":1,"name":"Portada","item":"https:\/\/www.automotivepr.com\/es\/"},{"@type":"ListItem","position":2,"name":"Catherine Larkin"}]},{"@type":"WebSite","@id":"https:\/\/www.automotivepr.com\/#website","url":"https:\/\/www.automotivepr.com\/","name":"Automotive Pr","description":"Driving Global Communications | Automotive PR is a global partnership of specialist communications agencies serving clients in every major automotive market.","publisher":{"@id":"https:\/\/www.automotivepr.com\/#organization"},"alternateName":"Automotive Pr Driving Global Communications","potentialAction":[{"@type":"SearchAction","target":{"@type":"EntryPoint","urlTemplate":"https:\/\/www.automotivepr.com\/?s={search_term_string}"},"query-input":{"@type":"PropertyValueSpecification","valueRequired":true,"valueName":"search_term_string"}}],"inLanguage":"es"},{"@type":"Organization","@id":"https:\/\/www.automotivepr.com\/#organization","name":"Automotive Pr","alternateName":"Automotive Pr Driving Global Communications","url":"https:\/\/www.automotivepr.com\/","logo":{"@type":"ImageObject","inLanguage":"es","@id":"https:\/\/www.automotivepr.com\/#\/schema\/logo\/image\/","url":"https:\/\/www.automotivepr.com\/wp-content\/uploads\/2024\/02\/prueba.png","contentUrl":"https:\/\/www.automotivepr.com\/wp-content\/uploads\/2024\/02\/prueba.png","width":415,"height":100,"caption":"Automotive Pr"},"image":{"@id":"https:\/\/www.automotivepr.com\/#\/schema\/logo\/image\/"}}]}},"_links":{"self":[{"href":"https:\/\/www.automotivepr.com\/es\/wp-json\/wp\/v2\/pages\/5290","targetHints":{"allow":["GET"]}}],"collection":[{"href":"https:\/\/www.automotivepr.com\/es\/wp-json\/wp\/v2\/pages"}],"about":[{"href":"https:\/\/www.automotivepr.com\/es\/wp-json\/wp\/v2\/types\/page"}],"author":[{"embeddable":true,"href":"https:\/\/www.automotivepr.com\/es\/wp-json\/wp\/v2\/users\/2"}],"replies":[{"embeddable":true,"href":"https:\/\/www.automotivepr.com\/es\/wp-json\/wp\/v2\/comments?post=5290"}],"version-history":[{"count":0,"href":"https:\/\/www.automotivepr.com\/es\/wp-json\/wp\/v2\/pages\/5290\/revisions"}],"wp:featuredmedia":[{"embeddable":true,"href":"https:\/\/www.automotivepr.com\/es\/wp-json\/wp\/v2\/media\/5248"}],"wp:attachment":[{"href":"https:\/\/www.automotivepr.com\/es\/wp-json\/wp\/v2\/media?parent=5290"}],"curies":[{"name":"wp","href":"https:\/\/api.w.org\/{rel}","templated":true}]}}