{"id":5618,"date":"2026-01-30T08:52:20","date_gmt":"2026-01-30T08:52:20","guid":{"rendered":"https:\/\/www.automotivepr.com\/?page_id=5618"},"modified":"2026-02-05T10:09:04","modified_gmt":"2026-02-05T10:09:04","slug":"belle-moss","status":"publish","type":"page","link":"https:\/\/www.automotivepr.com\/es\/belle-moss\/","title":{"rendered":"Belle Moss"},"content":{"rendered":"<div class=\"wpb-content-wrapper\"><p>[vc_row][vc_column width=\u00bb1\/3&#8243;][vc_empty_space][vc_column_text css=\u00bb\u00bb]<\/p>\n<h5><span style=\"color: #000080;\">Nombre: <strong>Belle Moss<\/strong><br \/>\n<\/span><\/h5>\n<h5><span style=\"color: #000080;\">cargo:<strong> Directora, Torque Agency Group<br \/>\n<\/strong><\/span><\/h5>\n<h5><span style=\"color: #000080;\">sede: <strong>Londres<\/strong><br \/>\n<\/span><\/h5>\n<p>[\/vc_column_text][vc_empty_space][vc_single_image image=\u00bb5625&#8243; img_size=\u00bbfull\u00bb alignment=\u00bbcenter\u00bb css=\u00bb\u00bb][\/vc_column][vc_column width=\u00bb2\/3&#8243;][vc_empty_space][vc_tta_accordion title_tag=\u00bbh3&#8243; section_title_tag=\u00bbh5&#8243; active_section=\u00bb1&#8243;][vc_tta_section title=\u00bb\u00bfC\u00f3mo te iniciaste en la comunicaci\u00f3n automovil\u00edstica?\u00bb tab_id=\u00bb1761146944545-3e09d2f7-056b\u00bb][vc_column_text css=\u00bb\u00bb]En realidad, llegu\u00e9 a esto un poco por accidente. Hace much\u00edsimo tiempo, acababa de regresar de viajar por el sudeste asi\u00e1tico y mi padrastro, Martin Hayes, me ofreci\u00f3 un trabajo a tiempo parcial mientras decid\u00eda qu\u00e9 hacer a continuaci\u00f3n. Me contrataron para hacer algunas tareas administrativas y, b\u00e1sicamente, \u00a1nunca me fui! Han pasado unas cuantas d\u00e9cadas y todav\u00eda sigo aqu\u00ed, aunque operando en un panorama medi\u00e1tico muy diferente. Sin embargo, los fundamentos del puesto y las personas que lo hacen tan valioso siguen siendo los mismos, y eso es lo que me hace volver a por m\u00e1s.[\/vc_column_text][\/vc_tta_section][vc_tta_section title=\u00bb\u00bfC\u00f3mo es un d\u00eda t\u00edpico para ti?\u00bb tab_id=\u00bb1761146944555-801dcbcd-c220&#8243;][vc_column_text css=\u00bb\u00bb]La verdad es que es un aut\u00e9ntico ejercicio de malabarismo. Ser propietario de una peque\u00f1a empresa significa que tienes que contar con muchas habilidades muy diferentes, as\u00ed que cada d\u00eda es una combinaci\u00f3n de tareas empresariales, trabajo con clientes y la gesti\u00f3n de nuestro encantador equipo.[\/vc_column_text][\/vc_tta_section][vc_tta_section title=\u00bb\u00bfSin qu\u00e9 herramienta, recurso o persona, no podr\u00edas hacer tu trabajo?\u00bb tab_id=\u00bb1761147147022-7047ccf9-9450&#8243;][vc_column_text css=\u00bb\u00bb]\u00a1Una lista de tareas larga y detallada! Tengo una memoria absolutamente terrible, si no lo anoto inmediatamente se me borra de la mente.[\/vc_column_text][\/vc_tta_section][vc_tta_section title=\u00bb\u00bfC\u00f3mo describir\u00edas el panorama de los medios locales (por ejemplo,diverso, dominado por unos pocos medios clave, fuertemente digital)?\u00bb tab_id=\u00bb1761147199491-11d7c0c0-5d50&#8243;][vc_column_text css=\u00bb\u00bb]Dir\u00eda que el panorama medi\u00e1tico en el Reino Unido es incre\u00edblemente diverso. Contamos con muchas revistas y peri\u00f3dicos de larga trayectoria que trabajan en conjunto con los medios digitales y con un grupo de influencers en constante expansi\u00f3n. Sigue siendo muy emocionante adaptar las necesidades de los clientes a los canales adecuados para comunicarse con sus audiencias; la emoci\u00f3n de las campa\u00f1as exitosas nunca pasa de moda, sin importar el formato en que se presenten.[\/vc_column_text][\/vc_tta_section][vc_tta_section title=\u00bb\u00bfQu\u00e9 consejo podr\u00edas dar a alguien que est\u00e1 empezando su carrera en comunicaci\u00f3n automovil\u00edstica?\u00bb tab_id=\u00bb1761147348051-e06ef497-cc7c\u00bb][vc_column_text css=\u00bb\u00bb]Escuchar y aprender. Nunca tuve una formaci\u00f3n formal, as\u00ed que todo lo realmente valioso que aprend\u00ed fue observando a otros y aprendiendo sobre la marcha. Hay much\u00edsimas personas apasionadas por nuestra industria, y son grandes maestras para la pr\u00f3xima generaci\u00f3n.[\/vc_column_text][\/vc_tta_section][vc_tta_section title=\u00bb\u00bfCu\u00e1l crees que es el secreto de tu \u00e9xito personal o empresarial?\u00bb tab_id=\u00bb1761147392426-b32424b4-063a\u00bb][vc_column_text css=\u00bb\u00bb]\u00a1Las personas! Primero, al final y en todo lo que hay entre medias. Las relaciones con clientes, periodistas, influencers y entre nosotros mismos, son lo primordial y lo que hace que nuestra industria sea un lugar tan fant\u00e1stico para trabajar, adem\u00e1s de mantener a muchos de nosotros comprometidos durante toda nuestra carrera. A lo largo de las \u00faltimas d\u00e9cadas he conocido a personas incre\u00edbles, apasionadas y extremadamente peculiares, y me siento muy privilegiada de formar parte de esa comunidad.[\/vc_column_text][\/vc_tta_section][vc_tta_section title=\u00bbSi visit\u00e1ramos t\u00fa ciudad\/ regi\u00f3n, \u00bfqu\u00e9 experiencia, lugar o comida recomendar\u00edas?\u00bb tab_id=\u00bb1761147482690-e55a02cc-bb61&#8243;][vc_column_text css=\u00bb\u00bb]Es dif\u00edcil pensar en una sola cosa de Londres que recomendar\u00eda, as\u00ed que me quedar\u00e9 con algo que para m\u00ed nunca pierde su encanto. S\u00fabete a un taxi: \u00a1el centro de Londres por la noche es absolutamente m\u00e1gico![\/vc_column_text][\/vc_tta_section][vc_tta_section title=\u00bb\u00bfPuedes contarnos un dato curioso sobre ti que la gente quiz\u00e1 no conozca?\u00bb tab_id=\u00bb1769763783817-d7a5fc77-ead1&#8243;][vc_column_text css=\u00bb\u00bb]Soy instructora de mindfulness certificada.[\/vc_column_text][\/vc_tta_section][\/vc_tta_accordion][\/vc_column][\/vc_row]<\/p>\n<\/div>","protected":false},"excerpt":{"rendered":"<p>[vc_row][vc_column width=\u00bb1\/3&#8243;][vc_empty_space][vc_column_text css=\u00bb\u00bb] Nombre: Belle Moss cargo: Directora, Torque Agency Group sede: Londres [\/vc_column_text][vc_empty_space][vc_single_image image=\u00bb5625&#8243; img_size=\u00bbfull\u00bb alignment=\u00bbcenter\u00bb css=\u00bb\u00bb][\/vc_column][vc_column width=\u00bb2\/3&#8243;][vc_empty_space][vc_tta_accordion title_tag=\u00bbh3&#8243; [&hellip;]<\/p>\n","protected":false},"author":2,"featured_media":0,"parent":0,"menu_order":0,"comment_status":"closed","ping_status":"closed","template":"","meta":{"footnotes":""},"class_list":["post-5618","page","type-page","status-publish","hentry"],"yoast_head":"<!-- This site is optimized with the Yoast SEO plugin v26.9 - https:\/\/yoast.com\/product\/yoast-seo-wordpress\/ -->\n<title>Belle Moss | Automotive Pr<\/title>\n<meta name=\"description\" content=\"Belle Moss\" \/>\n<meta name=\"robots\" content=\"index, follow, max-snippet:-1, max-image-preview:large, max-video-preview:-1\" \/>\n<link rel=\"canonical\" href=\"https:\/\/www.automotivepr.com\/es\/belle-moss\/\" \/>\n<meta property=\"og:locale\" content=\"es_ES\" \/>\n<meta property=\"og:type\" content=\"article\" \/>\n<meta property=\"og:title\" content=\"Belle Moss | Automotive Pr\" \/>\n<meta property=\"og:description\" content=\"Belle Moss\" \/>\n<meta property=\"og:url\" content=\"https:\/\/www.automotivepr.com\/es\/belle-moss\/\" \/>\n<meta property=\"og:site_name\" content=\"Automotive Pr\" \/>\n<meta property=\"article:modified_time\" content=\"2026-02-05T10:09:04+00:00\" \/>\n<meta property=\"og:image\" content=\"https:\/\/www.automotivepr.com\/wp-content\/uploads\/2024\/02\/prueba.png\" \/>\n\t<meta property=\"og:image:width\" content=\"415\" \/>\n\t<meta property=\"og:image:height\" content=\"100\" \/>\n\t<meta property=\"og:image:type\" content=\"image\/png\" \/>\n<meta name=\"twitter:card\" content=\"summary_large_image\" \/>\n<meta name=\"twitter:label1\" content=\"Tiempo de lectura\" \/>\n\t<meta name=\"twitter:data1\" content=\"3 minutos\" \/>\n<script type=\"application\/ld+json\" class=\"yoast-schema-graph\">{\"@context\":\"https:\/\/schema.org\",\"@graph\":[{\"@type\":\"WebPage\",\"@id\":\"https:\/\/www.automotivepr.com\/es\/belle-moss\/\",\"url\":\"https:\/\/www.automotivepr.com\/es\/belle-moss\/\",\"name\":\"Belle Moss | Automotive Pr\",\"isPartOf\":{\"@id\":\"https:\/\/www.automotivepr.com\/#website\"},\"datePublished\":\"2026-01-30T08:52:20+00:00\",\"dateModified\":\"2026-02-05T10:09:04+00:00\",\"description\":\"Belle Moss\",\"breadcrumb\":{\"@id\":\"https:\/\/www.automotivepr.com\/es\/belle-moss\/#breadcrumb\"},\"inLanguage\":\"es\",\"potentialAction\":[{\"@type\":\"ReadAction\",\"target\":[\"https:\/\/www.automotivepr.com\/es\/belle-moss\/\"]}]},{\"@type\":\"BreadcrumbList\",\"@id\":\"https:\/\/www.automotivepr.com\/es\/belle-moss\/#breadcrumb\",\"itemListElement\":[{\"@type\":\"ListItem\",\"position\":1,\"name\":\"Portada\",\"item\":\"https:\/\/www.automotivepr.com\/es\/\"},{\"@type\":\"ListItem\",\"position\":2,\"name\":\"Belle Moss\"}]},{\"@type\":\"WebSite\",\"@id\":\"https:\/\/www.automotivepr.com\/#website\",\"url\":\"https:\/\/www.automotivepr.com\/\",\"name\":\"Automotive Pr\",\"description\":\"Driving Global Communications | Automotive PR is a global partnership of specialist communications agencies serving clients in every major automotive market.\",\"publisher\":{\"@id\":\"https:\/\/www.automotivepr.com\/#organization\"},\"alternateName\":\"Automotive Pr Driving Global Communications\",\"potentialAction\":[{\"@type\":\"SearchAction\",\"target\":{\"@type\":\"EntryPoint\",\"urlTemplate\":\"https:\/\/www.automotivepr.com\/?s={search_term_string}\"},\"query-input\":{\"@type\":\"PropertyValueSpecification\",\"valueRequired\":true,\"valueName\":\"search_term_string\"}}],\"inLanguage\":\"es\"},{\"@type\":\"Organization\",\"@id\":\"https:\/\/www.automotivepr.com\/#organization\",\"name\":\"Automotive Pr\",\"alternateName\":\"Automotive Pr Driving Global Communications\",\"url\":\"https:\/\/www.automotivepr.com\/\",\"logo\":{\"@type\":\"ImageObject\",\"inLanguage\":\"es\",\"@id\":\"https:\/\/www.automotivepr.com\/#\/schema\/logo\/image\/\",\"url\":\"https:\/\/www.automotivepr.com\/wp-content\/uploads\/2024\/02\/prueba.png\",\"contentUrl\":\"https:\/\/www.automotivepr.com\/wp-content\/uploads\/2024\/02\/prueba.png\",\"width\":415,\"height\":100,\"caption\":\"Automotive Pr\"},\"image\":{\"@id\":\"https:\/\/www.automotivepr.com\/#\/schema\/logo\/image\/\"}}]}<\/script>\n<!-- \/ Yoast SEO plugin. -->","yoast_head_json":{"title":"Belle Moss | Automotive Pr","description":"Belle Moss","robots":{"index":"index","follow":"follow","max-snippet":"max-snippet:-1","max-image-preview":"max-image-preview:large","max-video-preview":"max-video-preview:-1"},"canonical":"https:\/\/www.automotivepr.com\/es\/belle-moss\/","og_locale":"es_ES","og_type":"article","og_title":"Belle Moss | Automotive Pr","og_description":"Belle Moss","og_url":"https:\/\/www.automotivepr.com\/es\/belle-moss\/","og_site_name":"Automotive Pr","article_modified_time":"2026-02-05T10:09:04+00:00","og_image":[{"width":415,"height":100,"url":"https:\/\/www.automotivepr.com\/wp-content\/uploads\/2024\/02\/prueba.png","type":"image\/png"}],"twitter_card":"summary_large_image","twitter_misc":{"Tiempo de lectura":"3 minutos"},"schema":{"@context":"https:\/\/schema.org","@graph":[{"@type":"WebPage","@id":"https:\/\/www.automotivepr.com\/es\/belle-moss\/","url":"https:\/\/www.automotivepr.com\/es\/belle-moss\/","name":"Belle Moss | Automotive Pr","isPartOf":{"@id":"https:\/\/www.automotivepr.com\/#website"},"datePublished":"2026-01-30T08:52:20+00:00","dateModified":"2026-02-05T10:09:04+00:00","description":"Belle Moss","breadcrumb":{"@id":"https:\/\/www.automotivepr.com\/es\/belle-moss\/#breadcrumb"},"inLanguage":"es","potentialAction":[{"@type":"ReadAction","target":["https:\/\/www.automotivepr.com\/es\/belle-moss\/"]}]},{"@type":"BreadcrumbList","@id":"https:\/\/www.automotivepr.com\/es\/belle-moss\/#breadcrumb","itemListElement":[{"@type":"ListItem","position":1,"name":"Portada","item":"https:\/\/www.automotivepr.com\/es\/"},{"@type":"ListItem","position":2,"name":"Belle Moss"}]},{"@type":"WebSite","@id":"https:\/\/www.automotivepr.com\/#website","url":"https:\/\/www.automotivepr.com\/","name":"Automotive Pr","description":"Driving Global Communications | Automotive PR is a global partnership of specialist communications agencies serving clients in every major automotive market.","publisher":{"@id":"https:\/\/www.automotivepr.com\/#organization"},"alternateName":"Automotive Pr Driving Global Communications","potentialAction":[{"@type":"SearchAction","target":{"@type":"EntryPoint","urlTemplate":"https:\/\/www.automotivepr.com\/?s={search_term_string}"},"query-input":{"@type":"PropertyValueSpecification","valueRequired":true,"valueName":"search_term_string"}}],"inLanguage":"es"},{"@type":"Organization","@id":"https:\/\/www.automotivepr.com\/#organization","name":"Automotive Pr","alternateName":"Automotive Pr Driving Global Communications","url":"https:\/\/www.automotivepr.com\/","logo":{"@type":"ImageObject","inLanguage":"es","@id":"https:\/\/www.automotivepr.com\/#\/schema\/logo\/image\/","url":"https:\/\/www.automotivepr.com\/wp-content\/uploads\/2024\/02\/prueba.png","contentUrl":"https:\/\/www.automotivepr.com\/wp-content\/uploads\/2024\/02\/prueba.png","width":415,"height":100,"caption":"Automotive Pr"},"image":{"@id":"https:\/\/www.automotivepr.com\/#\/schema\/logo\/image\/"}}]}},"_links":{"self":[{"href":"https:\/\/www.automotivepr.com\/es\/wp-json\/wp\/v2\/pages\/5618","targetHints":{"allow":["GET"]}}],"collection":[{"href":"https:\/\/www.automotivepr.com\/es\/wp-json\/wp\/v2\/pages"}],"about":[{"href":"https:\/\/www.automotivepr.com\/es\/wp-json\/wp\/v2\/types\/page"}],"author":[{"embeddable":true,"href":"https:\/\/www.automotivepr.com\/es\/wp-json\/wp\/v2\/users\/2"}],"replies":[{"embeddable":true,"href":"https:\/\/www.automotivepr.com\/es\/wp-json\/wp\/v2\/comments?post=5618"}],"version-history":[{"count":12,"href":"https:\/\/www.automotivepr.com\/es\/wp-json\/wp\/v2\/pages\/5618\/revisions"}],"predecessor-version":[{"id":5672,"href":"https:\/\/www.automotivepr.com\/es\/wp-json\/wp\/v2\/pages\/5618\/revisions\/5672"}],"wp:attachment":[{"href":"https:\/\/www.automotivepr.com\/es\/wp-json\/wp\/v2\/media?parent=5618"}],"curies":[{"name":"wp","href":"https:\/\/api.w.org\/{rel}","templated":true}]}}