{"id":2005,"date":"2021-09-16T11:05:34","date_gmt":"2021-09-16T11:05:34","guid":{"rendered":"https:\/\/www.automotivepr.com\/prestations-de-service\/"},"modified":"2024-11-05T18:40:40","modified_gmt":"2024-11-05T18:40:40","slug":"prestations-de-service","status":"publish","type":"page","link":"https:\/\/www.automotivepr.com\/fr\/prestations-de-service\/","title":{"rendered":"Prestations de Service Automotive PR"},"content":{"rendered":"<div class=\"wpb-content-wrapper\"><p>[vc_row full_width=\u00a0\u00bbstretch_row_content_no_spaces\u00a0\u00bb][vc_column]<div class=\"edgtf-single-image-holder  edgtf-has-shadow \">\n    <div class=\"edgtf-si-inner\" >\n                                    <img loading=\"lazy\" decoding=\"async\" width=\"1900\" height=\"600\" src=\"https:\/\/www.automotivepr.com\/wp-content\/uploads\/2020\/11\/services-apr.jpg\" class=\"attachment-full size-full\" alt=\"\" srcset=\"https:\/\/www.automotivepr.com\/wp-content\/uploads\/2020\/11\/services-apr.jpg 1900w, https:\/\/www.automotivepr.com\/wp-content\/uploads\/2020\/11\/services-apr-300x95.jpg 300w, https:\/\/www.automotivepr.com\/wp-content\/uploads\/2020\/11\/services-apr-1024x323.jpg 1024w, https:\/\/www.automotivepr.com\/wp-content\/uploads\/2020\/11\/services-apr-768x243.jpg 768w, https:\/\/www.automotivepr.com\/wp-content\/uploads\/2020\/11\/services-apr-1536x485.jpg 1536w\" sizes=\"auto, (max-width: 1900px) 100vw, 1900px\" \/>                        <\/div>\n<\/div>[\/vc_column][\/vc_row][vc_row][vc_column][vc_empty_space height=\u00a0\u00bb60px\u00a0\u00bb]<div class=\"edgtf-section-title-holder  edgtf-st-standard edgtf-st-title-left edgtf-st-normal-space \" >\n\t<div class=\"edgtf-st-inner\">\n\t\t\t\t\t<h1 class=\"edgtf-st-title\" style=\"color: #003476\">\n\t\t\t\tPrestations de Service Automotive PR\t\t\t<\/h1>\n\t\t\t\t\t<\/div>\n<\/div>[vc_column_text css=\u00a0\u00bb\u00a0\u00bb]<\/p>\n<div class=\"flex max-w-full flex-col flex-grow\">\n<div class=\"min-h-8 text-message flex w-full flex-col items-end gap-2 whitespace-normal break-words [.text-message+&amp;]:mt-5\" dir=\"auto\" data-message-author-role=\"assistant\" data-message-id=\"4a2905ba-7e54-4859-bd4f-28bd01750b0a\" data-message-model-slug=\"gpt-4o\">\n<div class=\"flex w-full flex-col gap-1 empty:hidden first:pt-[3px]\">\n<div class=\"markdown prose w-full break-words dark:prose-invert light\">\n<p>Les <strong>Prestations de Service Automotive PR<\/strong>\u00a0sont con\u00e7ues pour r\u00e9pondre aux besoins sp\u00e9cifiques des marques automobiles, en renfor\u00e7ant leur visibilit\u00e9 et leur r\u00e9putation dans un march\u00e9 concurrentiel.<\/p>\n<p>Chez <strong>Prestations de Service Automotive PR<\/strong>, nous nous sp\u00e9cialisons dans l\u2019offre de <strong>services de relations publiques<\/strong> et de <strong>strat\u00e9gies de communication<\/strong> de premier plan, adapt\u00e9es \u00e0 l\u2019<strong>industrie automobile<\/strong>. Notre \u00e9quipe fournit des services de <strong>relations avec les m\u00e9dias<\/strong>, de <strong>cr\u00e9ation de contenu<\/strong> et de <strong>consultation strat\u00e9gique<\/strong> pour aider les marques automobiles \u00e0 renforcer la <strong>gestion de leur r\u00e9putation<\/strong>, augmenter la <strong>visibilit\u00e9 de leur marque<\/strong> et am\u00e9liorer leurs <strong>communications d\u2019entreprise<\/strong>. Que vous ayez besoin de soutien pour la <strong>gestion de crise<\/strong>, les <strong>lancements de produits<\/strong> ou les <strong>relations m\u00e9diatiques<\/strong>, nos <strong>services sur mesure<\/strong> garantissent que votre <strong>marque<\/strong> atteigne le bon <strong>public<\/strong> au bon moment.<\/p>\n<\/div>\n<\/div>\n<\/div>\n<\/div>\n<p>[\/vc_column_text][vc_empty_space][\/vc_column][\/vc_row][vc_row gap=\u00a0\u00bb35&Prime; css=\u00a0\u00bb.vc_custom_1607942621172{padding-top: 50px !important;}\u00a0\u00bb][vc_column width=\u00a0\u00bb1\/2&Prime; el_id=\u00a0\u00bbcommuni\u00a0\u00bb][vc_row_inner][vc_column_inner width=\u00a0\u00bb1\/4&Prime;][vc_single_image image=\u00a0\u00bb1389&Prime; img_size=\u00a0\u00bbfull\u00a0\u00bb alignment=\u00a0\u00bbcenter\u00a0\u00bb style=\u00a0\u00bbvc_box_shadow_border_circle_2&Prime;][\/vc_column_inner][vc_column_inner width=\u00a0\u00bb3\/4&Prime; css=\u00a0\u00bb.vc_custom_1607941200565{padding-top: 50px !important;}\u00a0\u00bb]<div class=\"edgtf-section-title-holder  edgtf-st-standard edgtf-st-title-left edgtf-st-normal-space \" >\n\t<div class=\"edgtf-st-inner\">\n\t\t\t\t\t<h3 class=\"edgtf-st-title\" >\n\t\t\t\tStrat\u00e9gie de communication\t\t\t<\/h3>\n\t\t\t\t\t<\/div>\n<\/div>[\/vc_column_inner][\/vc_row_inner][vc_row_inner css=\u00a0\u00bb.vc_custom_1607941252352{padding-top: 10px !important;}\u00a0\u00bb][vc_column_inner][vc_column_text css=\u00a0\u00bb\u00a0\u00bb]Comme dans toute entreprise, une <strong>communication efficace<\/strong> repose sur une <strong>strat\u00e9gie<\/strong>. Pour relater les meilleures histoires, il faut utiliser les bons messages, via les bons canaux et de la bonne mani\u00e8re.<\/p>\n<p>D\u00e9terminer o\u00f9 vous devez \u00eatre vu, ce que vous devez dire et prendre en compte les exigences sp\u00e9cifiques des m\u00e9dias pertinents fait partie int\u00e9grante de nos conseils et de notre planification strat\u00e9giques.[\/vc_column_text][\/vc_column_inner][\/vc_row_inner][\/vc_column][vc_column width=\u00a0\u00bb1\/2&Prime; el_id=\u00a0\u00bbsocial\u00a0\u00bb][vc_row_inner][vc_column_inner width=\u00a0\u00bb1\/4&Prime;][vc_single_image image=\u00a0\u00bb1419&Prime; img_size=\u00a0\u00bbfull\u00a0\u00bb alignment=\u00a0\u00bbcenter\u00a0\u00bb style=\u00a0\u00bbvc_box_shadow_border_circle_2&Prime;][\/vc_column_inner][vc_column_inner width=\u00a0\u00bb3\/4&Prime; css=\u00a0\u00bb.vc_custom_1607942225426{padding-top: 50px !important;}\u00a0\u00bb]<div class=\"edgtf-section-title-holder  edgtf-st-standard edgtf-st-title-left edgtf-st-normal-space \" >\n\t<div class=\"edgtf-st-inner\">\n\t\t\t\t\t<h3 class=\"edgtf-st-title\" >\n\t\t\t\tDigital &amp; r\u00e9seaux sociaux\t\t\t<\/h3>\n\t\t\t\t\t<\/div>\n<\/div>[\/vc_column_inner][\/vc_row_inner][vc_column_text css=\u00a0\u00bb\u00a0\u00bb]Twitter, Instagram, YouTube, LinkedIn &#8211; que vous soyez \u00e0 vos pr\u00e9mices en mati\u00e8re de <strong>marketing digital<\/strong> et de r\u00e9seaux sociaux ou que vous disposiez d\u00e9j\u00e0 d&rsquo;une \u00e9quipe interne d\u00e9di\u00e9e, nous pouvons vous accompagner.<\/p>\n<p>Chez <a href=\"https:\/\/www.automotivepr.com\/fr\/\"><strong>Automtive PR<\/strong><\/a>, nous intervenons dans <strong>l&rsquo;\u00e9laboration de la strat\u00e9gie<\/strong>, des axes de <strong>communication et du contenu<\/strong> de vos m\u00e9dias sociaux et canaux en ligne, du d\u00e9veloppement de contenu du site web jusqu&rsquo;\u00e0 la mise en place du meilleur <strong>plan m\u00e9dia digital<\/strong> &#8211; qu&rsquo;il s&rsquo;agisse de la r\u00e9daction, de la <strong>cr\u00e9ation graphique ou la r\u00e9alisation de vid\u00e9os<\/strong>.[\/vc_column_text][\/vc_column][\/vc_row][vc_row css=\u00a0\u00bb.vc_custom_1607942704161{padding-top: 50px !important;}\u00a0\u00bb][vc_column width=\u00a0\u00bb1\/2&Prime; css=\u00a0\u00bb.vc_custom_1618843516969{background-color: #ffffff !important;}\u00a0\u00bb el_id=\u00a0\u00bbcontent\u00a0\u00bb][vc_row_inner][vc_column_inner width=\u00a0\u00bb1\/4&Prime;][vc_single_image image=\u00a0\u00bb1404&Prime; img_size=\u00a0\u00bbfull\u00a0\u00bb alignment=\u00a0\u00bbcenter\u00a0\u00bb style=\u00a0\u00bbvc_box_shadow_border_circle_2&Prime;][\/vc_column_inner][vc_column_inner width=\u00a0\u00bb3\/4&Prime; css=\u00a0\u00bb.vc_custom_1607942225426{padding-top: 50px !important;}\u00a0\u00bb]<div class=\"edgtf-section-title-holder  edgtf-st-standard edgtf-st-title-left edgtf-st-normal-space \" >\n\t<div class=\"edgtf-st-inner\">\n\t\t\t\t\t<h3 class=\"edgtf-st-title\" >\n\t\t\t\tCr\u00e9ation de contenu\t\t\t<\/h3>\n\t\t\t\t\t<\/div>\n<\/div>[\/vc_column_inner][\/vc_row_inner][vc_column_text css=\u00a0\u00bb\u00a0\u00bb]Nous \u00e9laborons du contenu sous toutes ses formes &#8211; textes, visuels, <strong>films et animations<\/strong> &#8211; pour relater les plus belles histoires.<\/p>\n<p>Les \u00e9quipes formant notre r\u00e9seau sont <strong>experts en r\u00e9daction<\/strong>, cr\u00e9ant le contenu ad\u00e9quat pour soutenir vos besoins en mati\u00e8re de <strong>communication marketing<\/strong>. Appuy\u00e9s par des studios de cr\u00e9ation internes, nos \u00e9quipes peuvent \u00e0 la fois sc\u00e9nariser et visualiser, \u00e0 l&rsquo;aide de films, d&rsquo;images de synth\u00e8ses et <a href=\"https:\/\/www.adobe.com\/fr\/creativecloud\/animation\/discover\/cgi-animation.html\" target=\"_blank\" rel=\"noopener\"><strong>d&rsquo;animations digitales<\/strong><\/a> pour tout type de canal et de plateforme.[\/vc_column_text][\/vc_column][vc_column width=\u00a0\u00bb1\/2&Prime; css=\u00a0\u00bb.vc_custom_1618843635309{background-color: #ffffff !important;}\u00a0\u00bb el_id=\u00a0\u00bbpr\u00a0\u00bb][vc_row_inner][vc_column_inner width=\u00a0\u00bb1\/4&Prime;][vc_single_image image=\u00a0\u00bb1394&Prime; img_size=\u00a0\u00bbfull\u00a0\u00bb alignment=\u00a0\u00bbcenter\u00a0\u00bb style=\u00a0\u00bbvc_box_shadow_border_circle_2&Prime;][\/vc_column_inner][vc_column_inner width=\u00a0\u00bb3\/4&Prime; css=\u00a0\u00bb.vc_custom_1607942391045{padding-top: 50px !important;}\u00a0\u00bb]<div class=\"edgtf-section-title-holder  edgtf-st-standard edgtf-st-title-left edgtf-st-normal-space \" >\n\t<div class=\"edgtf-st-inner\">\n\t\t\t\t\t<h3 class=\"edgtf-st-title\" >\n\t\t\t\tRp &amp; relations m\u00e9dias\t\t\t<\/h3>\n\t\t\t\t\t<\/div>\n<\/div>[\/vc_column_inner][\/vc_row_inner][vc_column_text css=\u00a0\u00bb\u00a0\u00bb]Nos experts en relations presse et en relations avec les m\u00e9dias poss\u00e8dent une connaissance approfondie du paysage m\u00e9diatique dans leurs pays respectifs. Tous entretiennent des<strong> relations \u00e9troites avec les journalistes<\/strong>, qu&rsquo;il s&rsquo;agisse de quotidiens nationaux ou r\u00e9gionaux, de cha\u00eenes de <strong>t\u00e9l\u00e9vision<\/strong> ou de <strong>radio<\/strong>, de <strong>magazines grand public<\/strong> ou encore de presse sp\u00e9cialis\u00e9e.<\/p>\n<p>Qu&rsquo;il s&rsquo;agisse de <strong>campagnes de communication<\/strong> pour faire parler de votre marque ou de media training, nos experts en relations presse peuvent vous accompagner.[\/vc_column_text][\/vc_column][\/vc_row][vc_row css=\u00a0\u00bb.vc_custom_1607942720869{padding-top: 50px !important;}\u00a0\u00bb][vc_column width=\u00a0\u00bb1\/2&Prime; css=\u00a0\u00bb.vc_custom_1618843539700{background-color: #ffffff !important;}\u00a0\u00bb el_id=\u00a0\u00bbinternal\u00a0\u00bb][vc_row_inner][vc_column_inner width=\u00a0\u00bb1\/4&Prime;][vc_single_image image=\u00a0\u00bb1409&Prime; img_size=\u00a0\u00bbfull\u00a0\u00bb alignment=\u00a0\u00bbcenter\u00a0\u00bb style=\u00a0\u00bbvc_box_shadow_border_circle_2&Prime;][\/vc_column_inner][vc_column_inner width=\u00a0\u00bb3\/4&Prime; css=\u00a0\u00bb.vc_custom_1607942225426{padding-top: 50px !important;}\u00a0\u00bb]<div class=\"edgtf-section-title-holder  edgtf-st-standard edgtf-st-title-left edgtf-st-normal-space \" >\n\t<div class=\"edgtf-st-inner\">\n\t\t\t\t\t<h3 class=\"edgtf-st-title\" >\n\t\t\t\tCommunication interne\t\t\t<\/h3>\n\t\t\t\t\t<\/div>\n<\/div>[\/vc_column_inner][\/vc_row_inner][vc_column_text css=\u00a0\u00bb\u00a0\u00bb]La nature de votre <strong>communication<\/strong> avec votre \u00e9quipe est toute aussi fondamentale que celle que vous entretenez avec vos clients. Votre \u00e9quipe est votre plus grand atout et repr\u00e9sente votre marque aupr\u00e8s des publics externes.<\/p>\n<p>Une <strong>communication interne<\/strong> efficace favorise la collaboration et la motivation, en veillant \u00e0 ce que les \u00e9quipes \u0153uvrent ensemble \u00e0 la poursuite des objectifs de votre <strong>entreprise<\/strong>.[\/vc_column_text][\/vc_column][vc_column width=\u00a0\u00bb1\/2&Prime; css=\u00a0\u00bb.vc_custom_1618843557122{background-color: #ffffff !important;}\u00a0\u00bb el_id=\u00a0\u00bbmarketing\u00a0\u00bb][vc_row_inner][vc_column_inner width=\u00a0\u00bb1\/4&Prime;][vc_single_image image=\u00a0\u00bb1414&Prime; img_size=\u00a0\u00bbfull\u00a0\u00bb alignment=\u00a0\u00bbcenter\u00a0\u00bb style=\u00a0\u00bbvc_box_shadow_border_circle_2&Prime;][\/vc_column_inner][vc_column_inner width=\u00a0\u00bb3\/4&Prime; css=\u00a0\u00bb.vc_custom_1607942391045{padding-top: 50px !important;}\u00a0\u00bb]<div class=\"edgtf-section-title-holder  edgtf-st-standard edgtf-st-title-left edgtf-st-normal-space \" >\n\t<div class=\"edgtf-st-inner\">\n\t\t\t\t\t<h3 class=\"edgtf-st-title\" >\n\t\t\t\tCommunication marketing\t\t\t<\/h3>\n\t\t\t\t\t<\/div>\n<\/div>[\/vc_column_inner][\/vc_row_inner][vc_row_inner][vc_column_inner][vc_column_text css=\u00a0\u00bb\u00a0\u00bb]Le marketing faisant partie int\u00e9grante de notre approche, <strong>l&rsquo;\u00e9quipe d&rsquo;experts APR<\/strong> <strong>r\u00e9dige des textes<\/strong> pour un large \u00e9ventail de<strong> supports marketing<\/strong>.<\/p>\n<p>Nous nous familiarisons avec vos produits, vos technologies et vos march\u00e9s afin de produire un large \u00e9ventail de supports marketing (<strong>brochures<\/strong>, <strong>infographies<\/strong>, <strong>insertions publicitaires<\/strong>, <strong>pr\u00e9sentations<\/strong> et <strong>sc\u00e9narios vid\u00e9o<\/strong>) pour soutenir vos objectifs commerciaux.[\/vc_column_text][\/vc_column_inner][\/vc_row_inner][\/vc_column][\/vc_row][vc_row css=\u00a0\u00bb.vc_custom_1607942727035{padding-top: 50px !important;}\u00a0\u00bb][vc_column width=\u00a0\u00bb1\/2&Prime; css=\u00a0\u00bb.vc_custom_1618843489736{background-color: #ffffff !important;}\u00a0\u00bb el_id=\u00a0\u00bbcrisis\u00a0\u00bb][vc_row_inner][vc_column_inner width=\u00a0\u00bb1\/4&Prime;][vc_single_image image=\u00a0\u00bb1399&Prime; img_size=\u00a0\u00bbfull\u00a0\u00bb alignment=\u00a0\u00bbcenter\u00a0\u00bb style=\u00a0\u00bbvc_box_shadow_border_circle_2&Prime;][\/vc_column_inner][vc_column_inner width=\u00a0\u00bb3\/4&Prime; css=\u00a0\u00bb.vc_custom_1607941893953{padding-top: 50px !important;}\u00a0\u00bb]<div class=\"edgtf-section-title-holder  edgtf-st-standard edgtf-st-title-left edgtf-st-normal-space \" >\n\t<div class=\"edgtf-st-inner\">\n\t\t\t\t\t<h3 class=\"edgtf-st-title\" >\n\t\t\t\tCommunication de crise\t\t\t<\/h3>\n\t\t\t\t\t<\/div>\n<\/div>[\/vc_column_inner][\/vc_row_inner][vc_column_text css=\u00a0\u00bb\u00a0\u00bb]En p\u00e9riode de crise, votre capacit\u00e9 \u00e0 communiquer avec clart\u00e9 et en temps utile rev\u00eat d&rsquo;une importance capitale. Que ce soit avec votre \u00e9quipe, <strong>la presse<\/strong> ou encore le public, la qualit\u00e9 de votre communication peut avoir une influence consid\u00e9rable sur la sortie de crise de votre entreprise.<\/p>\n<p>Forts de leur exp\u00e9rience, <strong>nos experts en relations presse<\/strong> continuent d&rsquo;aider nos clients \u00e0 traverser des moments difficiles d&rsquo;un point de vue communication, leur permettant ainsi de pr\u00e9server leur capital r\u00e9putation et de poursuivre leur activit\u00e9.[\/vc_column_text][\/vc_column][vc_column width=\u00a0\u00bb1\/2&Prime; css=\u00a0\u00bb.vc_custom_1618843592982{background-color: #ffffff !important;}\u00a0\u00bb el_id=\u00a0\u00bbevents\u00a0\u00bb][vc_row_inner][vc_column_inner width=\u00a0\u00bb1\/4&Prime;][vc_single_image image=\u00a0\u00bb778&Prime; img_size=\u00a0\u00bbfull\u00a0\u00bb alignment=\u00a0\u00bbcenter\u00a0\u00bb style=\u00a0\u00bbvc_box_shadow_border_circle_2&Prime;][\/vc_column_inner][vc_column_inner width=\u00a0\u00bb3\/4&Prime; css=\u00a0\u00bb.vc_custom_1607942391045{padding-top: 50px !important;}\u00a0\u00bb]<div class=\"edgtf-section-title-holder  edgtf-st-standard edgtf-st-title-left edgtf-st-normal-space \" >\n\t<div class=\"edgtf-st-inner\">\n\t\t\t\t\t<h3 class=\"edgtf-st-title\" >\n\t\t\t\t\u00c9v\u00e9nementiel\t\t\t<\/h3>\n\t\t\t\t\t<\/div>\n<\/div>[\/vc_column_inner][\/vc_row_inner][vc_row_inner][vc_column_inner][vc_column_text css=\u00a0\u00bb\u00a0\u00bb]Une vaste exp\u00e9rience en mati\u00e8re de conception et de gestion de tout type d&rsquo;\u00e9v\u00e9nement en ligne et en direct, ainsi qu&rsquo;un \u00e9ventail de services d\u00e9ployable \u00e0 l&rsquo;\u00e9chelle internationale.<\/p>\n<p>Notre \u00e9quipe <strong>cr\u00e9e des plateformes de r\u00e9union<\/strong> en ligne int\u00e9gr\u00e9es, des plans techniques complets et des rendus <strong>CAO 3D<\/strong>, des d\u00e9cors, une mise en sc\u00e8ne et un \u00e9clairage. Nous concevons \u00e9galement des itin\u00e9raires d\u00e9taill\u00e9s pour les invit\u00e9s afin de garantir une <strong>exp\u00e9rience optimale<\/strong> pour les visiteurs.[\/vc_column_text][\/vc_column_inner][\/vc_row_inner][\/vc_column][\/vc_row][vc_row][vc_column][vc_empty_space height=\u00a0\u00bb80&Prime;][\/vc_column][\/vc_row]<\/p>\n<\/div>","protected":false},"excerpt":{"rendered":"<p>[vc_row full_width=\u00a0\u00bbstretch_row_content_no_spaces\u00a0\u00bb][vc_column][\/vc_column][\/vc_row][vc_row][vc_column][vc_empty_space height=\u00a0\u00bb60px\u00a0\u00bb][vc_column_text css=\u00a0\u00bb\u00a0\u00bb] Les Prestations de Service Automotive PR\u00a0sont con\u00e7ues pour r\u00e9pondre aux besoins sp\u00e9cifiques des marques automobiles, en [&hellip;]<\/p>\n","protected":false},"author":4,"featured_media":0,"parent":0,"menu_order":0,"comment_status":"closed","ping_status":"closed","template":"","meta":{"footnotes":""},"class_list":["post-2005","page","type-page","status-publish","hentry"],"yoast_head":"<!-- This site is optimized with the Yoast SEO plugin v26.9 - https:\/\/yoast.com\/product\/yoast-seo-wordpress\/ -->\n<title>Prestations de Service Automotive PR<\/title>\n<meta name=\"description\" content=\"Prestations de Service Automotive PR. Strat\u00e9gie de communication, m\u00e9dias num\u00e9riques et sociaux, cr\u00e9ation de contenu, marketing et \u00e9v\u00e9nements \u00e0 l&#039;\u00e9chelle mondiale.\" \/>\n<meta name=\"robots\" content=\"index, follow, max-snippet:-1, max-image-preview:large, max-video-preview:-1\" \/>\n<link rel=\"canonical\" href=\"https:\/\/www.automotivepr.com\/fr\/prestations-de-service\/\" \/>\n<meta property=\"og:locale\" content=\"fr_FR\" \/>\n<meta property=\"og:type\" content=\"article\" \/>\n<meta property=\"og:title\" content=\"Prestations de Service Automotive PR\" \/>\n<meta property=\"og:description\" content=\"Prestations de Service Automotive PR. Strat\u00e9gie de communication, m\u00e9dias num\u00e9riques et sociaux, cr\u00e9ation de contenu, marketing et \u00e9v\u00e9nements \u00e0 l&#039;\u00e9chelle mondiale.\" \/>\n<meta property=\"og:url\" content=\"https:\/\/www.automotivepr.com\/fr\/prestations-de-service\/\" \/>\n<meta property=\"og:site_name\" content=\"Automotive Pr\" \/>\n<meta property=\"article:modified_time\" content=\"2024-11-05T18:40:40+00:00\" \/>\n<meta property=\"og:image\" content=\"https:\/\/www.automotivepr.com\/wp-content\/uploads\/2024\/02\/prueba.png\" \/>\n\t<meta property=\"og:image:width\" content=\"415\" \/>\n\t<meta property=\"og:image:height\" content=\"100\" \/>\n\t<meta property=\"og:image:type\" content=\"image\/png\" \/>\n<meta name=\"twitter:card\" content=\"summary_large_image\" \/>\n<meta name=\"twitter:label1\" content=\"Dur\u00e9e de lecture estim\u00e9e\" \/>\n\t<meta name=\"twitter:data1\" content=\"5 minutes\" \/>\n<script type=\"application\/ld+json\" class=\"yoast-schema-graph\">{\"@context\":\"https:\/\/schema.org\",\"@graph\":[{\"@type\":\"WebPage\",\"@id\":\"https:\/\/www.automotivepr.com\/fr\/prestations-de-service\/\",\"url\":\"https:\/\/www.automotivepr.com\/fr\/prestations-de-service\/\",\"name\":\"Prestations de Service Automotive PR\",\"isPartOf\":{\"@id\":\"https:\/\/www.automotivepr.com\/#website\"},\"datePublished\":\"2021-09-16T11:05:34+00:00\",\"dateModified\":\"2024-11-05T18:40:40+00:00\",\"description\":\"Prestations de Service Automotive PR. Strat\u00e9gie de communication, m\u00e9dias num\u00e9riques et sociaux, cr\u00e9ation de contenu, marketing et \u00e9v\u00e9nements \u00e0 l'\u00e9chelle mondiale.\",\"breadcrumb\":{\"@id\":\"https:\/\/www.automotivepr.com\/fr\/prestations-de-service\/#breadcrumb\"},\"inLanguage\":\"fr-FR\",\"potentialAction\":[{\"@type\":\"ReadAction\",\"target\":[\"https:\/\/www.automotivepr.com\/fr\/prestations-de-service\/\"]}]},{\"@type\":\"BreadcrumbList\",\"@id\":\"https:\/\/www.automotivepr.com\/fr\/prestations-de-service\/#breadcrumb\",\"itemListElement\":[{\"@type\":\"ListItem\",\"position\":1,\"name\":\"Portada\",\"item\":\"https:\/\/www.automotivepr.com\/fr\/\"},{\"@type\":\"ListItem\",\"position\":2,\"name\":\"Prestations de Service Automotive PR\"}]},{\"@type\":\"WebSite\",\"@id\":\"https:\/\/www.automotivepr.com\/#website\",\"url\":\"https:\/\/www.automotivepr.com\/\",\"name\":\"Automotive Pr\",\"description\":\"Driving Global Communications | Automotive PR is a global partnership of specialist communications agencies serving clients in every major automotive market.\",\"publisher\":{\"@id\":\"https:\/\/www.automotivepr.com\/#organization\"},\"alternateName\":\"Automotive Pr Driving Global Communications\",\"potentialAction\":[{\"@type\":\"SearchAction\",\"target\":{\"@type\":\"EntryPoint\",\"urlTemplate\":\"https:\/\/www.automotivepr.com\/?s={search_term_string}\"},\"query-input\":{\"@type\":\"PropertyValueSpecification\",\"valueRequired\":true,\"valueName\":\"search_term_string\"}}],\"inLanguage\":\"fr-FR\"},{\"@type\":\"Organization\",\"@id\":\"https:\/\/www.automotivepr.com\/#organization\",\"name\":\"Automotive Pr\",\"alternateName\":\"Automotive Pr Driving Global Communications\",\"url\":\"https:\/\/www.automotivepr.com\/\",\"logo\":{\"@type\":\"ImageObject\",\"inLanguage\":\"fr-FR\",\"@id\":\"https:\/\/www.automotivepr.com\/#\/schema\/logo\/image\/\",\"url\":\"https:\/\/www.automotivepr.com\/wp-content\/uploads\/2024\/02\/prueba.png\",\"contentUrl\":\"https:\/\/www.automotivepr.com\/wp-content\/uploads\/2024\/02\/prueba.png\",\"width\":415,\"height\":100,\"caption\":\"Automotive Pr\"},\"image\":{\"@id\":\"https:\/\/www.automotivepr.com\/#\/schema\/logo\/image\/\"}}]}<\/script>\n<!-- \/ Yoast SEO plugin. -->","yoast_head_json":{"title":"Prestations de Service Automotive PR","description":"Prestations de Service Automotive PR. Strat\u00e9gie de communication, m\u00e9dias num\u00e9riques et sociaux, cr\u00e9ation de contenu, marketing et \u00e9v\u00e9nements \u00e0 l'\u00e9chelle mondiale.","robots":{"index":"index","follow":"follow","max-snippet":"max-snippet:-1","max-image-preview":"max-image-preview:large","max-video-preview":"max-video-preview:-1"},"canonical":"https:\/\/www.automotivepr.com\/fr\/prestations-de-service\/","og_locale":"fr_FR","og_type":"article","og_title":"Prestations de Service Automotive PR","og_description":"Prestations de Service Automotive PR. Strat\u00e9gie de communication, m\u00e9dias num\u00e9riques et sociaux, cr\u00e9ation de contenu, marketing et \u00e9v\u00e9nements \u00e0 l'\u00e9chelle mondiale.","og_url":"https:\/\/www.automotivepr.com\/fr\/prestations-de-service\/","og_site_name":"Automotive Pr","article_modified_time":"2024-11-05T18:40:40+00:00","og_image":[{"width":415,"height":100,"url":"https:\/\/www.automotivepr.com\/wp-content\/uploads\/2024\/02\/prueba.png","type":"image\/png"}],"twitter_card":"summary_large_image","twitter_misc":{"Dur\u00e9e de lecture estim\u00e9e":"5 minutes"},"schema":{"@context":"https:\/\/schema.org","@graph":[{"@type":"WebPage","@id":"https:\/\/www.automotivepr.com\/fr\/prestations-de-service\/","url":"https:\/\/www.automotivepr.com\/fr\/prestations-de-service\/","name":"Prestations de Service Automotive PR","isPartOf":{"@id":"https:\/\/www.automotivepr.com\/#website"},"datePublished":"2021-09-16T11:05:34+00:00","dateModified":"2024-11-05T18:40:40+00:00","description":"Prestations de Service Automotive PR. Strat\u00e9gie de communication, m\u00e9dias num\u00e9riques et sociaux, cr\u00e9ation de contenu, marketing et \u00e9v\u00e9nements \u00e0 l'\u00e9chelle mondiale.","breadcrumb":{"@id":"https:\/\/www.automotivepr.com\/fr\/prestations-de-service\/#breadcrumb"},"inLanguage":"fr-FR","potentialAction":[{"@type":"ReadAction","target":["https:\/\/www.automotivepr.com\/fr\/prestations-de-service\/"]}]},{"@type":"BreadcrumbList","@id":"https:\/\/www.automotivepr.com\/fr\/prestations-de-service\/#breadcrumb","itemListElement":[{"@type":"ListItem","position":1,"name":"Portada","item":"https:\/\/www.automotivepr.com\/fr\/"},{"@type":"ListItem","position":2,"name":"Prestations de Service Automotive PR"}]},{"@type":"WebSite","@id":"https:\/\/www.automotivepr.com\/#website","url":"https:\/\/www.automotivepr.com\/","name":"Automotive Pr","description":"Driving Global Communications | Automotive PR is a global partnership of specialist communications agencies serving clients in every major automotive market.","publisher":{"@id":"https:\/\/www.automotivepr.com\/#organization"},"alternateName":"Automotive Pr Driving Global Communications","potentialAction":[{"@type":"SearchAction","target":{"@type":"EntryPoint","urlTemplate":"https:\/\/www.automotivepr.com\/?s={search_term_string}"},"query-input":{"@type":"PropertyValueSpecification","valueRequired":true,"valueName":"search_term_string"}}],"inLanguage":"fr-FR"},{"@type":"Organization","@id":"https:\/\/www.automotivepr.com\/#organization","name":"Automotive Pr","alternateName":"Automotive Pr Driving Global Communications","url":"https:\/\/www.automotivepr.com\/","logo":{"@type":"ImageObject","inLanguage":"fr-FR","@id":"https:\/\/www.automotivepr.com\/#\/schema\/logo\/image\/","url":"https:\/\/www.automotivepr.com\/wp-content\/uploads\/2024\/02\/prueba.png","contentUrl":"https:\/\/www.automotivepr.com\/wp-content\/uploads\/2024\/02\/prueba.png","width":415,"height":100,"caption":"Automotive Pr"},"image":{"@id":"https:\/\/www.automotivepr.com\/#\/schema\/logo\/image\/"}}]}},"_links":{"self":[{"href":"https:\/\/www.automotivepr.com\/fr\/wp-json\/wp\/v2\/pages\/2005","targetHints":{"allow":["GET"]}}],"collection":[{"href":"https:\/\/www.automotivepr.com\/fr\/wp-json\/wp\/v2\/pages"}],"about":[{"href":"https:\/\/www.automotivepr.com\/fr\/wp-json\/wp\/v2\/types\/page"}],"author":[{"embeddable":true,"href":"https:\/\/www.automotivepr.com\/fr\/wp-json\/wp\/v2\/users\/4"}],"replies":[{"embeddable":true,"href":"https:\/\/www.automotivepr.com\/fr\/wp-json\/wp\/v2\/comments?post=2005"}],"version-history":[{"count":0,"href":"https:\/\/www.automotivepr.com\/fr\/wp-json\/wp\/v2\/pages\/2005\/revisions"}],"wp:attachment":[{"href":"https:\/\/www.automotivepr.com\/fr\/wp-json\/wp\/v2\/media?parent=2005"}],"curies":[{"name":"wp","href":"https:\/\/api.w.org\/{rel}","templated":true}]}}