{"id":5620,"date":"2026-01-30T13:50:48","date_gmt":"2026-01-30T13:50:48","guid":{"rendered":"https:\/\/www.automotivepr.com\/?page_id=5620"},"modified":"2026-02-26T11:03:39","modified_gmt":"2026-02-26T11:03:39","slug":"belle-moss","status":"publish","type":"page","link":"https:\/\/www.automotivepr.com\/fr\/belle-moss\/","title":{"rendered":"Belle Moss"},"content":{"rendered":"<div class=\"wpb-content-wrapper\"><p>[vc_row][vc_column width=\u00a0\u00bb1\/3&Prime;][vc_empty_space][vc_column_text css=\u00a0\u00bb\u00a0\u00bb]<\/p>\n<h5><span style=\"color: #000080;\">Nom: <strong>Belle Moss<\/strong><br \/>\n<\/span><\/h5>\n<h5><span style=\"color: #000080;\"><strong>Poste au sein de l\u2019entreprise: Directrice, Torque Agency Group<br \/>\n<br \/><\/strong><\/span><\/h5>\n<h5><span style=\"color: #000080;\">Ville d\u2019origine: <strong>Londres<\/strong><br \/>\n<\/span><\/h5>\n<p>[\/vc_column_text][vc_empty_space][vc_single_image image=\u00a0\u00bb5627&Prime; img_size=\u00a0\u00bbfull\u00a0\u00bb alignment=\u00a0\u00bbcenter\u00a0\u00bb css=\u00a0\u00bb\u00a0\u00bb][\/vc_column][vc_column width=\u00a0\u00bb2\/3&Prime;][vc_empty_space][vc_tta_accordion title_tag=\u00a0\u00bbh3&Prime; section_title_tag=\u00a0\u00bbh5&Prime; active_section=\u00a0\u00bb1&Prime;][vc_tta_section title=\u00a0\u00bbQuestion : Comment avez-vous d\u00e9but\u00e9 dans la communication automobile ??\u00a0\u00bb tab_id=\u00a0\u00bb1761146944545-3e09d2f7-056b\u00a0\u00bb][vc_column_text css=\u00a0\u00bb\u00a0\u00bb]En r\u00e9alit\u00e9, je suis arriv\u00e9e dans ce domaine un peu par hasard. Il y a tr\u00e8s longtemps, je venais de rentrer d\u2019un voyage en Asie du Sud-Est et mon beau-p\u00e8re, Martin Hayes, m\u2019a propos\u00e9 un emploi \u00e0 temps partiel pendant que je r\u00e9fl\u00e9chissais \u00e0 la suite. J\u2019ai \u00e9t\u00e9 embauch\u00e9e pour faire un peu d\u2019administration et, en fait, je ne suis jamais repartie ! Quelques d\u00e9cennies ont pass\u00e9 et je suis toujours l\u00e0, m\u00eame si j\u2019\u00e9volue aujourd\u2019hui dans un paysage m\u00e9diatique tr\u00e8s diff\u00e9rent. Cependant, les fondamentaux du poste et les personnes qui le rendent si enrichissant sont rest\u00e9s les m\u00eames, et c\u2019est ce qui me donne envie de continuer.[\/vc_column_text][\/vc_tta_section][vc_tta_section title=\u00a0\u00bb\u00c0 quoi ressemble une journ\u00e9e type pour vous ?\u00a0\u00bb tab_id=\u00a0\u00bb1761146944555-801dcbcd-c220&Prime;][vc_column_text css=\u00a0\u00bb\u00a0\u00bb]Honn\u00eatement, c\u2019est un v\u00e9ritable exercice d\u2019\u00e9quilibriste. \u00catre \u00e0 la t\u00eate d\u2019une petite entreprise signifie devoir ma\u00eetriser des comp\u00e9tences tr\u00e8s vari\u00e9es, donc chaque journ\u00e9e est un m\u00e9lange d\u2019activit\u00e9s commerciales, de travail avec les clients et de gestion de notre formidable \u00e9quipe.[\/vc_column_text][\/vc_tta_section][vc_tta_section title=\u00a0\u00bbQuel est l&apos;outil, la ressource ou la personne sans lequel vous ne pourriez pas faire votre travail ?\u00a0\u00bb tab_id=\u00a0\u00bb1761147147022-7047ccf9-9450&Prime;][vc_column_text css=\u00a0\u00bb\u00a0\u00bb]Une liste de t\u00e2ches longue et d\u00e9taill\u00e9e ! J\u2019ai une m\u00e9moire absolument terrible : si ce n\u2019est pas not\u00e9 imm\u00e9diatement, \u00e7a dispara\u00eet de mon esprit.[\/vc_column_text][\/vc_tta_section][vc_tta_section title=\u00a0\u00bbComment d\u00e9cririez-vous votre paysage m\u00e9diatique local (par exemple, diversifi\u00e9, domin\u00e9 par quelques m\u00e9dias cl\u00e9s, fortement num\u00e9rique) ?\u00a0\u00bb tab_id=\u00a0\u00bb1761147199491-11d7c0c0-5d50&Prime;][vc_column_text css=\u00a0\u00bb\u00a0\u00bb]Je dirais que le paysage m\u00e9diatique britannique est incroyablement diversifi\u00e9. On y trouve de nombreux magazines et journaux historiques qui collaborent avec les m\u00e9dias num\u00e9riques et un groupe d&rsquo;influenceurs en constante expansion. Il est toujours passionnant d&rsquo;adapter les canaux de communication aux besoins des clients et \u00e0 leurs publics ; la satisfaction de voir des campagnes r\u00e9ussies se r\u00e9aliser est intacte, quel que soit le format.[\/vc_column_text][\/vc_tta_section][vc_tta_section title=\u00a0\u00bbQuels conseils nous donneriez-vous \u00e0 toute personne qui d\u00e9bute une carri\u00e8re dans la communication automobile ?\u00a0\u00bb tab_id=\u00a0\u00bb1761147348051-e06ef497-cc7c\u00a0\u00bb][vc_column_text css=\u00a0\u00bb\u00a0\u00bb]\u00c9couter et apprendre. Je n\u2019ai jamais suivi de formation formelle, donc tout ce que j\u2019ai appris de vraiment important l\u2019a \u00e9t\u00e9 en observant les autres et en apprenant sur le terrain. Il y a \u00e9norm\u00e9ment de personnes passionn\u00e9es dans notre industrie, et elles font d\u2019excellents mentors pour la prochaine g\u00e9n\u00e9ration.[\/vc_column_text][\/vc_tta_section][vc_tta_section title=\u00a0\u00bbSelon vous, quel est le secret de votre r\u00e9ussite personnelle ou professionnelle ?\u00a0\u00bb tab_id=\u00a0\u00bb1761147392426-b32424b4-063a\u00a0\u00bb][vc_column_text css=\u00a0\u00bb\u00a0\u00bb]Les personnes ! Au d\u00e9but, \u00e0 la fin et partout entre les deux. Les relations avec les clients, les journalistes, les influenceurs et entre nous sont essentielles. C\u2019est ce qui fait de notre industrie un environnement de travail aussi formidable et ce qui permet \u00e0 tant d\u2019entre nous de rester engag\u00e9s tout au long de leur carri\u00e8re. Au fil des d\u00e9cennies, j\u2019ai rencontr\u00e9 des personnes incroyables, passionn\u00e9es et extr\u00eamement atypiques, et je me sens tr\u00e8s privil\u00e9gi\u00e9e de faire partie de cette communaut\u00e9.[\/vc_column_text][\/vc_tta_section][vc_tta_section title=\u00a0\u00bbSi nous visitions votre ville ou votre r\u00e9gion, quelle exp\u00e9rience, quel lieu ou quelle sp\u00e9cialit\u00e9 recommanderiez-vous ?\u00a0\u00bb tab_id=\u00a0\u00bb1761147482690-e55a02cc-bb61&Prime;][vc_column_text css=\u00a0\u00bb\u00a0\u00bb]Il est difficile de ne recommander qu\u2019une seule chose \u00e0 Londres, alors je vais choisir quelque chose qui ne se d\u00e9mode jamais \u00e0 mes yeux. Montez dans un taxi : le centre de Londres la nuit est absolument magique ![\/vc_column_text][\/vc_tta_section][vc_tta_section title=\u00a0\u00bbPouvez-vous nous partager un fait amusant \u00e0 votre sujet que les gens ne connaissent peut-\u00eatre pas ?\u00a0\u00bb tab_id=\u00a0\u00bb1769763783817-d7a5fc77-ead1&Prime;][vc_column_text css=\u00a0\u00bb\u00a0\u00bb]Je suis instructrice certifi\u00e9e en mindfulness.[\/vc_column_text][\/vc_tta_section][\/vc_tta_accordion][\/vc_column][\/vc_row]<\/p>\n<\/div>","protected":false},"excerpt":{"rendered":"<p>[vc_row][vc_column width=\u00a0\u00bb1\/3&Prime;][vc_empty_space][vc_column_text css=\u00a0\u00bb\u00a0\u00bb] Nom: Belle Moss Poste au sein de l\u2019entreprise: Directrice, Torque Agency Group Ville d\u2019origine: Londres [\/vc_column_text][vc_empty_space][vc_single_image image=\u00a0\u00bb5627&Prime; [&hellip;]<\/p>\n","protected":false},"author":2,"featured_media":0,"parent":0,"menu_order":0,"comment_status":"closed","ping_status":"closed","template":"","meta":{"footnotes":""},"class_list":["post-5620","page","type-page","status-publish","hentry"],"yoast_head":"<!-- This site is optimized with the Yoast SEO plugin v26.9 - https:\/\/yoast.com\/product\/yoast-seo-wordpress\/ -->\n<title>Belle Moss | Automotive Pr<\/title>\n<meta name=\"description\" content=\"Belle Moss\" \/>\n<meta name=\"robots\" content=\"index, follow, max-snippet:-1, max-image-preview:large, max-video-preview:-1\" \/>\n<link rel=\"canonical\" href=\"https:\/\/www.automotivepr.com\/fr\/belle-moss\/\" \/>\n<meta property=\"og:locale\" content=\"fr_FR\" \/>\n<meta property=\"og:type\" content=\"article\" \/>\n<meta property=\"og:title\" content=\"Belle Moss | Automotive Pr\" \/>\n<meta property=\"og:description\" content=\"Belle Moss\" \/>\n<meta property=\"og:url\" content=\"https:\/\/www.automotivepr.com\/fr\/belle-moss\/\" \/>\n<meta property=\"og:site_name\" content=\"Automotive Pr\" \/>\n<meta property=\"article:modified_time\" content=\"2026-02-26T11:03:39+00:00\" \/>\n<meta property=\"og:image\" content=\"https:\/\/www.automotivepr.com\/wp-content\/uploads\/2024\/02\/prueba.png\" \/>\n\t<meta property=\"og:image:width\" content=\"415\" \/>\n\t<meta property=\"og:image:height\" content=\"100\" \/>\n\t<meta property=\"og:image:type\" content=\"image\/png\" \/>\n<meta name=\"twitter:card\" content=\"summary_large_image\" \/>\n<meta name=\"twitter:label1\" content=\"Dur\u00e9e de lecture estim\u00e9e\" \/>\n\t<meta name=\"twitter:data1\" content=\"8 minutes\" \/>\n<script type=\"application\/ld+json\" class=\"yoast-schema-graph\">{\"@context\":\"https:\/\/schema.org\",\"@graph\":[{\"@type\":\"WebPage\",\"@id\":\"https:\/\/www.automotivepr.com\/fr\/belle-moss\/\",\"url\":\"https:\/\/www.automotivepr.com\/fr\/belle-moss\/\",\"name\":\"Belle Moss | Automotive Pr\",\"isPartOf\":{\"@id\":\"https:\/\/www.automotivepr.com\/#website\"},\"datePublished\":\"2026-01-30T13:50:48+00:00\",\"dateModified\":\"2026-02-26T11:03:39+00:00\",\"description\":\"Belle Moss\",\"breadcrumb\":{\"@id\":\"https:\/\/www.automotivepr.com\/fr\/belle-moss\/#breadcrumb\"},\"inLanguage\":\"fr-FR\",\"potentialAction\":[{\"@type\":\"ReadAction\",\"target\":[\"https:\/\/www.automotivepr.com\/fr\/belle-moss\/\"]}]},{\"@type\":\"BreadcrumbList\",\"@id\":\"https:\/\/www.automotivepr.com\/fr\/belle-moss\/#breadcrumb\",\"itemListElement\":[{\"@type\":\"ListItem\",\"position\":1,\"name\":\"Portada\",\"item\":\"https:\/\/www.automotivepr.com\/fr\/\"},{\"@type\":\"ListItem\",\"position\":2,\"name\":\"Belle Moss\"}]},{\"@type\":\"WebSite\",\"@id\":\"https:\/\/www.automotivepr.com\/#website\",\"url\":\"https:\/\/www.automotivepr.com\/\",\"name\":\"Automotive Pr\",\"description\":\"Driving Global Communications | Automotive PR is a global partnership of specialist communications agencies serving clients in every major automotive market.\",\"publisher\":{\"@id\":\"https:\/\/www.automotivepr.com\/#organization\"},\"alternateName\":\"Automotive Pr Driving Global Communications\",\"potentialAction\":[{\"@type\":\"SearchAction\",\"target\":{\"@type\":\"EntryPoint\",\"urlTemplate\":\"https:\/\/www.automotivepr.com\/?s={search_term_string}\"},\"query-input\":{\"@type\":\"PropertyValueSpecification\",\"valueRequired\":true,\"valueName\":\"search_term_string\"}}],\"inLanguage\":\"fr-FR\"},{\"@type\":\"Organization\",\"@id\":\"https:\/\/www.automotivepr.com\/#organization\",\"name\":\"Automotive Pr\",\"alternateName\":\"Automotive Pr Driving Global Communications\",\"url\":\"https:\/\/www.automotivepr.com\/\",\"logo\":{\"@type\":\"ImageObject\",\"inLanguage\":\"fr-FR\",\"@id\":\"https:\/\/www.automotivepr.com\/#\/schema\/logo\/image\/\",\"url\":\"https:\/\/www.automotivepr.com\/wp-content\/uploads\/2024\/02\/prueba.png\",\"contentUrl\":\"https:\/\/www.automotivepr.com\/wp-content\/uploads\/2024\/02\/prueba.png\",\"width\":415,\"height\":100,\"caption\":\"Automotive Pr\"},\"image\":{\"@id\":\"https:\/\/www.automotivepr.com\/#\/schema\/logo\/image\/\"}}]}<\/script>\n<!-- \/ Yoast SEO plugin. -->","yoast_head_json":{"title":"Belle Moss | Automotive Pr","description":"Belle Moss","robots":{"index":"index","follow":"follow","max-snippet":"max-snippet:-1","max-image-preview":"max-image-preview:large","max-video-preview":"max-video-preview:-1"},"canonical":"https:\/\/www.automotivepr.com\/fr\/belle-moss\/","og_locale":"fr_FR","og_type":"article","og_title":"Belle Moss | Automotive Pr","og_description":"Belle Moss","og_url":"https:\/\/www.automotivepr.com\/fr\/belle-moss\/","og_site_name":"Automotive Pr","article_modified_time":"2026-02-26T11:03:39+00:00","og_image":[{"width":415,"height":100,"url":"https:\/\/www.automotivepr.com\/wp-content\/uploads\/2024\/02\/prueba.png","type":"image\/png"}],"twitter_card":"summary_large_image","twitter_misc":{"Dur\u00e9e de lecture estim\u00e9e":"8 minutes"},"schema":{"@context":"https:\/\/schema.org","@graph":[{"@type":"WebPage","@id":"https:\/\/www.automotivepr.com\/fr\/belle-moss\/","url":"https:\/\/www.automotivepr.com\/fr\/belle-moss\/","name":"Belle Moss | Automotive Pr","isPartOf":{"@id":"https:\/\/www.automotivepr.com\/#website"},"datePublished":"2026-01-30T13:50:48+00:00","dateModified":"2026-02-26T11:03:39+00:00","description":"Belle Moss","breadcrumb":{"@id":"https:\/\/www.automotivepr.com\/fr\/belle-moss\/#breadcrumb"},"inLanguage":"fr-FR","potentialAction":[{"@type":"ReadAction","target":["https:\/\/www.automotivepr.com\/fr\/belle-moss\/"]}]},{"@type":"BreadcrumbList","@id":"https:\/\/www.automotivepr.com\/fr\/belle-moss\/#breadcrumb","itemListElement":[{"@type":"ListItem","position":1,"name":"Portada","item":"https:\/\/www.automotivepr.com\/fr\/"},{"@type":"ListItem","position":2,"name":"Belle Moss"}]},{"@type":"WebSite","@id":"https:\/\/www.automotivepr.com\/#website","url":"https:\/\/www.automotivepr.com\/","name":"Automotive Pr","description":"Driving Global Communications | Automotive PR is a global partnership of specialist communications agencies serving clients in every major automotive market.","publisher":{"@id":"https:\/\/www.automotivepr.com\/#organization"},"alternateName":"Automotive Pr Driving Global Communications","potentialAction":[{"@type":"SearchAction","target":{"@type":"EntryPoint","urlTemplate":"https:\/\/www.automotivepr.com\/?s={search_term_string}"},"query-input":{"@type":"PropertyValueSpecification","valueRequired":true,"valueName":"search_term_string"}}],"inLanguage":"fr-FR"},{"@type":"Organization","@id":"https:\/\/www.automotivepr.com\/#organization","name":"Automotive Pr","alternateName":"Automotive Pr Driving Global Communications","url":"https:\/\/www.automotivepr.com\/","logo":{"@type":"ImageObject","inLanguage":"fr-FR","@id":"https:\/\/www.automotivepr.com\/#\/schema\/logo\/image\/","url":"https:\/\/www.automotivepr.com\/wp-content\/uploads\/2024\/02\/prueba.png","contentUrl":"https:\/\/www.automotivepr.com\/wp-content\/uploads\/2024\/02\/prueba.png","width":415,"height":100,"caption":"Automotive Pr"},"image":{"@id":"https:\/\/www.automotivepr.com\/#\/schema\/logo\/image\/"}}]}},"_links":{"self":[{"href":"https:\/\/www.automotivepr.com\/fr\/wp-json\/wp\/v2\/pages\/5620","targetHints":{"allow":["GET"]}}],"collection":[{"href":"https:\/\/www.automotivepr.com\/fr\/wp-json\/wp\/v2\/pages"}],"about":[{"href":"https:\/\/www.automotivepr.com\/fr\/wp-json\/wp\/v2\/types\/page"}],"author":[{"embeddable":true,"href":"https:\/\/www.automotivepr.com\/fr\/wp-json\/wp\/v2\/users\/2"}],"replies":[{"embeddable":true,"href":"https:\/\/www.automotivepr.com\/fr\/wp-json\/wp\/v2\/comments?post=5620"}],"version-history":[{"count":8,"href":"https:\/\/www.automotivepr.com\/fr\/wp-json\/wp\/v2\/pages\/5620\/revisions"}],"predecessor-version":[{"id":5679,"href":"https:\/\/www.automotivepr.com\/fr\/wp-json\/wp\/v2\/pages\/5620\/revisions\/5679"}],"wp:attachment":[{"href":"https:\/\/www.automotivepr.com\/fr\/wp-json\/wp\/v2\/media?parent=5620"}],"curies":[{"name":"wp","href":"https:\/\/api.w.org\/{rel}","templated":true}]}}